{"id":559512,"date":"2026-04-24T09:53:24","date_gmt":"2026-04-24T07:53:24","guid":{"rendered":"https:\/\/www.yonelle.pl\/?post_type=product&#038;p=559512"},"modified":"2026-04-27T13:44:15","modified_gmt":"2026-04-27T11:44:15","slug":"infusion-lift-intensywnie-liftingujace-serum-ujedrniajace","status":"publish","type":"product","link":"https:\/\/www.yonelle.pl\/hu\/produkt\/infusion-lift-intensywnie-liftingujace-serum-ujedrniajace\/","title":{"rendered":"INFUS\u00cdON LIFT Intenz\u00edven Liftingel\u0151 Feszes\u00edt\u0151 Sz\u00e9rum"},"content":{"rendered":"","protected":false},"excerpt":{"rendered":"<p><span style=\"font-size: 11.0pt; line-height: 116%;\">Fejlett <b>liftingel\u0151 \u00e9s r\u00e1nctalan\u00edt\u00f3 sz\u00e9rum DUO-RETINOLLAL<\/b> az arc, nyak \u00e9s dekolt\u00e1zs \u00e1pol\u00e1s\u00e1ra. \u00c9rett b\u0151rre k\u00e9sz\u00fclt, bele\u00e9rtve az \u00e9rz\u00e9keny, k\u00fcl\u00f6n\u00f6sen a petyh\u00fcdt, v\u00e9kony, \u201epergamen\u201d szerkezet\u0171, r\u00e1ncos b\u0151rt. Biztos\u00edtja a <b>koncentr\u00e1lt lifting impulzust<\/b>, amely <b>fokozza az \u00e1pol\u00e1s hat\u00e1s\u00e1t \u00e9s er\u0151s\u00edti annak eredm\u00e9nyeit minden szakaszban<\/b>. \u00d6tv\u00f6zi a kollag\u00e9n er\u0151s stimul\u00e1l\u00e1s\u00e1t a lifting hat\u00e1ssal, mik\u00f6zben magas toleranci\u00e1t biztos\u00edt.\u00a0<\/span><\/p>\n","protected":false},"featured_media":559504,"comment_status":"closed","ping_status":"closed","template":"","meta":{"_acf_changed":false,"inline_featured_image":false},"product_brand":[],"product_cat":[1755],"product_tag":[1344,1263,1264,1316,1270,1526,1268,1346,1271,1273,1275,1276,1277,1289,1278,1740,1279],"class_list":{"0":"post-559512","1":"product","2":"type-product","3":"status-publish","4":"has-post-thumbnail","6":"product_cat-infusion-lift","7":"product_tag-arcapolo-szerum","8":"product_tag-bardzo-dojrzala-skora-hu","9":"product_tag-dojrzala-skora-hu","10":"product_tag-egyenetlen-szinu-erett-bor","11":"product_tag-konturjavitas-lifting","12":"product_tag-kremy-serum-na-dzien-noc-en-hu","13":"product_tag-mlodzienczy-blask-hu","14":"product_tag-nyak-es-dekoltazskrem","15":"product_tag-rancok-csokkentese","16":"product_tag-skora-mieszana-hu","17":"product_tag-skora-normalna-hu","18":"product_tag-skora-sucha-hu","19":"product_tag-skora-tlusta-hu","20":"product_tag-skora-wrazliwa-hu","21":"product_tag-ujedrnienie-hu","22":"product_tag-wygladzenie-skory-hu","23":"product_tag-wygladzenie-zmarszczek-hu","24":"pa_dzialanie-dojrzala-skora-o-nierownym-kolorycie-hu","25":"pa_dzialanie-dojrzala-skora-slabo-nawodniona-hu","26":"pa_dzialanie-dojrzala-skora-wrazliwa-hu","27":"pa_dzialanie-poprawa-owalu-lifting-hu","28":"pa_dzialanie-redukcja-zmarszczek-hu","30":"first","31":"instock","32":"shipping-taxable","33":"purchasable","34":"product-type-simple"},"acf":[],"df_price":389,"df_sale_price":"","df_regular_price":389,"df_image_link":"https:\/\/www.yonelle.pl\/wp-content\/uploads\/2026\/02\/INFUSION-LIFT_Intensywnie-Liftingujace-Serum-Ujedrniajace-dzien-noc_small-300x300.jpg","_links":{"self":[{"href":"https:\/\/www.yonelle.pl\/hu\/wp-json\/wp\/v2\/product\/559512","targetHints":{"allow":["GET"]}}],"collection":[{"href":"https:\/\/www.yonelle.pl\/hu\/wp-json\/wp\/v2\/product"}],"about":[{"href":"https:\/\/www.yonelle.pl\/hu\/wp-json\/wp\/v2\/types\/product"}],"replies":[{"embeddable":true,"href":"https:\/\/www.yonelle.pl\/hu\/wp-json\/wp\/v2\/comments?post=559512"}],"wp:featuredmedia":[{"embeddable":true,"href":"https:\/\/www.yonelle.pl\/hu\/wp-json\/wp\/v2\/media\/559504"}],"wp:attachment":[{"href":"https:\/\/www.yonelle.pl\/hu\/wp-json\/wp\/v2\/media?parent=559512"}],"wp:term":[{"taxonomy":"product_brand","embeddable":true,"href":"https:\/\/www.yonelle.pl\/hu\/wp-json\/wp\/v2\/product_brand?post=559512"},{"taxonomy":"product_cat","embeddable":true,"href":"https:\/\/www.yonelle.pl\/hu\/wp-json\/wp\/v2\/product_cat?post=559512"},{"taxonomy":"product_tag","embeddable":true,"href":"https:\/\/www.yonelle.pl\/hu\/wp-json\/wp\/v2\/product_tag?post=559512"}],"curies":[{"name":"wp","href":"https:\/\/api.w.org\/{rel}","templated":true}]}}