{"id":559452,"date":"2026-04-24T09:56:07","date_gmt":"2026-04-24T07:56:07","guid":{"rendered":"https:\/\/www.yonelle.pl\/?post_type=product&#038;p=559452"},"modified":"2026-04-27T13:39:12","modified_gmt":"2026-04-27T11:39:12","slug":"infusion-lift-pro-liftingujacy-krem-pod-oczy","status":"publish","type":"product","link":"https:\/\/www.yonelle.pl\/hu\/produkt\/infusion-lift-pro-liftingujacy-krem-pod-oczy\/","title":{"rendered":"INFUS\u00cdON LIFT Pro-Lifting Szemk\u00f6rny\u00e9k\u00e1pol\u00f3 Kr\u00e9m"},"content":{"rendered":"","protected":false},"excerpt":{"rendered":"<p><span class=\"TextRun SCXW140127405 BCX8\" lang=\"PL-PL\" xml:lang=\"PL-PL\" data-contrast=\"auto\"><span class=\"NormalTextRun SCXW140127405 BCX8\">Magas technol\u00f3gi\u00e1j\u00fa szemk\u00f6rny\u00e9k\u00e1pol\u00f3 kr\u00e9m <strong>DUO-RETINOLLAL \u00e9s feszes\u00edt\u0151 h\u00e1l\u00f3val, amely intenz\u00edv lifting \u00e9s r\u00e1nctalan\u00edt\u00f3 ter\u00e1pi\u00e1t ny\u00fajt<\/strong><\/span><\/span><strong><span class=\"TextRun SCXW140127405 BCX8\" lang=\"PL-PL\" xml:lang=\"PL-PL\" data-contrast=\"auto\"><span class=\"NormalTextRun SCXW140127405 BCX8\">. Minden koroszt\u00e1ly \u00e9rett b\u0151r\u00e9re. Hat\u00e9konyan kezeli a mimikai r\u00e1ncokat \u00e9s a szemh\u00e9j b\u0151r\u00e9nek megereszked\u00e9s\u00e9t, l\u00e1that\u00f3an fiatal\u00edtva a tekintetet. <\/span><\/span><\/strong><span class=\"TextRun SCXW140127405 BCX8\" lang=\"PL-PL\" xml:lang=\"PL-PL\" data-contrast=\"auto\"><span class=\"NormalTextRun SCXW140127405 BCX8\">M\u00e1r az els\u0151 alkalmaz\u00e1s ut\u00e1n azonnali mikro-feszes\u00edt\u0151 \u00e9s finom vonalakat sim\u00edt\u00f3 hat\u00e1st biztos\u00edt. <\/span><\/span><strong><span class=\"TextRun SCXW140127405 BCX8\" lang=\"PL-PL\" xml:lang=\"PL-PL\" data-contrast=\"auto\"><span class=\"NormalTextRun SCXW140127405 BCX8\">A finom nude \u00e1rnyalat optikailag kiegyenl\u00edti a szemk\u00f6rny\u00e9k sz\u00edn\u00e9t, visszaadva annak frissess\u00e9g\u00e9t \u00e9s enyhe ragyog\u00e1s\u00e1t.<\/span><\/span><\/strong><\/p>\n","protected":false},"featured_media":559392,"comment_status":"closed","ping_status":"closed","template":"","meta":{"_acf_changed":false,"inline_featured_image":false},"product_brand":[],"product_cat":[1755],"product_tag":[1263,1361,1362,1363,1365,1366,1271,1272,1273,1275,1277,1367,1342],"class_list":{"0":"post-559452","1":"product","2":"type-product","3":"status-publish","4":"has-post-thumbnail","6":"product_cat-infusion-lift","7":"product_tag-bardzo-dojrzala-skora-hu","8":"product_tag-brak-jedrnosci-i-elastycznosci-pod-oczami-hu","9":"product_tag-cienie-i-nierowny-koloryt-pod-oczami-hu","10":"product_tag-krem-pod-oczy-hu","11":"product_tag-linie-i-zmarszczki-pod-oczami-hu","12":"product_tag-opuchniecia-i-worki-pod-oczami-hu","13":"product_tag-rancok-csokkentese","14":"product_tag-rozswietlenie-hu","15":"product_tag-skora-mieszana-hu","16":"product_tag-skora-normalna-hu","17":"product_tag-skora-tlusta-hu","18":"product_tag-szem-alatti-taskak","19":"product_tag-szemkrem-szerum","20":"pa_dzialanie-worki-pod-oczami-hu","21":"pa_dzialanie-dojrzala-skora-o-nierownym-kolorycie-hu","22":"pa_dzialanie-redukcja-zmarszczek-hu","23":"pa_dzialanie-zmarszczki-mimiczne-hu","24":"pa_zastosowanie-kremy-serum-pod-oczy-hu","26":"first","27":"instock","28":"shipping-taxable","29":"purchasable","30":"product-type-simple"},"acf":[],"df_price":329,"df_sale_price":"","df_regular_price":329,"df_image_link":"https:\/\/www.yonelle.pl\/wp-content\/uploads\/2026\/04\/INFUSION-LIFT-Pro-Liftingujacy-Krem-Pod-Oczy-dzien-noc_small-300x300.jpg","_links":{"self":[{"href":"https:\/\/www.yonelle.pl\/hu\/wp-json\/wp\/v2\/product\/559452","targetHints":{"allow":["GET"]}}],"collection":[{"href":"https:\/\/www.yonelle.pl\/hu\/wp-json\/wp\/v2\/product"}],"about":[{"href":"https:\/\/www.yonelle.pl\/hu\/wp-json\/wp\/v2\/types\/product"}],"replies":[{"embeddable":true,"href":"https:\/\/www.yonelle.pl\/hu\/wp-json\/wp\/v2\/comments?post=559452"}],"wp:featuredmedia":[{"embeddable":true,"href":"https:\/\/www.yonelle.pl\/hu\/wp-json\/wp\/v2\/media\/559392"}],"wp:attachment":[{"href":"https:\/\/www.yonelle.pl\/hu\/wp-json\/wp\/v2\/media?parent=559452"}],"wp:term":[{"taxonomy":"product_brand","embeddable":true,"href":"https:\/\/www.yonelle.pl\/hu\/wp-json\/wp\/v2\/product_brand?post=559452"},{"taxonomy":"product_cat","embeddable":true,"href":"https:\/\/www.yonelle.pl\/hu\/wp-json\/wp\/v2\/product_cat?post=559452"},{"taxonomy":"product_tag","embeddable":true,"href":"https:\/\/www.yonelle.pl\/hu\/wp-json\/wp\/v2\/product_tag?post=559452"}],"curies":[{"name":"wp","href":"https:\/\/api.w.org\/{rel}","templated":true}]}}