{"id":518003,"date":"2025-09-05T15:45:49","date_gmt":"2025-09-05T13:45:49","guid":{"rendered":"https:\/\/www.yonelle.pl\/produkt\/nutrifusion-ultra-naprawczy-krem-do-ciala-z-ceramidami-supreme\/"},"modified":"2026-03-31T14:55:03","modified_gmt":"2026-03-31T12:55:03","slug":"nutrifusion-ultra-naprawczy-krem-do-ciala-z-ceramidami-supreme","status":"publish","type":"product","link":"https:\/\/www.yonelle.pl\/hu\/produkt\/nutrifusion-ultra-naprawczy-krem-do-ciala-z-ceramidami-supreme\/","title":{"rendered":"NUTRIFUS\u00cdON Ultra-Jav\u00edt\u00f3 Test\u00e1pol\u00f3 Kr\u00e9m Ceramidokkal Supreme"},"content":{"rendered":"","protected":false},"excerpt":{"rendered":"<p>Ultra jav\u00edt\u00f3 anti-aging test\u00e1pol\u00f3 kr\u00e9m sz\u00e1raz \u00e9s \u00e9rz\u00e9keny b\u0151rre. Gazdag lipid formula <span data-olk-copy-source=\"MessageBody\">t\u00f6k\u00e9letesen beolvad a b\u0151rbe, cs\u00f6kkentve a durvas\u00e1got, matt hat\u00e1st \u00e9s b\u0151rp\u00edrt.<\/span> Jav\u00edtja a feszess\u00e9get, rugalmass\u00e1got, \u00e9s k\u00e9nyelmet biztos\u00edt a b\u0151rnek, visszaadva annak puhas\u00e1g\u00e1t. Olyan hat\u00e1st ny\u00fajt, mint egy luxus, regener\u00e1l\u00f3 spa kezel\u00e9s.<\/p>\n","protected":false},"featured_media":515759,"comment_status":"open","ping_status":"closed","template":"","meta":{"_acf_changed":false,"inline_featured_image":false},"product_brand":[],"product_cat":[1712],"product_tag":[1283,1734,1632,1739,1714,1302,1673,1276,1715,1740],"class_list":{"0":"post-518003","1":"product","2":"type-product","3":"status-publish","4":"has-post-thumbnail","6":"product_cat-nutrifusion-hu","7":"product_tag-kazdy-rodzaj-skory-hu","8":"product_tag-odbudowa-hu","9":"product_tag-poprawa-jedrnosci-skory-en-hu","10":"product_tag-poprawa-komfortu-hu","11":"product_tag-redukcja-suchosci-hu","12":"product_tag-redukcja-zaczerwienien-hu","13":"product_tag-regeneracja-en-hu","14":"product_tag-skora-sucha-hu","15":"product_tag-ukojenie-hu","16":"product_tag-wygladzenie-skory-hu","17":"pa_dzialanie-dojrzala-bardzo-sucha-skora-hu","18":"pa_dzialanie-pielegnacja-ciala-hu","20":"first","21":"instock","22":"shipping-taxable","23":"purchasable","24":"product-type-simple"},"acf":[],"df_price":219,"df_sale_price":"","df_regular_price":219,"df_image_link":"https:\/\/www.yonelle.pl\/wp-content\/uploads\/2025\/08\/NUTRIFUSION-Ultra-Naprawczy-Krem-Do-Ciala-Z-Ceramidami-Supreme-dzien-noc_small-300x300.jpg","_links":{"self":[{"href":"https:\/\/www.yonelle.pl\/hu\/wp-json\/wp\/v2\/product\/518003","targetHints":{"allow":["GET"]}}],"collection":[{"href":"https:\/\/www.yonelle.pl\/hu\/wp-json\/wp\/v2\/product"}],"about":[{"href":"https:\/\/www.yonelle.pl\/hu\/wp-json\/wp\/v2\/types\/product"}],"replies":[{"embeddable":true,"href":"https:\/\/www.yonelle.pl\/hu\/wp-json\/wp\/v2\/comments?post=518003"}],"wp:featuredmedia":[{"embeddable":true,"href":"https:\/\/www.yonelle.pl\/hu\/wp-json\/wp\/v2\/media\/515759"}],"wp:attachment":[{"href":"https:\/\/www.yonelle.pl\/hu\/wp-json\/wp\/v2\/media?parent=518003"}],"wp:term":[{"taxonomy":"product_brand","embeddable":true,"href":"https:\/\/www.yonelle.pl\/hu\/wp-json\/wp\/v2\/product_brand?post=518003"},{"taxonomy":"product_cat","embeddable":true,"href":"https:\/\/www.yonelle.pl\/hu\/wp-json\/wp\/v2\/product_cat?post=518003"},{"taxonomy":"product_tag","embeddable":true,"href":"https:\/\/www.yonelle.pl\/hu\/wp-json\/wp\/v2\/product_tag?post=518003"}],"curies":[{"name":"wp","href":"https:\/\/api.w.org\/{rel}","templated":true}]}}