{"id":517958,"date":"2025-09-08T14:58:21","date_gmt":"2025-09-08T12:58:21","guid":{"rendered":"https:\/\/www.yonelle.pl\/produkt\/nutrifusion-aksamitny-ultra-regenerator-do-ust-z-ceramidami-supreme\/"},"modified":"2026-04-10T12:25:02","modified_gmt":"2026-04-10T10:25:02","slug":"nutrifusion-aksamitny-ultra-regenerator-do-ust-z-ceramidami-supreme","status":"publish","type":"product","link":"https:\/\/www.yonelle.pl\/hu\/produkt\/nutrifusion-aksamitny-ultra-regenerator-do-ust-z-ceramidami-supreme\/","title":{"rendered":"NUTRIFUS\u00cdON B\u00e1rsonyos Ultra Ajakregener\u00e1l\u00f3 Ceramidokkal Supreme"},"content":{"rendered":"","protected":false},"excerpt":{"rendered":"<p>Ajak regener\u00e1l\u00f3 ajakbalzsam helyre\u00e1ll\u00edtja, hidrat\u00e1lja \u00e9s kisim\u00edtja a durva, sz\u00e1raz \u00e9s kicserepesed\u00e9sre hajlamos ajkakat. Rugalmass\u00e1, meg\u00fajultt\u00e1, teltebb\u00e9 \u00e9s hat\u00e1rozottabb kont\u00far\u00fav\u00e1 var\u00e1zsolja \u0151ket. Vastagabb r\u00e9tegben \u00e9jszak\u00e1ra alkalmazva intenz\u00edv jav\u00edt\u00f3 maszkk\u00e9nt m\u0171k\u00f6dik, selymes puhas\u00e1got \u00e9s finom f\u00e9nyt k\u00f6lcs\u00f6n\u00f6zve az ajkaknak.<\/p>\n","protected":false},"featured_media":517271,"comment_status":"open","ping_status":"closed","template":"","meta":{"_acf_changed":false,"inline_featured_image":false},"product_brand":[],"product_cat":[1712],"product_tag":[1300,1268,1734,1713,1714,1673,1278,1279],"class_list":{"0":"post-517958","1":"product","2":"type-product","3":"status-publish","4":"has-post-thumbnail","6":"product_cat-nutrifusion-hu","7":"product_tag-redukcja-podraznien-hu","8":"product_tag-mlodzienczy-blask-hu","9":"product_tag-odbudowa-hu","10":"product_tag-odzywienie-hu","11":"product_tag-redukcja-suchosci-hu","12":"product_tag-regeneracja-en-hu","13":"product_tag-ujedrnienie-hu","14":"product_tag-wygladzenie-zmarszczek-hu","16":"first","17":"instock","18":"shipping-taxable","19":"purchasable","20":"product-type-simple"},"acf":[],"df_price":199,"df_sale_price":"","df_regular_price":199,"df_image_link":"https:\/\/www.yonelle.pl\/wp-content\/uploads\/2025\/09\/NUTRIFUSION-Aksamitny-Ultra-Regenerator-Do-Ust-Z-Ceramidami-Supreme-dzien-noc_small-300x300.jpg","_links":{"self":[{"href":"https:\/\/www.yonelle.pl\/hu\/wp-json\/wp\/v2\/product\/517958","targetHints":{"allow":["GET"]}}],"collection":[{"href":"https:\/\/www.yonelle.pl\/hu\/wp-json\/wp\/v2\/product"}],"about":[{"href":"https:\/\/www.yonelle.pl\/hu\/wp-json\/wp\/v2\/types\/product"}],"replies":[{"embeddable":true,"href":"https:\/\/www.yonelle.pl\/hu\/wp-json\/wp\/v2\/comments?post=517958"}],"wp:featuredmedia":[{"embeddable":true,"href":"https:\/\/www.yonelle.pl\/hu\/wp-json\/wp\/v2\/media\/517271"}],"wp:attachment":[{"href":"https:\/\/www.yonelle.pl\/hu\/wp-json\/wp\/v2\/media?parent=517958"}],"wp:term":[{"taxonomy":"product_brand","embeddable":true,"href":"https:\/\/www.yonelle.pl\/hu\/wp-json\/wp\/v2\/product_brand?post=517958"},{"taxonomy":"product_cat","embeddable":true,"href":"https:\/\/www.yonelle.pl\/hu\/wp-json\/wp\/v2\/product_cat?post=517958"},{"taxonomy":"product_tag","embeddable":true,"href":"https:\/\/www.yonelle.pl\/hu\/wp-json\/wp\/v2\/product_tag?post=517958"}],"curies":[{"name":"wp","href":"https:\/\/api.w.org\/{rel}","templated":true}]}}