{"id":506837,"date":"2025-04-08T10:15:41","date_gmt":"2025-04-08T08:15:41","guid":{"rendered":"https:\/\/www.yonelle.pl\/?post_type=product&#038;p=506837"},"modified":"2026-02-16T11:41:39","modified_gmt":"2026-02-16T10:41:39","slug":"photofusion-supreme-krem-spf-50-ranctalanito-vedopajzzsal","status":"publish","type":"product","link":"https:\/\/www.yonelle.pl\/hu\/produkt\/photofusion-supreme-krem-spf-50-ranctalanito-vedopajzzsal\/","title":{"rendered":"PHOTOFUS\u00cdON Supreme Kr\u00e9m SPF 50 R\u00e1nctalan\u00edt\u00f3 V\u00e9d\u0151pajzzsal"},"content":{"rendered":"","protected":false},"excerpt":{"rendered":"","protected":false},"featured_media":501607,"comment_status":"open","ping_status":"closed","template":"","meta":{"_acf_changed":false,"inline_featured_image":false},"product_brand":[],"product_cat":[1399],"product_tag":[1343,1264,1283,1657,1333,1334,1335,1284,1271,1273,1275,1303,1276,1289,1278,1715,1279],"class_list":{"0":"post-506837","1":"product","2":"type-product","3":"status-publish","4":"has-post-thumbnail","6":"product_cat-bez-kategorii","7":"product_tag-arckremek","8":"product_tag-dojrzala-skora-hu","9":"product_tag-kazdy-rodzaj-skory-hu","10":"product_tag-krem-na-dzien-en-hu","11":"product_tag-kremy-nie-koloryzujace-z-filrem-spf-hu","12":"product_tag-kremyserum-na-dzien-hu","13":"product_tag-napvedelem","14":"product_tag-nawilzanie-hu","15":"product_tag-rancok-csokkentese","16":"product_tag-skora-mieszana-hu","17":"product_tag-skora-normalna-hu","18":"product_tag-skora-sklonna-do-przebarwien-hu","19":"product_tag-skora-sucha-hu","20":"product_tag-skora-wrazliwa-hu","21":"product_tag-ujedrnienie-hu","22":"product_tag-ukojenie-hu","23":"product_tag-wygladzenie-zmarszczek-hu","24":"pa_dzialanie-ochrona-przeciwsloneczna-hu","25":"pa_dzialanie-redukcja-zmarszczek-hu","26":"pa_zastosowanie-kremy-do-twarzy-hu","28":"first","29":"instock","30":"shipping-taxable","31":"purchasable","32":"product-type-simple"},"acf":[],"df_price":219,"df_sale_price":"","df_regular_price":219,"df_image_link":"https:\/\/www.yonelle.pl\/wp-content\/uploads\/2025\/04\/PHOTOFUSION_SPF-50_dzien-300x300.jpg","_links":{"self":[{"href":"https:\/\/www.yonelle.pl\/hu\/wp-json\/wp\/v2\/product\/506837","targetHints":{"allow":["GET"]}}],"collection":[{"href":"https:\/\/www.yonelle.pl\/hu\/wp-json\/wp\/v2\/product"}],"about":[{"href":"https:\/\/www.yonelle.pl\/hu\/wp-json\/wp\/v2\/types\/product"}],"replies":[{"embeddable":true,"href":"https:\/\/www.yonelle.pl\/hu\/wp-json\/wp\/v2\/comments?post=506837"}],"wp:featuredmedia":[{"embeddable":true,"href":"https:\/\/www.yonelle.pl\/hu\/wp-json\/wp\/v2\/media\/501607"}],"wp:attachment":[{"href":"https:\/\/www.yonelle.pl\/hu\/wp-json\/wp\/v2\/media?parent=506837"}],"wp:term":[{"taxonomy":"product_brand","embeddable":true,"href":"https:\/\/www.yonelle.pl\/hu\/wp-json\/wp\/v2\/product_brand?post=506837"},{"taxonomy":"product_cat","embeddable":true,"href":"https:\/\/www.yonelle.pl\/hu\/wp-json\/wp\/v2\/product_cat?post=506837"},{"taxonomy":"product_tag","embeddable":true,"href":"https:\/\/www.yonelle.pl\/hu\/wp-json\/wp\/v2\/product_tag?post=506837"}],"curies":[{"name":"wp","href":"https:\/\/api.w.org\/{rel}","templated":true}]}}