{"id":502004,"date":"2025-04-24T19:16:51","date_gmt":"2025-04-24T17:16:51","guid":{"rendered":"https:\/\/www.yonelle.pl\/produkt\/nutrifusion-ultra-naprawczy-krem-na-noc-z-ceramidami-supreme\/"},"modified":"2026-03-27T10:27:39","modified_gmt":"2026-03-27T09:27:39","slug":"nutrifusion-ultra-naprawczy-krem-na-noc-z-ceramidami-supreme","status":"publish","type":"product","link":"https:\/\/www.yonelle.pl\/hu\/produkt\/nutrifusion-ultra-naprawczy-krem-na-noc-z-ceramidami-supreme\/","title":{"rendered":"NUTRIFUS\u00cdON Ultra-Jav\u00edt\u00f3 \u00c9jszakai Kr\u00e9m Supreme Ceramidokkal"},"content":{"rendered":"","protected":false},"excerpt":{"rendered":"<p><span class=\"TextRun SCXW26294312 BCX0\" lang=\"PL-PL\" xml:lang=\"PL-PL\" data-contrast=\"auto\"><span class=\"NormalTextRun ContextualSpellingAndGrammarErrorV2Themed SCXW26294312 BCX0\">Ultra-innovat\u00edv<\/span><span class=\"NormalTextRun SCXW26294312 BCX0\"> \u00e9jszakai \u00e1pol\u00e1s <\/span><span class=\"NormalTextRun SpellingErrorV2Themed SCXW26294312 BCX0\">anti-aging<\/span><span class=\"NormalTextRun SCXW26294312 BCX0\"> sz\u00e1raz, nagyon sz\u00e1raz \u00e9s \u00e9rz\u00e9keny, h\u00e1ml\u00e1sra hajlamos b\u0151rre.<\/span> <span class=\"OYPEnA font-feature-liga-off font-feature-clig-off font-feature-calt-off text-decoration-none text-strikethrough-none\">M\u00e9lyen \u00fajj\u00e1\u00e9p\u00edti a b\u0151r szerkezet\u00e9t \u00e9s glob\u00e1lis meg\u00fajul\u00e1si hat\u00e1st biztos\u00edt. Jav\u00edtja a rugalmass\u00e1got, feszess\u00e9get \u00e9s elaszticit\u00e1st. Er\u0151s\u00edti a hidrolipid g\u00e1tat, hogy megel\u0151zze a kisz\u00e1rad\u00e1st \u00e9s visszaadja a b\u0151r legmagasabb szint\u0171 komfort\u00e9rzet\u00e9t.<\/span><span class=\"NormalTextRun SCXW26294312 BCX0\">\u00a0Reggelre a b\u0151r l\u00e1that\u00f3an hidrat\u00e1lt, sima \u00e9s ragyog\u00f3 \u2013 ak\u00e1r egy luxuskezel\u00e9s ut\u00e1n.<\/span><\/span><span class=\"EOP SCXW26294312 BCX0\" data-ccp-props=\"{&quot;335551550&quot;:6,&quot;335551620&quot;:6}\">\u00a0<\/span><\/p>\n","protected":false},"featured_media":498159,"comment_status":"open","ping_status":"closed","template":"","meta":{"_acf_changed":false,"inline_featured_image":false},"product_brand":[],"product_cat":[1712],"product_tag":[1343,1264,1329,1283,1328,1327,1284,1566,1713,1271,1714,1302,1673,1273,1275,1276,1278,1279],"class_list":{"0":"post-502004","1":"product","2":"type-product","3":"status-publish","4":"has-post-thumbnail","6":"product_cat-nutrifusion-hu","7":"product_tag-arckremek","8":"product_tag-dojrzala-skora-hu","9":"product_tag-kremserum-na-noc-hu","10":"product_tag-kazdy-rodzaj-skory-hu","11":"product_tag-krem-na-noc-hu","12":"product_tag-nagyon-szaraz-erett-bor","13":"product_tag-nawilzanie-hu","14":"product_tag-odmlodzenie-wygladu-en-hu","15":"product_tag-odzywienie-hu","16":"product_tag-rancok-csokkentese","17":"product_tag-redukcja-suchosci-hu","18":"product_tag-redukcja-zaczerwienien-hu","19":"product_tag-regeneracja-en-hu","20":"product_tag-skora-mieszana-hu","21":"product_tag-skora-normalna-hu","22":"product_tag-skora-sucha-hu","23":"product_tag-ujedrnienie-hu","24":"product_tag-wygladzenie-zmarszczek-hu","25":"pa_dzialanie-dojrzala-bardzo-sucha-skora-hu","26":"pa_dzialanie-redukcja-zmarszczek-hu","27":"pa_zastosowanie-kremy-do-twarzy-hu","29":"first","30":"instock","31":"shipping-taxable","32":"purchasable","33":"product-type-simple"},"acf":[],"df_price":432,"df_sale_price":"","df_regular_price":432,"df_image_link":"https:\/\/www.yonelle.pl\/wp-content\/uploads\/2025\/04\/NUTRIFUSION-ultra-repair-noc-seria-cien-biale-tlo-pora-dnia_small-300x300.jpg","_links":{"self":[{"href":"https:\/\/www.yonelle.pl\/hu\/wp-json\/wp\/v2\/product\/502004","targetHints":{"allow":["GET"]}}],"collection":[{"href":"https:\/\/www.yonelle.pl\/hu\/wp-json\/wp\/v2\/product"}],"about":[{"href":"https:\/\/www.yonelle.pl\/hu\/wp-json\/wp\/v2\/types\/product"}],"replies":[{"embeddable":true,"href":"https:\/\/www.yonelle.pl\/hu\/wp-json\/wp\/v2\/comments?post=502004"}],"wp:featuredmedia":[{"embeddable":true,"href":"https:\/\/www.yonelle.pl\/hu\/wp-json\/wp\/v2\/media\/498159"}],"wp:attachment":[{"href":"https:\/\/www.yonelle.pl\/hu\/wp-json\/wp\/v2\/media?parent=502004"}],"wp:term":[{"taxonomy":"product_brand","embeddable":true,"href":"https:\/\/www.yonelle.pl\/hu\/wp-json\/wp\/v2\/product_brand?post=502004"},{"taxonomy":"product_cat","embeddable":true,"href":"https:\/\/www.yonelle.pl\/hu\/wp-json\/wp\/v2\/product_cat?post=502004"},{"taxonomy":"product_tag","embeddable":true,"href":"https:\/\/www.yonelle.pl\/hu\/wp-json\/wp\/v2\/product_tag?post=502004"}],"curies":[{"name":"wp","href":"https:\/\/api.w.org\/{rel}","templated":true}]}}