{"id":501998,"date":"2025-04-24T19:17:07","date_gmt":"2025-04-24T17:17:07","guid":{"rendered":"https:\/\/www.yonelle.pl\/produkt\/nutrifusion-wypelniajacy-ultra-krem-z-ceramidami-supreme\/"},"modified":"2026-03-09T11:09:20","modified_gmt":"2026-03-09T10:09:20","slug":"nutrifusion-wypelniajacy-ultra-krem-z-ceramidami-supreme","status":"publish","type":"product","link":"https:\/\/www.yonelle.pl\/hu\/produkt\/nutrifusion-wypelniajacy-ultra-krem-z-ceramidami-supreme\/","title":{"rendered":"NUTRIFUS\u00cdON Felt\u00f6lt\u0151 Ultra-Kr\u00e9m Supreme Ceramidokkal"},"content":{"rendered":"","protected":false},"excerpt":{"rendered":"<p><span class=\"TextRun SCXW122883602 BCX0\" lang=\"PL-PL\" xml:lang=\"PL-PL\" data-contrast=\"none\"><span class=\"NormalTextRun SCXW122883602 BCX0\">Nappali \u00e9s \u00e9jszakai Ultra-Kr\u00e9m t\u00f6lt\u0151anyag <\/span><span class=\"NormalTextRun SCXW122883602 BCX0\">v\u00e1laszol a b\u0151r ig\u00e9nyeire<\/span><span class=\"NormalTextRun SCXW122883602 BCX0\">\u00a0<\/span><\/span><span class=\"TextRun SCXW122883602 BCX0\" lang=\"PL-PL\" xml:lang=\"PL-PL\" data-contrast=\"auto\"><span class=\"NormalTextRun SCXW122883602 BCX0\">sz\u00e1raz<\/span><span class=\"NormalTextRun SCXW122883602 BCX0\">, nagyon sz\u00e1raz<\/span><span class=\"NormalTextRun SCXW122883602 BCX0\">,<\/span><span class=\"NormalTextRun SCXW122883602 BCX0\"> kisz\u00e1rad\u00e1sra hajlamos, valamint \u00e9rz\u00e9keny b\u0151rre.<\/span><\/span><span class=\"TextRun SCXW122883602 BCX0\" lang=\"PL-PL\" xml:lang=\"PL-PL\" data-contrast=\"none\"><span class=\"NormalTextRun SCXW122883602 BCX0\">\u00a0<\/span><strong><span class=\"NormalTextRun SCXW122883602 BCX0\">Azonnali <\/span><span class=\"NormalTextRun SCXW122883602 BCX0\">\u00e9s rendk\u00edv\u00fcli<\/span><\/strong><span class=\"NormalTextRun SCXW122883602 BCX0\"><strong>\u00a0hidrat\u00e1lts\u00e1gi szint n\u00f6veked\u00e9st biztos\u00edt ak\u00e1r 109%-kal m\u00e1r egy \u00f3r\u00e1val az alkalmaz\u00e1s ut\u00e1n<\/strong>.<\/span> <\/span><span class=\"TextRun SCXW122883602 BCX0\" lang=\"PL-PL\" xml:lang=\"PL-PL\" data-contrast=\"none\"><span class=\"NormalTextRun SCXW122883602 BCX0\">A b\u0151r v\u00edzvisszatart\u00f3 mechanizmus\u00e1nak (TEWL) l\u00e1tv\u00e1nyos regener\u00e1l\u00e1s\u00e1val intenz\u00edven t\u00f6lti fel a b\u0151rt, t\u00e1pl\u00e1lja, cs\u00f6kkenti a r\u00e1ncokat, valamint visszaadja a fiatalos t\u00e9rfogatot \u00e9s megjelen\u00e9st.<\/span><\/span><span class=\"EOP SCXW122883602 BCX0\" data-ccp-props=\"{&quot;201341983&quot;:2,&quot;335559740&quot;:276}\">\u00a0<\/span><\/p>\n","protected":false},"featured_media":498155,"comment_status":"open","ping_status":"closed","template":"","meta":{"_acf_changed":false,"inline_featured_image":false},"product_brand":[],"product_cat":[1712],"product_tag":[1343,1264,1283,1265,1327,1284,1713,1714,1673,1273,1276,1289,1278,1279,1717],"class_list":{"0":"post-501998","1":"product","2":"type-product","3":"status-publish","4":"has-post-thumbnail","6":"product_cat-nutrifusion-hu","7":"product_tag-arckremek","8":"product_tag-dojrzala-skora-hu","9":"product_tag-kazdy-rodzaj-skory-hu","10":"product_tag-krem-dzienno-nocny-hu","11":"product_tag-nagyon-szaraz-erett-bor","12":"product_tag-nawilzanie-hu","13":"product_tag-odzywienie-hu","14":"product_tag-redukcja-suchosci-hu","15":"product_tag-regeneracja-en-hu","16":"product_tag-skora-mieszana-hu","17":"product_tag-skora-sucha-hu","18":"product_tag-skora-wrazliwa-hu","19":"product_tag-ujedrnienie-hu","20":"product_tag-wygladzenie-zmarszczek-hu","21":"product_tag-wypelnienie-skory-hu","22":"pa_dzialanie-dojrzala-bardzo-sucha-skora-hu","23":"pa_dzialanie-redukcja-zmarszczek-hu","24":"pa_zastosowanie-kremy-do-twarzy-hu","26":"first","27":"instock","28":"shipping-taxable","29":"purchasable","30":"product-type-simple"},"acf":[],"df_price":452,"df_sale_price":"","df_regular_price":452,"df_image_link":"https:\/\/www.yonelle.pl\/wp-content\/uploads\/2025\/04\/NUTRIFUSION-pro-plumping-dzien-seria-cien-biale-tlo-pora-dnia_small-300x300.jpg","_links":{"self":[{"href":"https:\/\/www.yonelle.pl\/hu\/wp-json\/wp\/v2\/product\/501998","targetHints":{"allow":["GET"]}}],"collection":[{"href":"https:\/\/www.yonelle.pl\/hu\/wp-json\/wp\/v2\/product"}],"about":[{"href":"https:\/\/www.yonelle.pl\/hu\/wp-json\/wp\/v2\/types\/product"}],"replies":[{"embeddable":true,"href":"https:\/\/www.yonelle.pl\/hu\/wp-json\/wp\/v2\/comments?post=501998"}],"wp:featuredmedia":[{"embeddable":true,"href":"https:\/\/www.yonelle.pl\/hu\/wp-json\/wp\/v2\/media\/498155"}],"wp:attachment":[{"href":"https:\/\/www.yonelle.pl\/hu\/wp-json\/wp\/v2\/media?parent=501998"}],"wp:term":[{"taxonomy":"product_brand","embeddable":true,"href":"https:\/\/www.yonelle.pl\/hu\/wp-json\/wp\/v2\/product_brand?post=501998"},{"taxonomy":"product_cat","embeddable":true,"href":"https:\/\/www.yonelle.pl\/hu\/wp-json\/wp\/v2\/product_cat?post=501998"},{"taxonomy":"product_tag","embeddable":true,"href":"https:\/\/www.yonelle.pl\/hu\/wp-json\/wp\/v2\/product_tag?post=501998"}],"curies":[{"name":"wp","href":"https:\/\/api.w.org\/{rel}","templated":true}]}}