{"id":501987,"date":"2025-04-24T19:17:47","date_gmt":"2025-04-24T17:17:47","guid":{"rendered":"https:\/\/www.yonelle.pl\/?post_type=product&#038;p=501987"},"modified":"2026-04-07T17:04:52","modified_gmt":"2026-04-07T15:04:52","slug":"nutrifusion-ultra-serum-z-efektem-drugiej-skory-z-ceramidami-supreme","status":"publish","type":"product","link":"https:\/\/www.yonelle.pl\/hu\/produkt\/nutrifusion-ultra-serum-z-efektem-drugiej-skory-z-ceramidami-supreme\/","title":{"rendered":"NUTRIFUS\u00cdON Ultra-Serum M\u00e1sodik B\u0151rh\u00f6z Hasonl\u00f3 Hat\u00e1ssal \u2013 Supreme Ceramidokkal"},"content":{"rendered":"","protected":false},"excerpt":{"rendered":"<p>Multifunkcion\u00e1lis ultra-sz\u00e9rum magas anti-aging potenci\u00e1llal minden \u00e9rett b\u0151rt\u00edpusra, bele\u00e9rtve az \u00e9rz\u00e9keny b\u0151rt is. Intenz\u00edven hidrat\u00e1l, nyugtat \u00e9s m\u00e1r az els\u0151 alkalmaz\u00e1st\u00f3l kezdve visszaadja a komfort\u00e9rzetet. <span class=\"TextRun SCXW256387945 BCX0\" lang=\"PL-PL\" xml:lang=\"PL-PL\" data-contrast=\"auto\"><span class=\"NormalTextRun SCXW256387945 BCX0\">L\u00e1that\u00f3an cs\u00f6kkenti a r\u00e1ncokat \u00e9s azonnal<\/span> <span class=\"NormalTextRun SCXW256387945 BCX0\">cs\u00f6kkenti<\/span> <span class=\"NormalTextRun SCXW256387945 BCX0\">a<\/span><span class=\"NormalTextRun SCXW256387945 BCX0\"> durvas\u00e1got \u00e9s a<\/span> <span class=\"NormalTextRun SCXW256387945 BCX0\">sz\u00e1razs\u00e1got<\/span><\/span>. Naponta visszaadja a b\u0151r ragyog\u00e1s\u00e1t, rugalmass\u00e1g\u00e1t \u00e9s fiatalos vitalit\u00e1s\u00e1t.<\/p>\n","protected":false},"featured_media":498163,"comment_status":"open","ping_status":"closed","template":"","meta":{"_acf_changed":false,"inline_featured_image":false},"product_brand":[],"product_cat":[1712],"product_tag":[1344,1264,1327,1266,1284,1713,1271,1714,1673,1273,1275,1276,1289,1278,1715],"class_list":{"0":"post-501987","1":"product","2":"type-product","3":"status-publish","4":"has-post-thumbnail","6":"product_cat-nutrifusion-hu","7":"product_tag-arcapolo-szerum","8":"product_tag-dojrzala-skora-hu","9":"product_tag-nagyon-szaraz-erett-bor","10":"product_tag-kremserum-na-dziennoc-hu","11":"product_tag-nawilzanie-hu","12":"product_tag-odzywienie-hu","13":"product_tag-rancok-csokkentese","14":"product_tag-redukcja-suchosci-hu","15":"product_tag-regeneracja-en-hu","16":"product_tag-skora-mieszana-hu","17":"product_tag-skora-normalna-hu","18":"product_tag-skora-sucha-hu","19":"product_tag-skora-wrazliwa-hu","20":"product_tag-ujedrnienie-hu","21":"product_tag-ukojenie-hu","22":"pa_dzialanie-dojrzala-bardzo-sucha-skora-hu","23":"pa_dzialanie-redukcja-zmarszczek-hu","24":"pa_zastosowanie-kremy-serum-pod-oczy-hu","26":"first","27":"instock","28":"shipping-taxable","29":"purchasable","30":"product-type-simple"},"acf":[],"df_price":421,"df_sale_price":"","df_regular_price":421,"df_image_link":"https:\/\/www.yonelle.pl\/wp-content\/uploads\/2025\/04\/NUTRIFUSION-ultra-serum-seria-cien-biale-tlo-pora-dnia_small-300x300.jpg","_links":{"self":[{"href":"https:\/\/www.yonelle.pl\/hu\/wp-json\/wp\/v2\/product\/501987","targetHints":{"allow":["GET"]}}],"collection":[{"href":"https:\/\/www.yonelle.pl\/hu\/wp-json\/wp\/v2\/product"}],"about":[{"href":"https:\/\/www.yonelle.pl\/hu\/wp-json\/wp\/v2\/types\/product"}],"replies":[{"embeddable":true,"href":"https:\/\/www.yonelle.pl\/hu\/wp-json\/wp\/v2\/comments?post=501987"}],"wp:featuredmedia":[{"embeddable":true,"href":"https:\/\/www.yonelle.pl\/hu\/wp-json\/wp\/v2\/media\/498163"}],"wp:attachment":[{"href":"https:\/\/www.yonelle.pl\/hu\/wp-json\/wp\/v2\/media?parent=501987"}],"wp:term":[{"taxonomy":"product_brand","embeddable":true,"href":"https:\/\/www.yonelle.pl\/hu\/wp-json\/wp\/v2\/product_brand?post=501987"},{"taxonomy":"product_cat","embeddable":true,"href":"https:\/\/www.yonelle.pl\/hu\/wp-json\/wp\/v2\/product_cat?post=501987"},{"taxonomy":"product_tag","embeddable":true,"href":"https:\/\/www.yonelle.pl\/hu\/wp-json\/wp\/v2\/product_tag?post=501987"}],"curies":[{"name":"wp","href":"https:\/\/api.w.org\/{rel}","templated":true}]}}