{"id":462897,"date":"2024-09-09T16:12:53","date_gmt":"2024-09-09T14:12:53","guid":{"rendered":"https:\/\/www.yonelle.pl\/produkt\/trifusion-focus-aktywnie-odnawiajacy-krem-maska\/"},"modified":"2026-01-10T11:07:23","modified_gmt":"2026-01-10T10:07:23","slug":"trifusion-focus-aktywnie-odnawiajacy-krem-maska","status":"publish","type":"product","link":"https:\/\/www.yonelle.pl\/hu\/produkt\/trifusion-focus-aktywnie-odnawiajacy-krem-maska\/","title":{"rendered":"TRIFUS\u00cdON FOCUS Akt\u00edvan Meg\u00faj\u00edt\u00f3 Kr\u00e9m-Maszk"},"content":{"rendered":"","protected":false},"excerpt":{"rendered":"<p>Pr\u00e9mium kateg\u00f3ri\u00e1s, magas biol\u00f3giai aktivit\u00e1s\u00fa kr\u00e9m-maszk, amely az \u00e9rett \u00e9s nagyon \u00e9rett, \u00f6reged\u00e9s jeleit mutat\u00f3, f\u00e1radt \u00e9s fak\u00f3 b\u0151r azonnali revitaliz\u00e1l\u00e1s\u00e1t szolg\u00e1lja. A regenerat\u00edv eszt\u00e9tikai orvosl\u00e1s eredm\u00e9nyei ihlett\u00e9k, \u00e9s &#8222;\u00faj b\u0151r&#8221; hat\u00e1st biztos\u00edt. Az alkalmazott akt\u00edv \u00f6sszetev\u0151k \u00e9s technol\u00f3gi\u00e1k a professzion\u00e1lis resurfacing kezel\u00e9sek hat\u00e1s\u00e1t szimul\u00e1lj\u00e1k, l\u00e1tv\u00e1nyosan \u00e1talak\u00edtva a b\u0151r megjelen\u00e9s\u00e9t. <strong>A b\u0151r ak\u00e1r 27%-kal sim\u00e1bb\u00e1 v\u00e1lik m\u00e1r egyetlen alkalmaz\u00e1s ut\u00e1n is*<\/strong>.<\/p>\n","protected":false},"featured_media":453963,"comment_status":"open","ping_status":"closed","template":"","meta":{"_acf_changed":false,"inline_featured_image":false},"product_brand":[],"product_cat":[1262],"product_tag":[1343,1317,1263,1264,1329,1287,1270,1328,1268,1271,1272,1273,1275,1276,1277,1278,1279,1291],"class_list":{"0":"post-462897","1":"product","2":"type-product","3":"status-publish","4":"has-post-thumbnail","6":"product_cat-trifusion-focus-hu","7":"product_tag-arckremek","8":"product_tag-arcmaszkok","9":"product_tag-bardzo-dojrzala-skora-hu","10":"product_tag-dojrzala-skora-hu","11":"product_tag-kremserum-na-noc-hu","12":"product_tag-hydration-hu","13":"product_tag-konturjavitas-lifting","14":"product_tag-krem-na-noc-hu","15":"product_tag-mlodzienczy-blask-hu","16":"product_tag-rancok-csokkentese","17":"product_tag-rozswietlenie-hu","18":"product_tag-skora-mieszana-hu","19":"product_tag-skora-normalna-hu","20":"product_tag-skora-sucha-hu","21":"product_tag-skora-tlusta-hu","22":"product_tag-ujedrnienie-hu","23":"product_tag-wygladzenie-zmarszczek-hu","24":"product_tag-zwezenie-porow-hu","25":"pa_dzialanie-redukcja-zmarszczek-hu","27":"first","28":"instock","29":"shipping-taxable","30":"purchasable","31":"product-type-simple"},"acf":[],"df_price":524,"df_sale_price":"","df_regular_price":524,"df_image_link":"https:\/\/www.yonelle.pl\/wp-content\/uploads\/2024\/09\/TRIFUSION-FOKUS-Maska_noc_small-300x300.jpg","_links":{"self":[{"href":"https:\/\/www.yonelle.pl\/hu\/wp-json\/wp\/v2\/product\/462897","targetHints":{"allow":["GET"]}}],"collection":[{"href":"https:\/\/www.yonelle.pl\/hu\/wp-json\/wp\/v2\/product"}],"about":[{"href":"https:\/\/www.yonelle.pl\/hu\/wp-json\/wp\/v2\/types\/product"}],"replies":[{"embeddable":true,"href":"https:\/\/www.yonelle.pl\/hu\/wp-json\/wp\/v2\/comments?post=462897"}],"wp:featuredmedia":[{"embeddable":true,"href":"https:\/\/www.yonelle.pl\/hu\/wp-json\/wp\/v2\/media\/453963"}],"wp:attachment":[{"href":"https:\/\/www.yonelle.pl\/hu\/wp-json\/wp\/v2\/media?parent=462897"}],"wp:term":[{"taxonomy":"product_brand","embeddable":true,"href":"https:\/\/www.yonelle.pl\/hu\/wp-json\/wp\/v2\/product_brand?post=462897"},{"taxonomy":"product_cat","embeddable":true,"href":"https:\/\/www.yonelle.pl\/hu\/wp-json\/wp\/v2\/product_cat?post=462897"},{"taxonomy":"product_tag","embeddable":true,"href":"https:\/\/www.yonelle.pl\/hu\/wp-json\/wp\/v2\/product_tag?post=462897"}],"curies":[{"name":"wp","href":"https:\/\/api.w.org\/{rel}","templated":true}]}}