{"id":462039,"date":"2016-08-15T22:45:09","date_gmt":"2016-08-15T20:45:09","guid":{"rendered":"https:\/\/www.yonelle.pl\/produkt\/yoshino-pure-care-betainowy-plyn-micelarny\/"},"modified":"2026-01-07T14:25:02","modified_gmt":"2026-01-07T13:25:02","slug":"yoshino-pure-care-betain-micellas-viz","status":"publish","type":"product","link":"https:\/\/www.yonelle.pl\/hu\/produkt\/yoshino-pure-care-betain-micellas-viz\/","title":{"rendered":"YOSHINO PURE &amp; CARE Betain Micell\u00e1s V\u00edz"},"content":{"rendered":"<h3 class=\"tag\" style=\"text-align: justify\">ARCLEMOS\u00c1S AZ ARC \u00c9S A SZEMEK SZ\u00c1M\u00c1RA<\/h3>\n<p><strong>Micell\u00e1s arclemos\u00f3 folyad\u00e9k, aj\u00e1nlott minden b\u0151rt\u00edpusra, bele\u00e9rtve az \u00e9rz\u00e9keny b\u0151rt is<\/strong>. 2 az 1-ben k\u00e9sz\u00edtm\u00e9ny, amely a vil\u00e1gtrendeknek megfelel\u0151en \u201eanti-pollution\u201d formul\u00e1val k\u00e9sz\u00fclt. Elt\u00e1vol\u00edtja a szennyez\u0151d\u00e9seket \u00e9s a sminket az arcb\u0151rr\u0151l \u00e9s a szemk\u00f6rny\u00e9kr\u0151l, valamint v\u00e9delmet \u00e9s alapvet\u0151 \u00e1pol\u00e1st biztos\u00edt. A folyad\u00e9k rendk\u00edv\u00fcl b\u0151rbar\u00e1t \u00e9s gyeng\u00e9d, mivel alapj\u00e1t csecsem\u0151k sz\u00e1m\u00e1ra k\u00e9sz\u00fclt kozmetikumokban haszn\u00e1lt tiszt\u00edt\u00f3 anyagok k\u00e9pezik.<\/p>\n<p><strong>A term\u00e9szetes betain, a koreai Yoshino vir\u00e1gszirmok esszenci\u00e1j\u00e1val, m\u00e1s n\u00e9ven Jeju Blossom, \u00e9s a D-panthenollal kombin\u00e1lva hidrat\u00e1l\u00f3, nyugtat\u00f3, b\u0151rp\u00edrt \u00e9s irrit\u00e1ci\u00f3s t\u00fcneteket enyh\u00edt\u0151 tulajdons\u00e1gokkal rendelkezik.<\/strong> V\u00e9d a szennyezett k\u00f6rnyezet agressz\u00edv hat\u00e1saival szemben, jav\u00edtja a b\u0151r komfort\u00e9rzet\u00e9t \u00e9s \u00e1llapot\u00e1t.<\/p>\n<div style=\"clear: both;text-align: justify\"><\/div>\n","protected":false},"excerpt":{"rendered":"<p>Prepar\u00e1t 2 az 1-ben t\u00edpus\u00fa, a vil\u00e1gtrendeknek megfelel\u0151en kifejlesztve \u201eanti-pollution\u201d hat\u00e1ssal. Nagyon bar\u00e1ts\u00e1gos \u00e9s gyeng\u00e9d micell\u00e1s v\u00edz minden b\u0151rt\u00edpusra, bele\u00e9rtve az \u00e9rz\u00e9keny b\u0151rt is. Kiv\u00e1l\u00f3an elt\u00e1vol\u00edtja a szennyez\u0151d\u00e9seket \u00e9s a sminket az arcb\u0151rr\u0151l \u00e9s a szemk\u00f6rny\u00e9kr\u0151l. Hidrat\u00e1l, nyugtat, cs\u00f6kkenti a b\u0151rp\u00edrt \u00e9s az irrit\u00e1ci\u00f3 t\u00fcneteit.<\/p>\n<p>&nbsp;<\/p>\n","protected":false},"featured_media":462041,"comment_status":"open","ping_status":"closed","template":"","meta":{"_acf_changed":false,"inline_featured_image":false},"product_brand":[],"product_cat":[1299],"product_tag":[1301,1283,1300,1284,1302,1273,1275,1276,1277,1349,1304],"class_list":{"0":"post-462039","1":"product","2":"type-product","3":"status-publish","4":"has-post-thumbnail","6":"product_cat-yoshino-pure-care-hu","7":"product_tag-arctisztito-es-moso-termekek","8":"product_tag-kazdy-rodzaj-skory-hu","9":"product_tag-redukcja-podraznien-hu","10":"product_tag-nawilzanie-hu","11":"product_tag-redukcja-zaczerwienien-hu","12":"product_tag-skora-mieszana-hu","13":"product_tag-skora-normalna-hu","14":"product_tag-skora-sucha-hu","15":"product_tag-skora-tlusta-hu","16":"product_tag-szennyezodes-elleni-vedelem","17":"product_tag-yoshino-hu","19":"first","20":"instock","21":"shipping-taxable","22":"purchasable","23":"product-type-simple"},"acf":[],"df_price":161,"df_sale_price":"","df_regular_price":161,"df_image_link":"https:\/\/www.yonelle.pl\/wp-content\/uploads\/2016\/08\/YOSHINO-PURE-CARE-BETAINOWY-PLYN-MICELARNY-1000x1000-1-300x300.jpg","_links":{"self":[{"href":"https:\/\/www.yonelle.pl\/hu\/wp-json\/wp\/v2\/product\/462039","targetHints":{"allow":["GET"]}}],"collection":[{"href":"https:\/\/www.yonelle.pl\/hu\/wp-json\/wp\/v2\/product"}],"about":[{"href":"https:\/\/www.yonelle.pl\/hu\/wp-json\/wp\/v2\/types\/product"}],"replies":[{"embeddable":true,"href":"https:\/\/www.yonelle.pl\/hu\/wp-json\/wp\/v2\/comments?post=462039"}],"wp:featuredmedia":[{"embeddable":true,"href":"https:\/\/www.yonelle.pl\/hu\/wp-json\/wp\/v2\/media\/462041"}],"wp:attachment":[{"href":"https:\/\/www.yonelle.pl\/hu\/wp-json\/wp\/v2\/media?parent=462039"}],"wp:term":[{"taxonomy":"product_brand","embeddable":true,"href":"https:\/\/www.yonelle.pl\/hu\/wp-json\/wp\/v2\/product_brand?post=462039"},{"taxonomy":"product_cat","embeddable":true,"href":"https:\/\/www.yonelle.pl\/hu\/wp-json\/wp\/v2\/product_cat?post=462039"},{"taxonomy":"product_tag","embeddable":true,"href":"https:\/\/www.yonelle.pl\/hu\/wp-json\/wp\/v2\/product_tag?post=462039"}],"curies":[{"name":"wp","href":"https:\/\/api.w.org\/{rel}","templated":true}]}}