{"id":462033,"date":"2016-08-12T08:39:49","date_gmt":"2016-08-12T06:39:49","guid":{"rendered":"https:\/\/www.yonelle.pl\/produkt\/yoshino-pure-care-enzymatyczna-bio-pianka\/"},"modified":"2026-01-28T15:40:03","modified_gmt":"2026-01-28T14:40:03","slug":"yoshino-pure-care-enzimes-biohabzo","status":"publish","type":"product","link":"https:\/\/www.yonelle.pl\/hu\/produkt\/yoshino-pure-care-enzimes-biohabzo\/","title":{"rendered":"YOSHINO PURE &amp; CARE Enzimes Biohabz\u00f3"},"content":{"rendered":"<h3 class=\"tag\" style=\"text-align: justify\">M\u00c9LY B\u0150RTISZT\u00cdT\u00c1S<\/h3>\n<p><strong>Enzimatikus biohab a mindennapi m\u00e9ly b\u0151rtiszt\u00edt\u00e1shoz.<\/strong> Minden b\u0151rt\u00edpusra, bele\u00e9rtve az \u00e9rz\u00e9keny b\u0151rt is. 3 az 1-ben k\u00e9sz\u00edtm\u00e9ny. K\u00e9nyelmesen haszn\u00e1lhat\u00f3 habos\u00edtott kr\u00e9m form\u00e1j\u00e1ban, amely h\u00e1rmas hat\u00e1st biztos\u00edt: tiszt\u00edt\u00e1s, gyeng\u00e9d biol\u00f3giai h\u00e1mlaszt\u00e1s \u00e9s \u00e1pol\u00e1s. Elt\u00e1vol\u00edtja a sminkmaradv\u00e1nyokat \u00e9s m\u00e1s szennyez\u0151d\u00e9seket a b\u0151r felsz\u00edn\u00e9r\u0151l, an\u00e9lk\u00fcl, hogy k\u00e1ros\u00edtan\u00e1 a b\u0151r hidrolipid r\u00e9teg\u00e9t. <strong>Felfriss\u00edti a b\u0151r megjelen\u00e9s\u00e9t, azonnal sim\u00edtja, hidrat\u00e1lja \u00e9s \u00e1polja. M\u00e1r az els\u0151 haszn\u00e1lat ut\u00e1n \u00e9szrevehet\u0151en ragyog\u00f3bb\u00e1 teszi a b\u0151rsz\u00ednt, vil\u00e1gos\u00edtja \u00e9s fiatalos f\u00e9nyt ad a b\u0151rnek.<\/strong><\/p>\n<p>A hab l\u00e1tv\u00e1nyos hat\u00e1s\u00e1t a biol\u00f3giai akt\u00edv enzimek komplexe biztos\u00edtja karbamiddal, trehal\u00f3zzal \u00e9s ultrak\u00edm\u00e9letes term\u00e9szetes tiszt\u00edt\u00f3 anyagokkal, valamint \u00e9rt\u00e9kes esszenci\u00e1val a koreai Yoshino vir\u00e1gokb\u00f3l, m\u00e1s n\u00e9ven Jeju Blossom.<\/p>\n","protected":false},"excerpt":{"rendered":"<p>Enzimes bio-hab a mindennapi m\u00e9lytiszt\u00edt\u00e1shoz minden b\u0151rt\u00edpusra, bele\u00e9rtve az \u00e9rz\u00e9keny b\u0151rt is. Elt\u00e1vol\u00edtja a sminkmaradv\u00e1nyokat \u00e9s egy\u00e9b szennyez\u0151d\u00e9seket a b\u0151r felsz\u00edn\u00e9r\u0151l, an\u00e9lk\u00fcl, hogy k\u00e1ros\u00edtan\u00e1 annak hidrolipid g\u00e1tj\u00e1t. Sim\u00edt\u00f3, hidrat\u00e1l\u00f3 \u00e9s \u00e1pol\u00f3 hat\u00e1s\u00fa. M\u00e1r az els\u0151 haszn\u00e1lat ut\u00e1n \u00e9szlelhet\u0151 a b\u0151rsz\u00edn kifejezett ragyog\u00e1sa.<\/p>\n","protected":false},"featured_media":462038,"comment_status":"open","ping_status":"closed","template":"","meta":{"_acf_changed":false,"inline_featured_image":false},"product_brand":[],"product_cat":[1299],"product_tag":[1301,1283,1268,1284,1272,1273,1275,1276,1277,1304],"class_list":{"0":"post-462033","1":"product","2":"type-product","3":"status-publish","4":"has-post-thumbnail","6":"product_cat-yoshino-pure-care-hu","7":"product_tag-arctisztito-es-moso-termekek","8":"product_tag-kazdy-rodzaj-skory-hu","9":"product_tag-mlodzienczy-blask-hu","10":"product_tag-nawilzanie-hu","11":"product_tag-rozswietlenie-hu","12":"product_tag-skora-mieszana-hu","13":"product_tag-skora-normalna-hu","14":"product_tag-skora-sucha-hu","15":"product_tag-skora-tlusta-hu","16":"product_tag-yoshino-hu","18":"first","19":"instock","20":"shipping-taxable","21":"purchasable","22":"product-type-simple"},"acf":[],"df_price":164,"df_sale_price":"","df_regular_price":164,"df_image_link":"https:\/\/www.yonelle.pl\/wp-content\/uploads\/2016\/08\/YOSHINO-PURECARE-Enzymatyczna-Bio-Pianka-1000x1000-1-300x300.jpg","_links":{"self":[{"href":"https:\/\/www.yonelle.pl\/hu\/wp-json\/wp\/v2\/product\/462033","targetHints":{"allow":["GET"]}}],"collection":[{"href":"https:\/\/www.yonelle.pl\/hu\/wp-json\/wp\/v2\/product"}],"about":[{"href":"https:\/\/www.yonelle.pl\/hu\/wp-json\/wp\/v2\/types\/product"}],"replies":[{"embeddable":true,"href":"https:\/\/www.yonelle.pl\/hu\/wp-json\/wp\/v2\/comments?post=462033"}],"wp:featuredmedia":[{"embeddable":true,"href":"https:\/\/www.yonelle.pl\/hu\/wp-json\/wp\/v2\/media\/462038"}],"wp:attachment":[{"href":"https:\/\/www.yonelle.pl\/hu\/wp-json\/wp\/v2\/media?parent=462033"}],"wp:term":[{"taxonomy":"product_brand","embeddable":true,"href":"https:\/\/www.yonelle.pl\/hu\/wp-json\/wp\/v2\/product_brand?post=462033"},{"taxonomy":"product_cat","embeddable":true,"href":"https:\/\/www.yonelle.pl\/hu\/wp-json\/wp\/v2\/product_cat?post=462033"},{"taxonomy":"product_tag","embeddable":true,"href":"https:\/\/www.yonelle.pl\/hu\/wp-json\/wp\/v2\/product_tag?post=462033"}],"curies":[{"name":"wp","href":"https:\/\/api.w.org\/{rel}","templated":true}]}}