{"id":452540,"date":"2013-11-01T14:42:55","date_gmt":"2013-11-01T13:42:55","guid":{"rendered":"https:\/\/www.yonelle.pl\/produkt\/odzywczy-krem-infuzyjny\/"},"modified":"2025-11-01T23:04:07","modified_gmt":"2025-11-01T22:04:07","slug":"infusion-taplalo-ejszakai-krem","status":"publish","type":"product","link":"https:\/\/www.yonelle.pl\/hu\/produkt\/infusion-taplalo-ejszakai-krem\/","title":{"rendered":"INFUS\u00cdON T\u00e1pl\u00e1l\u00f3 \u00c9jszakai Kr\u00e9m"},"content":{"rendered":"<h3 class=\"tag\">NANODISZK&#x2122; TECHNOL\u00d3GI\u00c1VAL RETINOLLAL<\/h3>\n<p><strong>Kr\u00e9m \u2013 tal\u00e1lm\u00e1ny. Szuperhat\u00e9kony. Luxusos.<\/strong> \u00c9jszakai haszn\u00e1latra sz\u00e1raz, nagyon sz\u00e1raz \u00e9s norm\u00e1l b\u0151rre. Gazdag, balzsamos emulzi\u00f3 form\u00e1j\u00e1ban van, amely hidrat\u00e1lja a b\u0151rt. Hosszan tart\u00f3 komfort\u00e9rzetet biztos\u00edt, \u00e9s megsz\u00fcnteti a sz\u00e1razs\u00e1g \u00e9s \u00e9rdesed\u00e9s \u00e9rz\u00e9s\u00e9t. Cs\u00f6kkenti az irrit\u00e1ci\u00f3ra val\u00f3 hajlamot. Kiv\u00e1l\u00f3an sim\u00edt, t\u00e1pl\u00e1l \u00e9s r\u00e1nctalan\u00edt. A b\u0151r teljesk\u00f6r\u0171en regener\u00e1l\u00f3dik \u00e9s eg\u00e9szs\u00e9gesebbnek t\u0171nik.<\/p>\n<p>A kr\u00e9m kiv\u00e9teles tulajdons\u00e1gait a <a href=\"https:\/\/www.yonelle.pl\/dzialanie-i-skutecznosc\/skin-penetration-revolution\/\">NANO<\/a>DISZK&#x2122;-oknak k\u00f6sz\u00f6nheti, amelyek n\u00f6velik a b\u0151rbe val\u00f3 behatol\u00e1st: tiszta retinol 340%-kal*, hialuronsav \u00e9s peptidek.<\/p>\n<p style=\"text-align: left;\">*m\u0171szeres vizsg\u00e1latok<\/p>\n","protected":false},"excerpt":{"rendered":"<p>Bogata \u00e9jszakai kr\u00e9m \u00e9rett, sz\u00e1raz \u00e9s norm\u00e1l b\u0151rre. Kiv\u00e1l\u00f3an kisim\u00edtja, t\u00e1pl\u00e1l\u00f3 \u00e9s r\u00e1nctalan\u00edt\u00f3 hat\u00e1s\u00fa. Vissza\u00e1ll\u00edtja a b\u0151r hidrat\u00e1lts\u00e1g\u00e1t \u00e9s feszess\u00e9g\u00e9t. A kr\u00e9m kiv\u00e9teles tulajdons\u00e1gait a NANODISZK&#x2122;-eknek k\u00f6sz\u00f6nheti, amelyek n\u00f6velik a b\u0151rbe val\u00f3 behatol\u00e1st: tiszta retinol 340%-kal*, hialuronsav \u00e9s peptidek.<\/p>\n","protected":false},"featured_media":452545,"comment_status":"open","ping_status":"closed","template":"","meta":{"_acf_changed":false,"inline_featured_image":false},"product_brand":[],"product_cat":[1293],"product_tag":[1343,1329,1294,1283,1328,1300,1327,1271,1275,1276],"class_list":{"0":"post-452540","1":"product","2":"type-product","3":"status-publish","4":"has-post-thumbnail","6":"product_cat-infusion-hu","7":"product_tag-arckremek","8":"product_tag-kremserum-na-noc-hu","9":"product_tag-infusion-hu","10":"product_tag-kazdy-rodzaj-skory-hu","11":"product_tag-krem-na-noc-hu","12":"product_tag-redukcja-podraznien-hu","13":"product_tag-nagyon-szaraz-erett-bor","14":"product_tag-rancok-csokkentese","15":"product_tag-skora-normalna-hu","16":"product_tag-skora-sucha-hu","17":"pa_dzialanie-dojrzala-bardzo-sucha-skora-hu","19":"first","20":"outofstock","21":"shipping-taxable","22":"purchasable","23":"product-type-simple"},"acf":[],"df_price":307,"df_sale_price":"","df_regular_price":307,"df_image_link":"https:\/\/www.yonelle.pl\/wp-content\/uploads\/2013\/11\/INFUSION-ODZYWCZY-KREM-NA-NOC-1-300x300.jpg","_links":{"self":[{"href":"https:\/\/www.yonelle.pl\/hu\/wp-json\/wp\/v2\/product\/452540","targetHints":{"allow":["GET"]}}],"collection":[{"href":"https:\/\/www.yonelle.pl\/hu\/wp-json\/wp\/v2\/product"}],"about":[{"href":"https:\/\/www.yonelle.pl\/hu\/wp-json\/wp\/v2\/types\/product"}],"replies":[{"embeddable":true,"href":"https:\/\/www.yonelle.pl\/hu\/wp-json\/wp\/v2\/comments?post=452540"}],"wp:featuredmedia":[{"embeddable":true,"href":"https:\/\/www.yonelle.pl\/hu\/wp-json\/wp\/v2\/media\/452545"}],"wp:attachment":[{"href":"https:\/\/www.yonelle.pl\/hu\/wp-json\/wp\/v2\/media?parent=452540"}],"wp:term":[{"taxonomy":"product_brand","embeddable":true,"href":"https:\/\/www.yonelle.pl\/hu\/wp-json\/wp\/v2\/product_brand?post=452540"},{"taxonomy":"product_cat","embeddable":true,"href":"https:\/\/www.yonelle.pl\/hu\/wp-json\/wp\/v2\/product_cat?post=452540"},{"taxonomy":"product_tag","embeddable":true,"href":"https:\/\/www.yonelle.pl\/hu\/wp-json\/wp\/v2\/product_tag?post=452540"}],"curies":[{"name":"wp","href":"https:\/\/api.w.org\/{rel}","templated":true}]}}