{"id":452531,"date":"2016-08-12T08:58:47","date_gmt":"2016-08-12T06:58:47","guid":{"rendered":"https:\/\/www.yonelle.pl\/produkt\/yoshino-pure-care-bioaktywny-tonik-rewitalizujacy\/"},"modified":"2025-12-02T11:41:18","modified_gmt":"2025-12-02T10:41:18","slug":"yoshino-pure-care-bioaktiv-revitalizalo-tonik","status":"publish","type":"product","link":"https:\/\/www.yonelle.pl\/hu\/produkt\/yoshino-pure-care-bioaktiv-revitalizalo-tonik\/","title":{"rendered":"YOSHINO Pure &amp; Care Bioakt\u00edv Revitaliz\u00e1l\u00f3 Tonik"},"content":{"rendered":"<h3 class=\"tag\" style=\"text-align: justify\">ARC- \u00c9S SZEMSMINK ELT\u00c1VOL\u00cdT\u00c1SA<\/h3>\n<p><strong>Bioakt\u00edv tonik, amely \u00faj \u00e9letet adhat a b\u0151rnek.<\/strong> Seg\u00edt a f\u00e1radt, sz\u00fcrk\u00e9s \u00e1rnyalat\u00fa b\u0151rnek visszanyerni vitalit\u00e1s\u00e1t \u00e9s ragyog\u00e1s\u00e1t. Elt\u00e1vol\u00edtja a felesleges faggy\u00fat, tiszt\u00edtja \u00e9s felszabad\u00edtja a p\u00f3rusokat, h\u00e1mlasztja az elhalt h\u00e1msejteket, serkenti a biol\u00f3giai meg\u00fajul\u00e1st. A b\u0151r l\u00e1tv\u00e1nyosan sim\u00e1bb\u00e1 \u00e9s eg\u00e9szs\u00e9gesebb kin\u00e9zet\u0171v\u00e9 v\u00e1lik. Probl\u00e9m\u00e1s b\u0151r eset\u00e9n cs\u00f6kken a mitesszerek \u00e9s pattan\u00e1sok kialakul\u00e1s\u00e1nak hajlama, a p\u00f3rusok l\u00e1that\u00f3an sz\u0171k\u00fclnek, a b\u0151r vil\u00e1gosabb\u00e1 v\u00e1lik, \u00e9s egyenletesebb sz\u00ednt \u00e9s text\u00far\u00e1t kap.<\/p>\n<p><strong>Sz\u00e9les spektrum\u00fa hat\u00e1s\u00e1t a term\u00e9szetes tejsav \u00e9s bork\u0151sav, a laktobionsav \u00e9s a koreai Yoshino vir\u00e1gok esszenci\u00e1ja, m\u00e1s n\u00e9ven Jeju Blossom biztos\u00edtja.<\/strong><\/p>\n<p>&nbsp;<\/p>\n","protected":false},"excerpt":{"rendered":"<p>Bioakt\u00edv tonik, amely \u00faj \u00e9letet adhat az arcb\u0151rnek. Seg\u00edt a f\u00e1radt, sz\u00fcrke t\u00f3nus\u00fa b\u0151rnek visszanyerni vitalit\u00e1s\u00e1t \u00e9s ragyog\u00e1s\u00e1t. Elt\u00e1vol\u00edtja a felesleges faggy\u00fat, tiszt\u00edtja \u00e9s felszabad\u00edtja a p\u00f3rusokat, h\u00e1mlasztja az elhalt h\u00e1msejteket, valamint serkenti a biol\u00f3giai meg\u00fajul\u00e1st. K\u00fcl\u00f6n\u00f6sen aj\u00e1nlott norm\u00e1l, zs\u00edros, vegyes, bele\u00e9rtve a probl\u00e9m\u00e1s b\u0151rre is.<\/p>\n","protected":false},"featured_media":452532,"comment_status":"open","ping_status":"closed","template":"","meta":{"_acf_changed":false,"inline_featured_image":false},"product_brand":[],"product_cat":[1299],"product_tag":[1301,1268,1273,1275,1277,1304,1291],"class_list":{"0":"post-452531","1":"product","2":"type-product","3":"status-publish","4":"has-post-thumbnail","6":"product_cat-yoshino-pure-care-hu","7":"product_tag-arctisztito-es-moso-termekek","8":"product_tag-mlodzienczy-blask-hu","9":"product_tag-skora-mieszana-hu","10":"product_tag-skora-normalna-hu","11":"product_tag-skora-tlusta-hu","12":"product_tag-yoshino-hu","13":"product_tag-zwezenie-porow-hu","15":"first","16":"instock","17":"shipping-taxable","18":"purchasable","19":"product-type-simple"},"acf":[],"df_price":186,"df_sale_price":"","df_regular_price":186,"df_image_link":"https:\/\/www.yonelle.pl\/wp-content\/uploads\/2016\/08\/YOSHINO-PURE-CARE-BIOAKTYWNY-TONIK-REWITALIZUJACY-1000x1000-1-300x300.jpg","_links":{"self":[{"href":"https:\/\/www.yonelle.pl\/hu\/wp-json\/wp\/v2\/product\/452531","targetHints":{"allow":["GET"]}}],"collection":[{"href":"https:\/\/www.yonelle.pl\/hu\/wp-json\/wp\/v2\/product"}],"about":[{"href":"https:\/\/www.yonelle.pl\/hu\/wp-json\/wp\/v2\/types\/product"}],"replies":[{"embeddable":true,"href":"https:\/\/www.yonelle.pl\/hu\/wp-json\/wp\/v2\/comments?post=452531"}],"wp:featuredmedia":[{"embeddable":true,"href":"https:\/\/www.yonelle.pl\/hu\/wp-json\/wp\/v2\/media\/452532"}],"wp:attachment":[{"href":"https:\/\/www.yonelle.pl\/hu\/wp-json\/wp\/v2\/media?parent=452531"}],"wp:term":[{"taxonomy":"product_brand","embeddable":true,"href":"https:\/\/www.yonelle.pl\/hu\/wp-json\/wp\/v2\/product_brand?post=452531"},{"taxonomy":"product_cat","embeddable":true,"href":"https:\/\/www.yonelle.pl\/hu\/wp-json\/wp\/v2\/product_cat?post=452531"},{"taxonomy":"product_tag","embeddable":true,"href":"https:\/\/www.yonelle.pl\/hu\/wp-json\/wp\/v2\/product_tag?post=452531"}],"curies":[{"name":"wp","href":"https:\/\/api.w.org\/{rel}","templated":true}]}}