{"id":452529,"date":"2016-08-12T09:24:50","date_gmt":"2016-08-12T07:24:50","guid":{"rendered":"https:\/\/www.yonelle.pl\/produkt\/yoshino-pure-care-esencjonalny-tonik-kojacy\/"},"modified":"2026-03-10T09:35:02","modified_gmt":"2026-03-10T08:35:02","slug":"yoshino-pure-care-esszencialis-nyugtato-tonik","status":"publish","type":"product","link":"https:\/\/www.yonelle.pl\/hu\/produkt\/yoshino-pure-care-esszencialis-nyugtato-tonik\/","title":{"rendered":"YOSHINO PURE &amp; CARE Esszenci\u00e1lis Nyugtat\u00f3 Tonik"},"content":{"rendered":"<h3 class=\"tag\" style=\"text-align: justify\">SZ\u00c1RAZ, \u00c9RZ\u00c9KENY, \u00c9RHAJAS B\u0150R<\/h3>\n<p><strong>Nagyon gyeng\u00e9d tonik, amely \u00fagy m\u0171k\u00f6dik, mint egy finom, nyugtat\u00f3 borogat\u00e1s.<\/strong> K\u00e9nyelmet biztos\u00edt m\u00e9g a legig\u00e9nyesebb b\u0151r sz\u00e1m\u00e1ra is. Vissza\u00e1ll\u00edtja a b\u0151r megfelel\u0151 pH-\u00e9rt\u00e9k\u00e9t, enyhe h\u0171s\u00edt\u0151 \u00e9s friss\u00edt\u0151 \u00e9rz\u00e9st ny\u00fajt. Gyorsan hidrat\u00e1l \u00e9s cs\u00f6kkenti a fesz\u00fcl\u00e9s \u00e9rz\u00e9s\u00e9t, amely n\u00e9ha a smink elt\u00e1vol\u00edt\u00e1sa ut\u00e1n jelentkezik, valamint sz\u00e1raz, dehidrat\u00e1lt vagy \u00e9rz\u00e9keny b\u0151r eset\u00e9n is el\u0151fordul.<\/p>\n<p>A tonikot koreai Yoshino vir\u00e1gok esszenci\u00e1j\u00e1nak alapj\u00e1ra fejlesztett\u00e9k ki. M\u00e1s n\u00e9ven Jeju Blossom, egy \u00e9rt\u00e9kes \u00f6sszetev\u0151, amelyet nemr\u00e9giben Kore\u00e1b\u00f3l szereztek be a vil\u00e1g kozmetikai ipar\u00e1hoz. <strong>Az esszencia antioxid\u00e1ns, nyugtat\u00f3, b\u0151rp\u00edrt \u00e9s irrit\u00e1ci\u00f3 t\u00fcneteit enyh\u00edt\u0151 tulajdons\u00e1gokkal rendelkezik.<\/strong> Hat\u00e1s\u00e1t tiszta hialuronsav, ter\u00e1pi\u00e1s adagokban D-pantenol, aminosavak \u00e9s trehal\u00f3z t\u00e1mogatj\u00e1k \u2013 rendk\u00edv\u00fcl hat\u00e9kony hidrat\u00e1l\u00f3k, amelyek nyugtat\u00f3 hat\u00e1s\u00faak \u00e9s n\u00f6velik a b\u0151r ellen\u00e1ll\u00f3 k\u00e9pess\u00e9g\u00e9t.<\/p>\n<p>A tonik nem tartalmaz alkoholt.<\/p>\n<p>&nbsp;<\/p>\n<p>&nbsp;<\/p>\n","protected":false},"excerpt":{"rendered":"<p>B\u00e1rsonyos tonik, amely gyeng\u00e9d, nyugtat\u00f3 borogat\u00e1sk\u00e9nt hat. Helyre\u00e1ll\u00edtja a b\u0151r megfelel\u0151 pH-\u00e9rt\u00e9k\u00e9t, \u00e9s enyhe h\u0171s\u00edt\u0151, friss\u00edt\u0151 \u00e9rz\u00e9st ny\u00fajt. Gyorsan hidrat\u00e1l \u00e9s cs\u00f6kkenti a sminkelt\u00e1vol\u00edt\u00e1s ut\u00e1n esetenk\u00e9nt jelentkez\u0151 fesz\u00fcl\u0151 \u00e9rz\u00e9st. Ide\u00e1lis sz\u00e1raz, \u00e9rz\u00e9keny \u00e9s hajsz\u00e1leres b\u0151rre.<\/p>\n","protected":false},"featured_media":452530,"comment_status":"open","ping_status":"closed","template":"","meta":{"_acf_changed":false,"inline_featured_image":false},"product_brand":[],"product_cat":[1299],"product_tag":[1301,1300,1284,1302,1274,1275,1276,1304],"class_list":{"0":"post-452529","1":"product","2":"type-product","3":"status-publish","4":"has-post-thumbnail","6":"product_cat-yoshino-pure-care-hu","7":"product_tag-arctisztito-es-moso-termekek","8":"product_tag-redukcja-podraznien-hu","9":"product_tag-nawilzanie-hu","10":"product_tag-redukcja-zaczerwienien-hu","11":"product_tag-skora-naczynkowa-hu","12":"product_tag-skora-normalna-hu","13":"product_tag-skora-sucha-hu","14":"product_tag-yoshino-hu","16":"first","17":"instock","18":"shipping-taxable","19":"purchasable","20":"product-type-simple"},"acf":[],"df_price":175,"df_sale_price":"","df_regular_price":175,"df_image_link":"https:\/\/www.yonelle.pl\/wp-content\/uploads\/2016\/08\/YOSHINO-PURE-CARE-ESENCJONALNY-TONIK-KOJACY-1000x1000-1-300x300.jpg","_links":{"self":[{"href":"https:\/\/www.yonelle.pl\/hu\/wp-json\/wp\/v2\/product\/452529","targetHints":{"allow":["GET"]}}],"collection":[{"href":"https:\/\/www.yonelle.pl\/hu\/wp-json\/wp\/v2\/product"}],"about":[{"href":"https:\/\/www.yonelle.pl\/hu\/wp-json\/wp\/v2\/types\/product"}],"replies":[{"embeddable":true,"href":"https:\/\/www.yonelle.pl\/hu\/wp-json\/wp\/v2\/comments?post=452529"}],"wp:featuredmedia":[{"embeddable":true,"href":"https:\/\/www.yonelle.pl\/hu\/wp-json\/wp\/v2\/media\/452530"}],"wp:attachment":[{"href":"https:\/\/www.yonelle.pl\/hu\/wp-json\/wp\/v2\/media?parent=452529"}],"wp:term":[{"taxonomy":"product_brand","embeddable":true,"href":"https:\/\/www.yonelle.pl\/hu\/wp-json\/wp\/v2\/product_brand?post=452529"},{"taxonomy":"product_cat","embeddable":true,"href":"https:\/\/www.yonelle.pl\/hu\/wp-json\/wp\/v2\/product_cat?post=452529"},{"taxonomy":"product_tag","embeddable":true,"href":"https:\/\/www.yonelle.pl\/hu\/wp-json\/wp\/v2\/product_tag?post=452529"}],"curies":[{"name":"wp","href":"https:\/\/api.w.org\/{rel}","templated":true}]}}