{"id":452523,"date":"2016-10-17T15:47:44","date_gmt":"2016-10-17T13:47:44","guid":{"rendered":"https:\/\/www.yonelle.pl\/produkt\/trifusion-plynny-krem-napinacz\/"},"modified":"2026-04-20T14:46:44","modified_gmt":"2026-04-20T12:46:44","slug":"trifusion-folyekony-szemkornyekapolo-krem-arcra-es-allra","status":"publish","type":"product","link":"https:\/\/www.yonelle.pl\/hu\/produkt\/trifusion-folyekony-szemkornyekapolo-krem-arcra-es-allra\/","title":{"rendered":"TRIFUS\u00cdON Foly\u00e9kony Szemk\u00f6rny\u00e9k\u00e1pol\u00f3 Kr\u00e9m, Arcra \u00e9s \u00c1llra"},"content":{"rendered":"<h3>Kozmetikai \u201emikroseb\u00e9sz\u201d \u00e9rett b\u0151rre<\/h3>\n<p><strong>Er\u0151sen hat\u00f3 foly\u00e9kony nappali \u00e9s \u00e9jszakai kr\u00e9m.<\/strong> Kozmetikai \u201emikroseb\u00e9sz\u201d \u00e9rett, \u00e9rz\u00e9keny \u00e9s allergi\u00e1s b\u0151rre is. K\u00fcl\u00f6n\u00f6sen aj\u00e1nlott f\u00e1radt, petyh\u00fcdt, feszes\u00edt\u0151 fiatal\u00edt\u00f3 injekci\u00f3ra szorul\u00f3 b\u0151rre. Beolvad a b\u0151rbe, kiv\u00e1l\u00f3 liftinget biztos\u00edtva a smink al\u00e1. A szokatlan, foly\u00e9kony \u00e1llag lehet\u0151v\u00e9 teszi, hogy pontosan v\u00e9kony r\u00e9tegben vigy\u00fck fel a nagyon gazdag k\u00e9sz\u00edtm\u00e9nyt a b\u0151rre. Ez k\u00fcl\u00f6n\u00f6sen fontos a szem alatti ter\u00fcletek alkalmaz\u00e1sakor.<\/p>\n<p><strong>Egy \u00f3ra eltelt\u00e9vel a b\u0151r feszess\u00e9ge ak\u00e1r 30%-kal is n\u00f6vekszik. Er\u0151s b\u0151rfesz\u00fcl\u00e9s \u00e9rz\u00e9se jelentkezik bel\u00fclr\u0151l, \u00e9s a t\u00e1mogat\u00f3 v\u00e1z meger\u0151s\u00f6dik.<\/strong> A kr\u00e9m optim\u00e1lisan feszes\u00edti a szemk\u00f6rny\u00e9ket, az arcot \u00e9s az \u00e1llat, ak\u00e1r 40%-kal 5 \u00f3ra eltelt\u00e9vel. Kiv\u00e1l\u00f3an sim\u00edt, ak\u00e1r 30%-kal 7 nap ut\u00e1n, cs\u00f6kkenti a r\u00e1ncok \u00e9s bar\u00e1zd\u00e1k l\u00e1that\u00f3s\u00e1g\u00e1t, bele\u00e9rtve a szem alatti ter\u00fcleteket is, fiatal\u00edtja az arc kont\u00farj\u00e1t, jelent\u0151sen cs\u00f6kkenti a p\u00f3rusokat, kiegyenl\u00edti \u00e9s jav\u00edtja a b\u0151rsz\u00ednt, valamint allergiaellenes hat\u00e1st mutat.<\/p>\n<p>&nbsp;<\/p>\n","protected":false},"excerpt":{"rendered":"<p>Nagyon er\u0151s hat\u00e1s\u00fa nappali \u00e9s \u00e9jszakai kr\u00e9m foly\u00e9kony emulzi\u00f3 form\u00e1j\u00e1ban. M\u00e1r egy \u00f3ra eltelt\u00e9vel a b\u0151r feszess\u00e9ge ak\u00e1r 30%-kal is n\u00f6vekszik. Cs\u00f6kkenti a r\u00e1ncok \u00e9s bar\u00e1zd\u00e1k l\u00e1that\u00f3s\u00e1g\u00e1t, m\u00e9g a szem alatt is. \u00c9rett b\u0151rre, bele\u00e9rtve az \u00e9rz\u00e9keny \u00e9s allergi\u00e1s b\u0151rt is. K\u00fcl\u00f6n\u00f6sen aj\u00e1nlott f\u00e1radt \u00e9s petyh\u00fcdt b\u0151rre, amely feszes\u00edt\u0151, fiatal\u00edt\u00f3 injekci\u00f3ra szorul.<\/p>\n","protected":false},"featured_media":526364,"comment_status":"open","ping_status":"closed","template":"","meta":{"_acf_changed":false,"inline_featured_image":false},"product_brand":[],"product_cat":[1348],"product_tag":[1343,1361,1270,1265,1363,1365,1266,1346,1271,1273,1275,1277,1342,1350,1291],"class_list":{"0":"post-452523","1":"product","2":"type-product","3":"status-publish","4":"has-post-thumbnail","6":"product_cat-trifusion-hu","7":"product_tag-arckremek","8":"product_tag-brak-jedrnosci-i-elastycznosci-pod-oczami-hu","9":"product_tag-konturjavitas-lifting","10":"product_tag-krem-dzienno-nocny-hu","11":"product_tag-krem-pod-oczy-hu","12":"product_tag-linie-i-zmarszczki-pod-oczami-hu","13":"product_tag-kremserum-na-dziennoc-hu","14":"product_tag-nyak-es-dekoltazskrem","15":"product_tag-rancok-csokkentese","16":"product_tag-skora-mieszana-hu","17":"product_tag-skora-normalna-hu","18":"product_tag-skora-tlusta-hu","19":"product_tag-szemkrem-szerum","20":"product_tag-trifusion-hu","21":"product_tag-zwezenie-porow-hu","22":"pa_dzialanie-ochrona-anti-pollution-hu","23":"pa_dzialanie-poprawa-owalu-lifting-hu","24":"pa_dzialanie-redukcja-zmarszczek-hu","26":"first","27":"instock","28":"shipping-taxable","29":"purchasable","30":"product-type-simple"},"acf":[],"df_price":426,"df_sale_price":"","df_regular_price":426,"df_image_link":"https:\/\/www.yonelle.pl\/wp-content\/uploads\/2016\/10\/TRIFUSION-PLYNNY-KREM-NAPINACZ-POD-OCZY-NA-TWARZ-I-PODBRODEK_2_strona_1000x1000-dzien-noc_small-300x300.jpg","_links":{"self":[{"href":"https:\/\/www.yonelle.pl\/hu\/wp-json\/wp\/v2\/product\/452523","targetHints":{"allow":["GET"]}}],"collection":[{"href":"https:\/\/www.yonelle.pl\/hu\/wp-json\/wp\/v2\/product"}],"about":[{"href":"https:\/\/www.yonelle.pl\/hu\/wp-json\/wp\/v2\/types\/product"}],"replies":[{"embeddable":true,"href":"https:\/\/www.yonelle.pl\/hu\/wp-json\/wp\/v2\/comments?post=452523"}],"wp:featuredmedia":[{"embeddable":true,"href":"https:\/\/www.yonelle.pl\/hu\/wp-json\/wp\/v2\/media\/526364"}],"wp:attachment":[{"href":"https:\/\/www.yonelle.pl\/hu\/wp-json\/wp\/v2\/media?parent=452523"}],"wp:term":[{"taxonomy":"product_brand","embeddable":true,"href":"https:\/\/www.yonelle.pl\/hu\/wp-json\/wp\/v2\/product_brand?post=452523"},{"taxonomy":"product_cat","embeddable":true,"href":"https:\/\/www.yonelle.pl\/hu\/wp-json\/wp\/v2\/product_cat?post=452523"},{"taxonomy":"product_tag","embeddable":true,"href":"https:\/\/www.yonelle.pl\/hu\/wp-json\/wp\/v2\/product_tag?post=452523"}],"curies":[{"name":"wp","href":"https:\/\/api.w.org\/{rel}","templated":true}]}}