{"id":452517,"date":"2018-05-17T13:33:47","date_gmt":"2018-05-17T11:33:47","guid":{"rendered":"https:\/\/www.yonelle.pl\/produkt\/yonelle-metamorphosis-rozswietlajacy-nawilzacz-ze-zlotymi-drobinkami\/"},"modified":"2026-03-06T11:50:02","modified_gmt":"2026-03-06T10:50:02","slug":"metamorphosis-arany-reszecskekkel-dusitott-fenylo-hidratalo","status":"publish","type":"product","link":"https:\/\/www.yonelle.pl\/hu\/produkt\/metamorphosis-arany-reszecskekkel-dusitott-fenylo-hidratalo\/","title":{"rendered":"METAMORPHOSIS Arany R\u00e9szecsk\u00e9kkel D\u00fas\u00edtott F\u00e9nyl\u0151 Hidrat\u00e1l\u00f3"},"content":{"rendered":"<h3>\u201eSZEXI MEGJELEN\u00c9S\u201d EGY M\u00c1SODPERC ALATT!<\/h3>\n<p><strong>Modern kozmetikum gazdag hidrog\u00e9l form\u00e1j\u00e1ban. <\/strong>Er\u0151s\u00edti minden kr\u00e9m hidrat\u00e1l\u00f3 hat\u00e1s\u00e1t, mik\u00f6zben a b\u0151r sz\u00e9p\u00edt\u0151 \u00e1talakul\u00e1s\u00e1t is biztos\u00edtja. AHT KOMPLEX (aminosavak, hialuronsav, trehal\u00f3z) r\u00e9v\u00e9n a b\u0151r leny\u0171g\u00f6z\u0151 simas\u00e1got \u00e9s rugalmass\u00e1got nyer. Az arany f\u00e9ny pedig azonnal gy\u00f6ny\u00f6r\u0171, cs\u00e1b\u00edt\u00f3 ragyog\u00e1st biztos\u00edt. A b\u0151r fiatalabbnak, sug\u00e1rz\u00f3bbnak \u00e9s frissebbnek t\u0171nik.<\/p>\n<p><strong>Ez a h\u00edres csillog\u00f3 \u00fcveglap hat\u00e1s &#8211; koreai sl\u00e1ger, amely megh\u00f3d\u00edtja a kozmetikai vil\u00e1got.\u00a0<\/strong><\/p>\n<p>&nbsp;<\/p>\n","protected":false},"excerpt":{"rendered":"<p>Efekt &#8222;SEXY LOOK&#8221; 1 m\u00e1sodperc alatt! Vill\u00e1mgyorsan jav\u00edtja a sz\u00fcrke \u00e9s f\u00e1radt b\u0151r megjelen\u00e9s\u00e9t, extra hidrat\u00e1l\u00e1st, cs\u00e1b\u00edt\u00f3 ragyog\u00e1st \u00e9s \u00fcvegszer\u0171 hat\u00e1st biztos\u00edtva \u2013 GLASS SKIN. A kozmetikum f\u00e9nyvisszaver\u0151 r\u00e9szecsk\u00e9ket \u00e9s AHT KOMPLEXET (aminosavak, hialuronsav, trehal\u00f3z) tartalmaz, amely leny\u0171g\u00f6z\u0151 simas\u00e1got \u00e9s rugalmass\u00e1got k\u00f6lcs\u00f6n\u00f6z a b\u0151rnek.<\/p>\n","protected":false},"featured_media":452522,"comment_status":"open","ping_status":"closed","template":"","meta":{"_acf_changed":false,"inline_featured_image":false},"product_brand":[],"product_cat":[1282],"product_tag":[1357,1343,1283,1265,1375,1334,1284,1272,1273,1275,1276,1277],"class_list":{"0":"post-452517","1":"product","2":"type-product","3":"status-publish","4":"has-post-thumbnail","6":"product_cat-metamorphosis-hu","7":"product_tag-apolas-smink-vedelem","8":"product_tag-arckremek","9":"product_tag-kazdy-rodzaj-skory-hu","10":"product_tag-krem-dzienno-nocny-hu","11":"product_tag-metamorphosis-hu","12":"product_tag-kremyserum-na-dzien-hu","13":"product_tag-nawilzanie-hu","14":"product_tag-rozswietlenie-hu","15":"product_tag-skora-mieszana-hu","16":"product_tag-skora-normalna-hu","17":"product_tag-skora-sucha-hu","18":"product_tag-skora-tlusta-hu","19":"pa_dzialanie-pielegnacja-make-up-ochrona-hu","21":"first","22":"instock","23":"shipping-taxable","24":"purchasable","25":"product-type-simple"},"acf":[],"df_price":139,"df_sale_price":"","df_regular_price":139,"df_image_link":"https:\/\/www.yonelle.pl\/wp-content\/uploads\/2018\/05\/METAMORPHOSIS-ROZSWIETLAJACY-NAWILZACZ-ZE-ZLOTYMI-DROBINKAMI_1_strona_1000x1000-3-300x300.jpg","_links":{"self":[{"href":"https:\/\/www.yonelle.pl\/hu\/wp-json\/wp\/v2\/product\/452517","targetHints":{"allow":["GET"]}}],"collection":[{"href":"https:\/\/www.yonelle.pl\/hu\/wp-json\/wp\/v2\/product"}],"about":[{"href":"https:\/\/www.yonelle.pl\/hu\/wp-json\/wp\/v2\/types\/product"}],"replies":[{"embeddable":true,"href":"https:\/\/www.yonelle.pl\/hu\/wp-json\/wp\/v2\/comments?post=452517"}],"wp:featuredmedia":[{"embeddable":true,"href":"https:\/\/www.yonelle.pl\/hu\/wp-json\/wp\/v2\/media\/452522"}],"wp:attachment":[{"href":"https:\/\/www.yonelle.pl\/hu\/wp-json\/wp\/v2\/media?parent=452517"}],"wp:term":[{"taxonomy":"product_brand","embeddable":true,"href":"https:\/\/www.yonelle.pl\/hu\/wp-json\/wp\/v2\/product_brand?post=452517"},{"taxonomy":"product_cat","embeddable":true,"href":"https:\/\/www.yonelle.pl\/hu\/wp-json\/wp\/v2\/product_cat?post=452517"},{"taxonomy":"product_tag","embeddable":true,"href":"https:\/\/www.yonelle.pl\/hu\/wp-json\/wp\/v2\/product_tag?post=452517"}],"curies":[{"name":"wp","href":"https:\/\/api.w.org\/{rel}","templated":true}]}}