{"id":452511,"date":"2018-05-17T14:53:49","date_gmt":"2018-05-17T12:53:49","guid":{"rendered":"https:\/\/www.yonelle.pl\/produkt\/yonelle-metamorphosis-mus-perfektor-blyskawicznie-matujacy-skore\/"},"modified":"2026-01-07T14:25:10","modified_gmt":"2026-01-07T13:25:10","slug":"metamorphosis-azonnal-mattito-es-porusokat-elfedo-hab-perfektor","status":"publish","type":"product","link":"https:\/\/www.yonelle.pl\/hu\/produkt\/metamorphosis-azonnal-mattito-es-porusokat-elfedo-hab-perfektor\/","title":{"rendered":"METAMORPHOSIS Azonnal Matt\u00edt\u00f3 \u00e9s P\u00f3rusokat Elfed\u0151 Hab-Perfektor"},"content":{"rendered":"<h3>T\u00d6K\u00c9LETES B\u0150RMEGJELEN\u00c9S 1 M\u00c1SODPERC ALATT!<\/h3>\n<p><strong>Innovat\u00edv kozmetikum szuperk\u00f6nny\u0171 hab form\u00e1j\u00e1ban, amely szinte var\u00e1zslatos hat\u00e1ssal lep meg.<\/strong> 1 m\u00e1sodperc alatt t\u00f6k\u00e9letesen matt\u00edtja \u00e9s sim\u00edtja a b\u0151rt, valamint optikailag elhom\u00e1lyos\u00edtja a kit\u00e1gult p\u00f3rusokat. L\u00e1thatatlan, finom \u201ef\u00e1tyollal\u201d bor\u00edtja be a b\u0151r fel\u00fclet\u00e9t, amely professzion\u00e1lis f\u00e9nyk\u00e9p\u00e9szeti sz\u0171r\u0151k\u00e9nt m\u0171k\u00f6dik elmos\u00f3d\u00e1s (ang. blur) hat\u00e1ssal.<strong> Ez k\u00edv\u00e1nt k\u00e9p\u00e9less\u00e9g-cs\u00f6kken\u00e9st eredm\u00e9nyez, \u00edgy t\u00f6bbek k\u00f6z\u00f6tt a p\u00f3rusok \u00e9s r\u00e1ncok kev\u00e9sb\u00e9 l\u00e1that\u00f3v\u00e1 v\u00e1lnak, mintha retus\u00e1ltak lenn\u00e9nek.<\/strong><\/p>\n","protected":false},"excerpt":{"rendered":"<p>Perfekcion\u00e1lt b\u0151r megjelen\u00e9s 1 m\u00e1sodperc alatt! Innovat\u00edv kozmetikum ultrak\u00f6nny\u0171 hab form\u00e1j\u00e1ban, amely l\u00e1tv\u00e1nyos simas\u00e1got \u00e9s maxim\u00e1lis matt\u00edt\u00e1st biztos\u00edt. Elt\u0171nnek a kit\u00e1gult p\u00f3rusok, \u00e9s a r\u00e1ncok vonalai kev\u00e9sb\u00e9 l\u00e1that\u00f3ak. F\u00e9nyl\u0151 b\u0151rre, kit\u00e1gult p\u00f3rusokkal, amely azonnali \u201eblur\u201d hat\u00e1st ig\u00e9nyel.<\/p>\n","protected":false},"featured_media":452516,"comment_status":"open","ping_status":"closed","template":"","meta":{"_acf_changed":false,"inline_featured_image":false},"product_brand":[],"product_cat":[1282],"product_tag":[1357,1343,1265,1375,1334,1275,1277,1291],"class_list":{"0":"post-452511","1":"product","2":"type-product","3":"status-publish","4":"has-post-thumbnail","6":"product_cat-metamorphosis-hu","7":"product_tag-apolas-smink-vedelem","8":"product_tag-arckremek","9":"product_tag-krem-dzienno-nocny-hu","10":"product_tag-metamorphosis-hu","11":"product_tag-kremyserum-na-dzien-hu","12":"product_tag-skora-normalna-hu","13":"product_tag-skora-tlusta-hu","14":"product_tag-zwezenie-porow-hu","15":"pa_dzialanie-pielegnacja-make-up-ochrona-hu","17":"first","18":"instock","19":"shipping-taxable","20":"purchasable","21":"product-type-simple"},"acf":[],"df_price":132,"df_sale_price":"","df_regular_price":132,"df_image_link":"https:\/\/www.yonelle.pl\/wp-content\/uploads\/2018\/05\/METAMORPHOSIS-MUS-PERFEKTOR-BLYSKAWICZNIE-MATUJACY-SKORE-I-MASKUJACY-PORY_1_strona_1000x1000-300x300.jpg","_links":{"self":[{"href":"https:\/\/www.yonelle.pl\/hu\/wp-json\/wp\/v2\/product\/452511","targetHints":{"allow":["GET"]}}],"collection":[{"href":"https:\/\/www.yonelle.pl\/hu\/wp-json\/wp\/v2\/product"}],"about":[{"href":"https:\/\/www.yonelle.pl\/hu\/wp-json\/wp\/v2\/types\/product"}],"replies":[{"embeddable":true,"href":"https:\/\/www.yonelle.pl\/hu\/wp-json\/wp\/v2\/comments?post=452511"}],"wp:featuredmedia":[{"embeddable":true,"href":"https:\/\/www.yonelle.pl\/hu\/wp-json\/wp\/v2\/media\/452516"}],"wp:attachment":[{"href":"https:\/\/www.yonelle.pl\/hu\/wp-json\/wp\/v2\/media?parent=452511"}],"wp:term":[{"taxonomy":"product_brand","embeddable":true,"href":"https:\/\/www.yonelle.pl\/hu\/wp-json\/wp\/v2\/product_brand?post=452511"},{"taxonomy":"product_cat","embeddable":true,"href":"https:\/\/www.yonelle.pl\/hu\/wp-json\/wp\/v2\/product_cat?post=452511"},{"taxonomy":"product_tag","embeddable":true,"href":"https:\/\/www.yonelle.pl\/hu\/wp-json\/wp\/v2\/product_tag?post=452511"}],"curies":[{"name":"wp","href":"https:\/\/api.w.org\/{rel}","templated":true}]}}