{"id":452505,"date":"2017-06-30T10:54:46","date_gmt":"2017-06-30T08:54:46","guid":{"rendered":"https:\/\/www.yonelle.pl\/produkt\/yonelle-infusion-intensywne-serum-przeciwzmarszczkowe\/"},"modified":"2026-02-18T14:43:44","modified_gmt":"2026-02-18T13:43:44","slug":"infusion-intenziv-ranctalanito-szerum","status":"publish","type":"product","link":"https:\/\/www.yonelle.pl\/hu\/produkt\/infusion-intenziv-ranctalanito-szerum\/","title":{"rendered":"INFUS\u00cdON Intenz\u00edv R\u00e1nctalan\u00edt\u00f3 Sz\u00e9rum"},"content":{"rendered":"<h3 class=\"tag\">\u201eFIATALS\u00c1G INJEKCI\u00d3JA\u201d RETINOLLAL<\/h3>\n<p><strong>Sz\u00e9rum \u2013 nagyon akt\u00edv, bio-kompatibilis r\u00e1nctalan\u00edt\u00f3 injekci\u00f3 \u00e9rett, anyagcsere-stimul\u00e1ci\u00f3t \u00e9s revitaliz\u00e1ci\u00f3t ig\u00e9nyl\u0151 b\u0151rre.<\/strong> Komplexen hat a b\u0151r \u00f6reged\u00e9s\u00e9nek minden ismert t\u00fcnet\u00e9re. Cs\u00f6kkenti a r\u00e1ncok m\u00e9lys\u00e9g\u00e9t \u00e9s sz\u00e1m\u00e1t, feszes\u00edt, hidrat\u00e1l, megel\u0151zi a b\u0151r megereszked\u00e9s\u00e9t. Jav\u00edtja a b\u0151r s\u0171r\u0171s\u00e9g\u00e9t \u00e9s rugalmass\u00e1g\u00e1t. A m\u00e9lyen behatol\u00f3 stimul\u00e1torok bekapcsol\u00f3dnak a b\u0151r term\u00e9szetes biol\u00f3giai meg\u00fajul\u00e1si folyamat\u00e1ba, felgyors\u00edtj\u00e1k \u00e9s szab\u00e1lyozz\u00e1k azt. Revitaliz\u00e1l\u00f3dnak a kollag\u00e9nt \u00e9s elasztint termel\u0151 sejtek. A b\u0151r visszanyeri fiatalos, eg\u00e9szs\u00e9ges sz\u00edn\u00e9t, vil\u00e1gosabb\u00e1, ragyog\u00f3bb\u00e1 \u00e9s sokkal sim\u00e1bb\u00e1 v\u00e1lik. A sz\u00e9rum kiv\u00e1l\u00f3 kozmetikum az otthoni mikrot\u0171s b\u0151rkezel\u00e9shez MEZOROLLER seg\u00edts\u00e9g\u00e9vel.<\/p>\n<p>A sz\u00e9rum alkalmaz\u00e1s\u00e1nak kiemelked\u0151 eredm\u00e9nyeit a stabil retinol b\u0151rbe val\u00f3 behatol\u00e1s\u00e1nak <strong>340%-os* n\u00f6vel\u00e9s\u00e9vel<\/strong> \u00e9rt\u00e9k el, amelyet <strong>NANODISZKEK&#x2122;<\/strong> z\u00e1rnak be, biztos\u00edtva annak kontroll\u00e1lt \u00e9s hosszan tart\u00f3 hat\u00e1s\u00e1t, valamint a b\u0151r min\u0151s\u00e9g\u00e9t jav\u00edt\u00f3 7 szuperakt\u00edv \u00f6sszetev\u0151 komplex\u00e9nek k\u00f6sz\u00f6nhet\u0151en.<\/p>\n<p style=\"text-align: left\">*m\u0171szeres vizsg\u00e1latok<\/p>\n","protected":false},"excerpt":{"rendered":"<p>Serum \u2013 nagyon akt\u00edv, biokompatibilis &#8222;r\u00e1nctalan\u00edt\u00f3 injekci\u00f3&#8221; \u00e9rett b\u0151rre, amely stimul\u00e1ci\u00f3t \u00e9s revitaliz\u00e1ci\u00f3t ig\u00e9nyel. Cs\u00f6kkenti a r\u00e1ncok m\u00e9lys\u00e9g\u00e9t \u00e9s sz\u00e1m\u00e1t, feszes\u00edt, hidrat\u00e1l \u00e9s megakad\u00e1lyozza a b\u0151r megereszked\u00e9s\u00e9t. A b\u0151r leny\u0171g\u00f6z\u0151en sim\u00e1v\u00e1 \u00e9s ragyog\u00f3v\u00e1 v\u00e1lik.<\/p>\n","protected":false},"featured_media":452510,"comment_status":"open","ping_status":"closed","template":"","meta":{"_acf_changed":false,"inline_featured_image":false},"product_brand":[],"product_cat":[1293],"product_tag":[1344,1294,1321,1266,1284,1271,1323,1273,1275,1276,1277],"class_list":{"0":"post-452505","1":"product","2":"type-product","3":"status-publish","4":"has-post-thumbnail","6":"product_cat-infusion-hu","7":"product_tag-arcapolo-szerum","8":"product_tag-infusion-hu","9":"product_tag-intensywne-nawilzenie-i-blask_serum-hu","10":"product_tag-kremserum-na-dziennoc-hu","11":"product_tag-nawilzanie-hu","12":"product_tag-rancok-csokkentese","13":"product_tag-redukcja-zmarszczek-i-poprawa-jedrnosci_serum-hu","14":"product_tag-skora-mieszana-hu","15":"product_tag-skora-normalna-hu","16":"product_tag-skora-sucha-hu","17":"product_tag-skora-tlusta-hu","18":"pa_dzialanie-dojrzala-skora-o-nierownym-kolorycie-hu","19":"pa_dzialanie-dojrzala-skora-slabo-nawodniona-hu","20":"pa_dzialanie-redukcja-zmarszczek-hu","22":"first","23":"outofstock","24":"shipping-taxable","25":"purchasable","26":"product-type-simple"},"acf":[],"df_price":296,"df_sale_price":"","df_regular_price":296,"df_image_link":"https:\/\/www.yonelle.pl\/wp-content\/uploads\/2017\/06\/INFUSION-INTENSYWNE-SERUM-PRZECIWZMARSZCZKOWE_1-300x300.jpg","_links":{"self":[{"href":"https:\/\/www.yonelle.pl\/hu\/wp-json\/wp\/v2\/product\/452505","targetHints":{"allow":["GET"]}}],"collection":[{"href":"https:\/\/www.yonelle.pl\/hu\/wp-json\/wp\/v2\/product"}],"about":[{"href":"https:\/\/www.yonelle.pl\/hu\/wp-json\/wp\/v2\/types\/product"}],"replies":[{"embeddable":true,"href":"https:\/\/www.yonelle.pl\/hu\/wp-json\/wp\/v2\/comments?post=452505"}],"wp:featuredmedia":[{"embeddable":true,"href":"https:\/\/www.yonelle.pl\/hu\/wp-json\/wp\/v2\/media\/452510"}],"wp:attachment":[{"href":"https:\/\/www.yonelle.pl\/hu\/wp-json\/wp\/v2\/media?parent=452505"}],"wp:term":[{"taxonomy":"product_brand","embeddable":true,"href":"https:\/\/www.yonelle.pl\/hu\/wp-json\/wp\/v2\/product_brand?post=452505"},{"taxonomy":"product_cat","embeddable":true,"href":"https:\/\/www.yonelle.pl\/hu\/wp-json\/wp\/v2\/product_cat?post=452505"},{"taxonomy":"product_tag","embeddable":true,"href":"https:\/\/www.yonelle.pl\/hu\/wp-json\/wp\/v2\/product_tag?post=452505"}],"curies":[{"name":"wp","href":"https:\/\/api.w.org\/{rel}","templated":true}]}}