{"id":452485,"date":"2017-09-22T13:41:52","date_gmt":"2017-09-22T11:41:52","guid":{"rendered":"https:\/\/www.yonelle.pl\/produkt\/yonelle-trifusion-peeling-migdalowy-z-witamina-c-odmladzajacy-wyglad-skory\/"},"modified":"2026-04-27T23:20:53","modified_gmt":"2026-04-27T21:20:53","slug":"trifusion-mandulas-peeling-c-vitaminnal-fiatalito-borapolas","status":"publish","type":"product","link":"https:\/\/www.yonelle.pl\/hu\/produkt\/trifusion-mandulas-peeling-c-vitaminnal-fiatalito-borapolas\/","title":{"rendered":"TRIFUS\u00cdON Mandul\u00e1s Peeling C-vitaminnal Fiatal\u00edt\u00f3 B\u0151r\u00e1pol\u00e1s"},"content":{"rendered":"<h3>AZONNALI B\u0150R &#8222;FEL\u00c9BRESZT\u00c9SE&#8221;<\/h3>\n<p><strong>Mandulasavas peeling az azonnali &#8222;b\u0151r fel\u00e9breszt\u00e9s\u00e9hez&#8221;.<\/strong> Fokozza m\u00e1s kozmetikumok hat\u00e1s\u00e1t. Eg\u00e9sz \u00e9vben aj\u00e1nlott extra \u00e1pol\u00e1sk\u00e9nt minden eg\u00e9szs\u00e9ges b\u0151rt\u00edpusra, kiv\u00e9ve a nagyon \u00e9rz\u00e9keny b\u0151rt. Heti 1-2 alkalommal alkalmazhat\u00f3 az arcon, nyakon \u00e9s dekolt\u00e1zson a b\u0151rsz\u00edn fiatal\u00edt\u00e1sa \u00e9s a megjelen\u00e9s friss\u00edt\u00e9se \u00e9rdek\u00e9ben. Bankett el\u0151tti haszn\u00e1latra is aj\u00e1nlott.<\/p>\n<p>Selymes olaj szerkezet\u0171 g\u00e9l form\u00e1j\u00e1ban van, amely k\u00e9nyelmesen eloszlik a b\u0151r\u00f6n. K\u00f6zvetlen\u00fcl haszn\u00e1lat ut\u00e1n a b\u0151r p\u00f3rusai \u00f6sszeh\u00faz\u00f3dnak, hat\u00e1rozottan sim\u00e1bb, ragyog\u00f3bb, tele energi\u00e1val, kipihentnek \u00e9s fiatalabbnak t\u0171nik. A rendszeresen haszn\u00e1lt peeling kiv\u00e1l\u00f3 kieg\u00e9sz\u00edt\u0151 \u00e1pol\u00e1s &#8211; megk\u00f6nny\u00edti a kozmetikumok felsz\u00edv\u00f3d\u00e1s\u00e1t, felgyors\u00edtja a sejtek meg\u00fajul\u00e1s\u00e1t \u00e9s serkenti a lassult b\u0151ranyagcser\u00e9t. <strong>Hat\u00e9konyan tiszt\u00edt, vil\u00e1gos\u00edtja a pigmentfoltokat, g\u00e1tolja a b\u0151r alatti csom\u00f3k \u00e9s mitesszerek kialakul\u00e1s\u00e1t.<\/strong><\/p>\n<p>&nbsp;<\/p>\n","protected":false},"excerpt":{"rendered":"<p>Peeling mandulasavval \u00e9s C-vitaminnal az AZONNALI \u201eB\u0150R\u00c9BRESZT\u00c9S\u00c9RT\u201d. Hat\u00e9konyan tiszt\u00edt, vil\u00e1gos\u00edtja a pigmentfoltokat, g\u00e1tolja a b\u0151r alatti csom\u00f3k \u00e9s mitesszerek kialakul\u00e1s\u00e1t. Er\u0151s\u00edti m\u00e1s kozmetikumok hat\u00e1s\u00e1t \u00e9s megk\u00f6nny\u00edti azok felsz\u00edv\u00f3d\u00e1s\u00e1t. Eg\u00e9sz \u00e9vben aj\u00e1nlott extra \u00e1pol\u00e1sk\u00e9nt minden eg\u00e9szs\u00e9ges b\u0151rt\u00edpusra, kiv\u00e9ve a nagyon \u00e9rz\u00e9keny b\u0151rt.<\/p>\n","protected":false},"featured_media":452491,"comment_status":"open","ping_status":"closed","template":"","meta":{"_acf_changed":false,"inline_featured_image":false},"product_brand":[],"product_cat":[1348],"product_tag":[1339,1329,1283,1324,1272,1273,1275,1303,1277,1350,1291],"class_list":{"0":"post-452485","1":"product","2":"type-product","3":"status-publish","4":"has-post-thumbnail","6":"product_cat-trifusion-hu","7":"product_tag-arcradirok","8":"product_tag-kremserum-na-noc-hu","9":"product_tag-kazdy-rodzaj-skory-hu","10":"product_tag-rozjasnienie-przebarwien-hu","11":"product_tag-rozswietlenie-hu","12":"product_tag-skora-mieszana-hu","13":"product_tag-skora-normalna-hu","14":"product_tag-skora-sklonna-do-przebarwien-hu","15":"product_tag-skora-tlusta-hu","16":"product_tag-trifusion-hu","17":"product_tag-zwezenie-porow-hu","18":"pa_dzialanie-redukcja-zmarszczek-hu","20":"first","21":"instock","22":"shipping-taxable","23":"purchasable","24":"product-type-simple"},"acf":[],"df_price":288,"df_sale_price":"","df_regular_price":288,"df_image_link":"https:\/\/www.yonelle.pl\/wp-content\/uploads\/2017\/09\/TRIFUSION-PEELING-MIGDALOWY-Z-WITAMINA-C-ODMLADZAJACY-WYGLAD-SKORY-2-300x300.jpg","_links":{"self":[{"href":"https:\/\/www.yonelle.pl\/hu\/wp-json\/wp\/v2\/product\/452485","targetHints":{"allow":["GET"]}}],"collection":[{"href":"https:\/\/www.yonelle.pl\/hu\/wp-json\/wp\/v2\/product"}],"about":[{"href":"https:\/\/www.yonelle.pl\/hu\/wp-json\/wp\/v2\/types\/product"}],"replies":[{"embeddable":true,"href":"https:\/\/www.yonelle.pl\/hu\/wp-json\/wp\/v2\/comments?post=452485"}],"wp:featuredmedia":[{"embeddable":true,"href":"https:\/\/www.yonelle.pl\/hu\/wp-json\/wp\/v2\/media\/452491"}],"wp:attachment":[{"href":"https:\/\/www.yonelle.pl\/hu\/wp-json\/wp\/v2\/media?parent=452485"}],"wp:term":[{"taxonomy":"product_brand","embeddable":true,"href":"https:\/\/www.yonelle.pl\/hu\/wp-json\/wp\/v2\/product_brand?post=452485"},{"taxonomy":"product_cat","embeddable":true,"href":"https:\/\/www.yonelle.pl\/hu\/wp-json\/wp\/v2\/product_cat?post=452485"},{"taxonomy":"product_tag","embeddable":true,"href":"https:\/\/www.yonelle.pl\/hu\/wp-json\/wp\/v2\/product_tag?post=452485"}],"curies":[{"name":"wp","href":"https:\/\/api.w.org\/{rel}","templated":true}]}}