{"id":452478,"date":"2018-05-17T12:20:48","date_gmt":"2018-05-17T10:20:48","guid":{"rendered":"https:\/\/www.yonelle.pl\/produkt\/yonelle-trifusion-endoliftingujacy-krem-do-cery-naczynkowej\/"},"modified":"2026-02-16T09:15:05","modified_gmt":"2026-02-16T08:15:05","slug":"trifusion-endoliftingalo-krem-erzekeny-borre","status":"publish","type":"product","link":"https:\/\/www.yonelle.pl\/hu\/produkt\/trifusion-endoliftingalo-krem-erzekeny-borre\/","title":{"rendered":"TRIFUS\u00cdON Endolifting\u00e1l\u00f3 Kr\u00e9m \u00c9rz\u00e9keny B\u0151rre"},"content":{"rendered":"<h3>KOZMETIKAI \u201eMIKROSEB\u00c9SZ\u201d<\/h3>\n<p><strong>Nappali \u00e9s \u00e9jszakai kr\u00e9m \u00e9rett b\u0151rre, amely fiatal\u00edt\u00f3 hat\u00e1st \u00e9s az arc kont\u00farj\u00e1nak jav\u00edt\u00e1s\u00e1t ig\u00e9nyli.<\/strong> Kifejezetten \u00e9rz\u00e9keny, hajsz\u00e1l\u00e9r-probl\u00e9m\u00e1s, kipirosod\u00e1sra hajlamos b\u0151rre kifejlesztve. Kiv\u00e1l\u00f3 vegyes b\u0151rre is.<\/p>\n<p>Intenz\u00edven hat a b\u0151r l\u00e1that\u00f3 \u00e9s l\u00e1thatatlan \u00f6reged\u00e9si jelei ellen, valamint enyh\u00edti a stressz okozta \u00e9rrendszeri t\u00fal\u00e9rz\u00e9kenys\u00e9g probl\u00e9m\u00e1it. Er\u0151s endolifting hat\u00e1ssal rendelkezik \u2013 bel\u00fclr\u0151l feszes\u00edti a b\u0151rt. Ez az \u00e9rz\u00e9s m\u00e1r egy perccel a kr\u00e9m felvitele ut\u00e1n jelentkezik, \u00e9s a kr\u00e9m aktivit\u00e1s\u00e1t jelzi. A kr\u00e9m m\u00e9lyen feszes\u00edt, jav\u00edtja a rugalmass\u00e1got \u00e9s hidrat\u00e1lts\u00e1got, r\u00e1nctalan\u00edt\u00f3 hat\u00e1s\u00fa.<\/p>\n<p><strong>Rendszeres haszn\u00e1lat mellett a b\u0151r sim\u00e1bb\u00e1, vil\u00e1gosabb\u00e1 v\u00e1lik, eg\u00e9szs\u00e9gesebb \u00e9s egys\u00e9gesebb sz\u00ednt kap.<\/strong><\/p>\n","protected":false},"excerpt":{"rendered":"<p>Krem nappali \u00e9s \u00e9jszakai haszn\u00e1latra \u00e9rett b\u0151rre, amely fiatal\u00edt\u00e1st \u00e9s az arc kont\u00farj\u00e1nak jav\u00edt\u00e1s\u00e1t ig\u00e9nyli. K\u00fcl\u00f6n\u00f6sen aj\u00e1nlott \u00e9rz\u00e9keny, hajsz\u00e1l\u00e9r t\u00e1gul\u00e1sra hajlamos b\u0151rre. Cs\u00f6kkenti a b\u0151r kipirosod\u00e1sra val\u00f3 hajlam\u00e1t, \u00e9s intenz\u00edven hat a b\u0151r l\u00e1that\u00f3 \u00e9s l\u00e1thatatlan \u00f6reged\u00e9si jelei ellen. A kr\u00e9m egy b\u00e1rsonyos tapint\u00e1s\u00fa, z\u00f6ldes sz\u00edn\u0171 emulzi\u00f3.<\/p>\n","protected":false},"featured_media":452483,"comment_status":"open","ping_status":"closed","template":"","meta":{"_acf_changed":false,"inline_featured_image":false},"product_brand":[],"product_cat":[1348],"product_tag":[1343,1270,1265,1266,1284,1271,1302,1273,1274,1275,1350,1278],"class_list":{"0":"post-452478","1":"product","2":"type-product","3":"status-publish","4":"has-post-thumbnail","6":"product_cat-trifusion-hu","7":"product_tag-arckremek","8":"product_tag-konturjavitas-lifting","9":"product_tag-krem-dzienno-nocny-hu","10":"product_tag-kremserum-na-dziennoc-hu","11":"product_tag-nawilzanie-hu","12":"product_tag-rancok-csokkentese","13":"product_tag-redukcja-zaczerwienien-hu","14":"product_tag-skora-mieszana-hu","15":"product_tag-skora-naczynkowa-hu","16":"product_tag-skora-normalna-hu","17":"product_tag-trifusion-hu","18":"product_tag-ujedrnienie-hu","19":"pa_dzialanie-poprawa-owalu-lifting-hu","20":"pa_dzialanie-redukcja-zmarszczek-hu","22":"first","23":"instock","24":"shipping-taxable","25":"purchasable","26":"product-type-simple"},"acf":[],"df_price":426,"df_sale_price":"","df_regular_price":426,"df_image_link":"https:\/\/www.yonelle.pl\/wp-content\/uploads\/2018\/05\/TRIFUSION-ENDOLIFTINGUJACY-KREM-DO-CERY-NACZYNKOWEJ-1-300x300.jpg","_links":{"self":[{"href":"https:\/\/www.yonelle.pl\/hu\/wp-json\/wp\/v2\/product\/452478","targetHints":{"allow":["GET"]}}],"collection":[{"href":"https:\/\/www.yonelle.pl\/hu\/wp-json\/wp\/v2\/product"}],"about":[{"href":"https:\/\/www.yonelle.pl\/hu\/wp-json\/wp\/v2\/types\/product"}],"replies":[{"embeddable":true,"href":"https:\/\/www.yonelle.pl\/hu\/wp-json\/wp\/v2\/comments?post=452478"}],"wp:featuredmedia":[{"embeddable":true,"href":"https:\/\/www.yonelle.pl\/hu\/wp-json\/wp\/v2\/media\/452483"}],"wp:attachment":[{"href":"https:\/\/www.yonelle.pl\/hu\/wp-json\/wp\/v2\/media?parent=452478"}],"wp:term":[{"taxonomy":"product_brand","embeddable":true,"href":"https:\/\/www.yonelle.pl\/hu\/wp-json\/wp\/v2\/product_brand?post=452478"},{"taxonomy":"product_cat","embeddable":true,"href":"https:\/\/www.yonelle.pl\/hu\/wp-json\/wp\/v2\/product_cat?post=452478"},{"taxonomy":"product_tag","embeddable":true,"href":"https:\/\/www.yonelle.pl\/hu\/wp-json\/wp\/v2\/product_tag?post=452478"}],"curies":[{"name":"wp","href":"https:\/\/api.w.org\/{rel}","templated":true}]}}