{"id":452471,"date":"2021-03-12T16:44:04","date_gmt":"2021-03-12T15:44:04","guid":{"rendered":"https:\/\/www.yonelle.pl\/produkt\/trifusion-krem-reduktor-zmarszczek-mimicznych-w-okolicach-oczu-i-ust\/"},"modified":"2026-04-14T08:42:16","modified_gmt":"2026-04-14T06:42:16","slug":"trifusion-ranctalanito-krem-szem-es-szajkornyekre","status":"publish","type":"product","link":"https:\/\/www.yonelle.pl\/hu\/produkt\/trifusion-ranctalanito-krem-szem-es-szajkornyekre\/","title":{"rendered":"TRIFUS\u00cdON R\u00e1nctalan\u00edt\u00f3 Kr\u00e9m Szem- \u00e9s Sz\u00e1jk\u00f6rny\u00e9kre"},"content":{"rendered":"<h3>KOZMETIKAI &#8222;MIKROSEB\u00c9SZ&#8221; A MIMIKAI R\u00c1NCOK ELLEN<\/h3>\n<p>Nagy hat\u00e9konys\u00e1g\u00fa kr\u00e9m, amely a szem \u00e9s a sz\u00e1j k\u00f6r\u00fcli r\u00e1ncok cs\u00f6kkent\u00e9s\u00e9re szolg\u00e1l. <strong>Olyan \u00f6sszetev\u0151ket tartalmaz, amelyek ellaz\u00edtj\u00e1k a t\u00falzottan fesz\u00fclt mimikai izmokat,<\/strong> amelyek hossz\u00fa t\u00e1von a r\u00e1ncok kialakul\u00e1s\u00e1t \u00e9s r\u00f6gz\u00fcl\u00e9s\u00e9t okozz\u00e1k. Ezek leggyakrabban az \u00fagynevezett szarkal\u00e1bak, m\u00e1s n\u00e9ven nevet\u0151r\u00e1ncok a szem k\u00f6r\u00fcl, valamint a f\u00fcgg\u0151leges bar\u00e1zd\u00e1k a sz\u00e1j felett, amelyek az id\u0151 m\u00fal\u00e1s\u00e1val egyre m\u00e9lyebb\u00e9 v\u00e1lnak.<\/p>\n<p>A kr\u00e9m rendk\u00edv\u00fcli k\u00e9nyelmet \u00e9s haszn\u00e1lati \u00e9lvezetet ny\u00fajt, azonnali h\u0171s\u00edt\u0151 frissess\u00e9g\u00e9rzetet \u00e9s a f\u00e1radt b\u0151r rugalmass\u00e1g\u00e1nak javul\u00e1s\u00e1t hozza. Ez mind a szem, mind a sz\u00e1j k\u00f6r\u00fcl \u00e9rezhet\u0151. A mimikai r\u00e1ncok cs\u00f6kkent\u00e9se, a b\u0151rsz\u00edn felfriss\u00edt\u00e9se \u00e9s a b\u0151r nedvess\u00e9ggel val\u00f3 tel\u00edt\u00e9se kipihent, fiatalosabb \u00e9s vonz\u00f3bb megjelen\u00e9st k\u00f6lcs\u00f6n\u00f6z az arcnak. <strong>A szem alatti b\u0151r feszesebb, a t\u00e1sk\u00e1k kisebbnek t\u0171nnek, \u00e9s a sz\u00e1j feletti r\u00e1ncok sek\u00e9lyebbek.<\/strong><\/p>\n","protected":false},"excerpt":{"rendered":"<p>Kosmetikai \u201eMikroseb\u00e9sz\u201d intenz\u00edven cs\u00f6kkenti a mimikai r\u00e1ncokat a szem \u00e9s a sz\u00e1j k\u00f6r\u00fcl. Jav\u00edtja a b\u0151r feszess\u00e9g\u00e9t \u00e9s rugalmass\u00e1g\u00e1t, amely kipihent megjelen\u00e9st k\u00f6lcs\u00f6n\u00f6z. Serkenti a mikrokering\u00e9st, \u00edgy a duzzanatok kev\u00e9sb\u00e9 l\u00e1that\u00f3ak. A kr\u00e9m minden \u00e9rett b\u0151rt\u00edpusra aj\u00e1nlott.<\/p>\n","protected":false},"featured_media":526367,"comment_status":"open","ping_status":"closed","template":"","meta":{"_acf_changed":false,"inline_featured_image":false},"product_brand":[],"product_cat":[1348],"product_tag":[1361,1363,1365,1266,1366,1271,1273,1275,1276,1277,1380,1364,1367,1342,1350],"class_list":{"0":"post-452471","1":"product","2":"type-product","3":"status-publish","4":"has-post-thumbnail","6":"product_cat-trifusion-hu","7":"product_tag-brak-jedrnosci-i-elastycznosci-pod-oczami-hu","8":"product_tag-krem-pod-oczy-hu","9":"product_tag-linie-i-zmarszczki-pod-oczami-hu","10":"product_tag-kremserum-na-dziennoc-hu","11":"product_tag-opuchniecia-i-worki-pod-oczami-hu","12":"product_tag-rancok-csokkentese","13":"product_tag-skora-mieszana-hu","14":"product_tag-skora-normalna-hu","15":"product_tag-skora-sucha-hu","16":"product_tag-skora-tlusta-hu","17":"product_tag-suchosc-pod-oczami-hu","18":"product_tag-szarkalabak","19":"product_tag-szem-alatti-taskak","20":"product_tag-szemkrem-szerum","21":"product_tag-trifusion-hu","23":"first","24":"instock","25":"shipping-taxable","26":"purchasable","27":"product-type-simple"},"acf":[],"df_price":311,"df_sale_price":"","df_regular_price":311,"df_image_link":"https:\/\/www.yonelle.pl\/wp-content\/uploads\/2016\/10\/TRIFUSION-KREM-REDUKTOR-ZMARSZCZEK-MIMICZNYCH-W-OKOLICACH-OCZU-I-UST_1_strona_1000x1000_dzien-noc_small-300x300.jpg","_links":{"self":[{"href":"https:\/\/www.yonelle.pl\/hu\/wp-json\/wp\/v2\/product\/452471","targetHints":{"allow":["GET"]}}],"collection":[{"href":"https:\/\/www.yonelle.pl\/hu\/wp-json\/wp\/v2\/product"}],"about":[{"href":"https:\/\/www.yonelle.pl\/hu\/wp-json\/wp\/v2\/types\/product"}],"replies":[{"embeddable":true,"href":"https:\/\/www.yonelle.pl\/hu\/wp-json\/wp\/v2\/comments?post=452471"}],"wp:featuredmedia":[{"embeddable":true,"href":"https:\/\/www.yonelle.pl\/hu\/wp-json\/wp\/v2\/media\/526367"}],"wp:attachment":[{"href":"https:\/\/www.yonelle.pl\/hu\/wp-json\/wp\/v2\/media?parent=452471"}],"wp:term":[{"taxonomy":"product_brand","embeddable":true,"href":"https:\/\/www.yonelle.pl\/hu\/wp-json\/wp\/v2\/product_brand?post=452471"},{"taxonomy":"product_cat","embeddable":true,"href":"https:\/\/www.yonelle.pl\/hu\/wp-json\/wp\/v2\/product_cat?post=452471"},{"taxonomy":"product_tag","embeddable":true,"href":"https:\/\/www.yonelle.pl\/hu\/wp-json\/wp\/v2\/product_tag?post=452471"}],"curies":[{"name":"wp","href":"https:\/\/api.w.org\/{rel}","templated":true}]}}