{"id":451978,"date":"2019-09-06T10:08:03","date_gmt":"2019-09-06T08:08:03","guid":{"rendered":"https:\/\/www.yonelle.pl\/produkt\/medifusion-krem-rewitalizujacy-na-noc-ze-spilantolem-forte\/"},"modified":"2025-01-23T12:25:08","modified_gmt":"2025-01-23T11:25:08","slug":"medifusion-ejszakai-revitalizalo-krem-spilantollal-forte","status":"publish","type":"product","link":"https:\/\/www.yonelle.pl\/hu\/produkt\/medifusion-ejszakai-revitalizalo-krem-spilantollal-forte\/","title":{"rendered":"MEDIFUS\u00cdON \u00c9jszakai Revitaliz\u00e1l\u00f3 Kr\u00e9m Spilantollal FORTE"},"content":{"rendered":"<h3>ORVOSI SL\u00c1GEREK A KOZMETIK\u00c1KBAN<br \/>\nSPILANTOL \u00c9S CBD VET\u00c9SI KENDERB\u0150L<\/h3>\n<p>\u00c9jszakai revitaliz\u00e1l\u00f3 kr\u00e9m minden b\u0151rt\u00edpusra, k\u00fcl\u00f6n\u00f6sen az \u00f6reged\u00e9s jeleit mutat\u00f3, f\u00e1radt, sz\u00fcrk\u00e9s \u00e1rnyalat\u00fa b\u0151rre.<\/p>\n<p>A koncepci\u00f3 szerint k\u00e9sz\u00fclt: <b>\u00c9JSZAKA HAT\u00c1S \u2013 REGGEL EREDM\u00c9NY<\/b>. Eg\u00e9sz \u00e9jszakai stimul\u00e1ci\u00f3t biztos\u00edt, \u00edgy az eredm\u00e9nyek m\u00e1r 6-8 \u00f3ra alv\u00e1s ut\u00e1n l\u00e1that\u00f3ak. A b\u0151r \u201efel\u00e9bred\u201d a biol\u00f3giai meg\u00fajul\u00e1si folyamatok aktiv\u00e1l\u00e1s\u00e1val. A r\u00e9gi sejtek elt\u00e1vol\u00edt\u00e1sra ker\u00fclnek \u00e9s \u00fajakkal helyettes\u00edt\u0151dnek. A b\u0151r visszanyeri vonz\u00f3 megjelen\u00e9s\u00e9t. Ragyog\u00f3, friss, leny\u0171g\u00f6z\u0151en sima, hidrat\u00e1lt, rugalmasabb, fiatalos f\u00e9ny\u0171 lesz. A kr\u00e9m kisim\u00edtja a mimikai r\u00e1ncokat, revitaliz\u00e1lja a b\u0151r teljes fel\u00fclet\u00e9t \u00e9s regener\u00e1l.<\/p>\n<p><b>A \u201efel\u00e9bredt\u201d b\u0151r m\u00e9g hossz\u00fa ideig folytatja a meg\u00fajul\u00e1si folyamatot!<\/b><\/p>\n<p><i>Ragyog\u00f3, kipihent b\u0151r k\u00f6zvetlen\u00fcl \u00e9bred\u00e9s ut\u00e1n. A kutat\u00e1sok szerint az egyik legink\u00e1bb v\u00e1gyott \u00e1pol\u00e1si hat\u00e1s jelenleg \u2013 \u201eragyog\u00f3 b\u0151r, az els\u0151 dolog reggel\u201d.<\/i><\/p>\n<p><b>YONELLE INNOV\u00c1CI\u00d3!<br \/>\nSPILANTOL FORTE<\/b> \u2013 \u00fatt\u00f6r\u0151 komplex <b>spilantol alap\u00fa mimikai r\u00e1ncok \u00e9s CBD FORTE*<\/b> ellen. Gazdag\u00edtva <b>nanohidroxisavakkal<\/b>. Ez az \u00f6sszet\u00e9tel azonnali \u201e\u00faj b\u0151r\u201d hat\u00e1st biztos\u00edt.<\/p>\n<p>*CBD FORTE \u2013 komplex <b>gy\u00f3gyszer\u00e9szeti CBD, azaz kannabidiol vet\u00e9si kenderb\u0151l<\/b>, mikrohordoz\u00f3kba helyezve, amelyek fokozz\u00e1k biol\u00f3giai aktivit\u00e1s\u00e1t. Meger\u0151s\u00edtve <b>kender mag lipidjeivel<\/b>.<\/p>\n<p><b>CBD \u2013 kannabidiol vet\u00e9si kenderb\u0151l \u2013 akt\u00edv \u00f6sszetev\u0151, amelyet a kozmetol\u00f3gia t\u00f6rt\u00e9net\u00e9nek egyik legizgalmasabb felfedez\u00e9sek\u00e9nt \u00edrnak le.<\/b><\/p>\n","protected":false},"excerpt":{"rendered":"<p>Eg\u00e9sz \u00e9jszak\u00e1s stimul\u00e1ci\u00f3 \u2013 a hat\u00e1sok 6-8 \u00f3ra alv\u00e1s ut\u00e1n l\u00e1that\u00f3k. Hat\u00e1s? Ragyog\u00f3, kipihent arcb\u0151r k\u00f6zvetlen\u00fcl \u00e9bred\u00e9s ut\u00e1n. Minden \u00e9rett b\u0151rt\u00edpusra, k\u00fcl\u00f6n\u00f6sen f\u00e1radt, sz\u00fcrk\u00e9s \u00e1rnyalat\u00fa b\u0151rre.<\/p>\n","protected":false},"featured_media":451984,"comment_status":"open","ping_status":"closed","template":"","meta":{"_acf_changed":false,"inline_featured_image":false},"product_brand":[],"product_cat":[1368],"product_tag":[1329,1328,1325,1369,1268,1284,1271,1272,1273,1275,1277,1370],"class_list":{"0":"post-451978","1":"product","2":"type-product","3":"status-publish","4":"has-post-thumbnail","6":"product_cat-medifusion-hu","7":"product_tag-kremserum-na-noc-hu","8":"product_tag-krem-na-noc-hu","9":"product_tag-kremy-przeciwzmarszczkowe-hu","10":"product_tag-medifusion-hu","11":"product_tag-mlodzienczy-blask-hu","12":"product_tag-nawilzanie-hu","13":"product_tag-rancok-csokkentese","14":"product_tag-rozswietlenie-hu","15":"product_tag-skora-mieszana-hu","16":"product_tag-skora-normalna-hu","17":"product_tag-skora-tlusta-hu","18":"product_tag-zmarszczki-mimiczne-hu","19":"pa_dzialanie-dojrzala-skora-o-nierownym-kolorycie-hu","20":"pa_dzialanie-dojrzala-skora-wrazliwa-hu","21":"pa_dzialanie-redukcja-zmarszczek-hu","22":"pa_dzialanie-zmarszczki-mimiczne-hu","24":"first","25":"outofstock","26":"shipping-taxable","27":"purchasable","28":"product-type-simple"},"acf":[],"df_price":369,"df_sale_price":"","df_regular_price":369,"df_image_link":"https:\/\/www.yonelle.pl\/wp-content\/uploads\/2019\/09\/MEDIFUSION-KREM-REWITALIZUJACY-NA-NOC-ZE-SPILANTOLEM-FORTE_1-1-300x300.jpg","_links":{"self":[{"href":"https:\/\/www.yonelle.pl\/hu\/wp-json\/wp\/v2\/product\/451978","targetHints":{"allow":["GET"]}}],"collection":[{"href":"https:\/\/www.yonelle.pl\/hu\/wp-json\/wp\/v2\/product"}],"about":[{"href":"https:\/\/www.yonelle.pl\/hu\/wp-json\/wp\/v2\/types\/product"}],"replies":[{"embeddable":true,"href":"https:\/\/www.yonelle.pl\/hu\/wp-json\/wp\/v2\/comments?post=451978"}],"wp:featuredmedia":[{"embeddable":true,"href":"https:\/\/www.yonelle.pl\/hu\/wp-json\/wp\/v2\/media\/451984"}],"wp:attachment":[{"href":"https:\/\/www.yonelle.pl\/hu\/wp-json\/wp\/v2\/media?parent=451978"}],"wp:term":[{"taxonomy":"product_brand","embeddable":true,"href":"https:\/\/www.yonelle.pl\/hu\/wp-json\/wp\/v2\/product_brand?post=451978"},{"taxonomy":"product_cat","embeddable":true,"href":"https:\/\/www.yonelle.pl\/hu\/wp-json\/wp\/v2\/product_cat?post=451978"},{"taxonomy":"product_tag","embeddable":true,"href":"https:\/\/www.yonelle.pl\/hu\/wp-json\/wp\/v2\/product_tag?post=451978"}],"curies":[{"name":"wp","href":"https:\/\/api.w.org\/{rel}","templated":true}]}}