{"id":451968,"date":"2020-10-12T11:16:30","date_gmt":"2020-10-12T09:16:30","guid":{"rendered":"https:\/\/www.yonelle.pl\/produkt\/fortefusion-kwas-hialuronowy-forte\/"},"modified":"2026-04-22T15:08:18","modified_gmt":"2026-04-22T13:08:18","slug":"fortefusion-eros-hialuronsav","status":"publish","type":"product","link":"https:\/\/www.yonelle.pl\/hu\/produkt\/fortefusion-eros-hialuronsav\/","title":{"rendered":"FORTEFUS\u00cdON Er\u0151s Hialuronsav"},"content":{"rendered":"<h3>SPEKTAKUL\u00c1RIS B\u0150RFIATAL\u00cdT\u00c1S.<\/h3>\n<h3>A FIATALS\u00c1G TITKA! B\u0150R HIDROFELT\u00d6LT\u00c9SE<\/h3>\n<p>A FORTE HIALURONSAV arcra, nyakra \u00e9s dekolt\u00e1zsra szuperhidrat\u00e1l\u00f3 bombak\u00e9nt m\u0171k\u00f6dik. Azonnal n\u00f6veli a b\u0151r hidrat\u00e1lts\u00e1gi szintj\u00e9t, l\u00e1tv\u00e1nyosan fiatal\u00edtva annak megjelen\u00e9s\u00e9t.<\/p>\n<p>&#8211; A b\u0151r felsz\u00edne leny\u0171g\u00f6z\u0151en sim\u00e1v\u00e1 \u00e9s ragyog\u00f3v\u00e1 v\u00e1lik.<\/p>\n<p>&#8211; Jelent\u0151sen javul a b\u0151r feszess\u00e9ge \u00e9s t\u00f3nusa.<\/p>\n<p>&#8211; Kellemes feszess\u00e9g \u00e9s rugalmass\u00e1g \u00e9rz\u00e9se jelentkezik.<\/p>\n<p>A hialuronsav nyugtat\u00f3 hat\u00e1sa, amelyet sz\u00e1mos b\u0151rgy\u00f3gy\u00e1szati vizsg\u00e1lat igazolt, megnyugtatja a b\u0151rt, cs\u00f6kkenti annak \u00e9rz\u00e9kenys\u00e9g\u00e9t, \u00e9s ellen\u00e1ll\u00f3bb\u00e1 teszi az irrit\u00e1ci\u00f3val szemben. Eg\u00e9szs\u00e9gesebbnek \u00e9s fiatalabbnak t\u0171nik.<\/p>\n<p>&nbsp;<\/p>\n<p><strong>A TERM\u00c9K ER\u0150S\u00cdTI A HIDRAT\u00c1L\u00d3 KR\u00c9MEK HAT\u00c1S\u00c1T.<\/strong><\/p>\n","protected":false},"excerpt":{"rendered":"<p>FORTE HIALURONSAV arcra, nyakra \u00e9s dekolt\u00e1zsra. Szuperhidrat\u00e1l\u00f3 bombak\u00e9nt m\u0171k\u00f6dik. Fokozza az \u00e1pol\u00f3 kr\u00e9mek hidrat\u00e1l\u00f3 hat\u00e1s\u00e1t. Haszn\u00e1lhat\u00f3 kr\u00e9m al\u00e1, de \u00f6n\u00e1ll\u00f3 hidrat\u00e1l\u00f3 kozmetikumk\u00e9nt is.<\/p>\n","protected":false},"featured_media":507507,"comment_status":"open","ping_status":"closed","template":"","meta":{"_acf_changed":false,"inline_featured_image":false},"product_brand":[],"product_cat":[1308],"product_tag":[1344,1309,1355,1321,1283,1300,1268,1310,1266,1284,1323,1273,1274,1275,1276,1277,1278],"class_list":{"0":"post-451968","1":"product","2":"type-product","3":"status-publish","4":"has-post-thumbnail","6":"product_cat-fortefusion-hu","7":"product_tag-arcapolo-szerum","8":"product_tag-fortefusion-hu","9":"product_tag-gyengen-hidratalt-erett-bor","10":"product_tag-intensywne-nawilzenie-i-blask_serum-hu","11":"product_tag-kazdy-rodzaj-skory-hu","12":"product_tag-redukcja-podraznien-hu","13":"product_tag-mlodzienczy-blask-hu","14":"product_tag-na-dzien-i-na-noc-hu","15":"product_tag-kremserum-na-dziennoc-hu","16":"product_tag-nawilzanie-hu","17":"product_tag-redukcja-zmarszczek-i-poprawa-jedrnosci_serum-hu","18":"product_tag-skora-mieszana-hu","19":"product_tag-skora-naczynkowa-hu","20":"product_tag-skora-normalna-hu","21":"product_tag-skora-sucha-hu","22":"product_tag-skora-tlusta-hu","23":"product_tag-ujedrnienie-hu","24":"pa_dzialanie-dojrzala-skora-o-nierownym-kolorycie-hu","25":"pa_dzialanie-dojrzala-skora-slabo-nawodniona-hu","26":"pa_dzialanie-dojrzala-skora-wrazliwa-hu","27":"pa_dzialanie-ochrona-anti-pollution-hu","28":"pa_dzialanie-redukcja-zmarszczek-hu","30":"first","31":"instock","32":"shipping-taxable","33":"purchasable","34":"product-type-simple"},"acf":[],"df_price":330,"df_sale_price":"","df_regular_price":330,"df_image_link":"https:\/\/www.yonelle.pl\/wp-content\/uploads\/2021\/06\/FORTEFUSION-KWAS-HIALURONOWY-FORTE_2_strona_1000x1000_small-300x300.jpg","_links":{"self":[{"href":"https:\/\/www.yonelle.pl\/hu\/wp-json\/wp\/v2\/product\/451968","targetHints":{"allow":["GET"]}}],"collection":[{"href":"https:\/\/www.yonelle.pl\/hu\/wp-json\/wp\/v2\/product"}],"about":[{"href":"https:\/\/www.yonelle.pl\/hu\/wp-json\/wp\/v2\/types\/product"}],"replies":[{"embeddable":true,"href":"https:\/\/www.yonelle.pl\/hu\/wp-json\/wp\/v2\/comments?post=451968"}],"wp:featuredmedia":[{"embeddable":true,"href":"https:\/\/www.yonelle.pl\/hu\/wp-json\/wp\/v2\/media\/507507"}],"wp:attachment":[{"href":"https:\/\/www.yonelle.pl\/hu\/wp-json\/wp\/v2\/media?parent=451968"}],"wp:term":[{"taxonomy":"product_brand","embeddable":true,"href":"https:\/\/www.yonelle.pl\/hu\/wp-json\/wp\/v2\/product_brand?post=451968"},{"taxonomy":"product_cat","embeddable":true,"href":"https:\/\/www.yonelle.pl\/hu\/wp-json\/wp\/v2\/product_cat?post=451968"},{"taxonomy":"product_tag","embeddable":true,"href":"https:\/\/www.yonelle.pl\/hu\/wp-json\/wp\/v2\/product_tag?post=451968"}],"curies":[{"name":"wp","href":"https:\/\/api.w.org\/{rel}","templated":true}]}}