{"id":451933,"date":"2016-10-13T08:39:28","date_gmt":"2016-10-13T06:39:28","guid":{"rendered":"https:\/\/www.yonelle.pl\/produkt\/trifusion-endoliftingujacy-krem-mlodosci\/"},"modified":"2026-04-21T08:39:08","modified_gmt":"2026-04-21T06:39:08","slug":"trifusion-endoliftingalo-ifjusagi-krem","status":"publish","type":"product","link":"https:\/\/www.yonelle.pl\/hu\/produkt\/trifusion-endoliftingalo-ifjusagi-krem\/","title":{"rendered":"TRIFUS\u00cdON Endolifting\u00e1l\u00f3 Ifj\u00fas\u00e1gi Kr\u00e9m"},"content":{"rendered":"<h3>INTENZ\u00cdV FESZ\u00dcL\u00c9S\u00c9RZ\u00c9S \u00c9RETT B\u0150RRE<\/h3>\n<p><strong>Nappali \u00e9s \u00e9jszakai kr\u00e9m, amely beolvad a b\u0151rbe, \u00e9s intenz\u00edven hat a l\u00e1that\u00f3 \u00e9s l\u00e1thatatlan \u00f6reged\u00e9s jelei ellen.<\/strong> \u00c9rett, sz\u00e1raz \u00e9s norm\u00e1l b\u0151rre, f\u00e1radt, kont\u00farjav\u00edt\u00e1st \u00e9s fiatal\u00edt\u00e1st ig\u00e9nyl\u0151, valamint \u00e9rz\u00e9keny b\u0151rre.<\/p>\n<p><strong>Er\u0151s endolifting hat\u00e1ssal rendelkezik \u2013 bel\u00fclr\u0151l feszes\u00edti a b\u0151rt.<\/strong> Ez az \u00e9rz\u00e9s l\u00e1tv\u00e1nyos, m\u00e1r egy perccel a kr\u00e9m felvitele ut\u00e1n jelentkezik, \u00e9s annak aktivit\u00e1s\u00e1t jelzi. A b\u0151r szerkezet\u00e9t fel\u00e9p\u00edt\u0151 feh\u00e9rj\u00e9k szint\u00e9zis\u00e9nek serkent\u00e9se m\u00e9ly feszes\u00edt\u00e9st biztos\u00edt, jav\u00edtja a rugalmass\u00e1got \u00e9s hidrat\u00e1l\u00e1st, \u00e1ltal\u00e1nosan fiatal\u00edtja a megjelen\u00e9st. <strong>M\u00e1r 7 nap ut\u00e1n a b\u0151r feszesebb, ak\u00e1r 26%-kal, jobban feszes\u00edtett, ak\u00e1r 25%-kal, \u00e9s a r\u00e1ncok kisimulnak, ak\u00e1r 14%-kal*<\/strong>. A kr\u00e9m nagy el\u0151nye az antiallerg\u00e9n tulajdons\u00e1gai. Regener\u00e1l\u00f3, nyugtat\u00f3 \u00e9s immuner\u0151s\u00edt\u0151 reakci\u00f3k indulnak el. Kellemes nyugalom\u00e9rzet \u00e9s egyenletes b\u0151rsz\u00edn jelenik meg.<\/p>\n<p>*m\u0171szeres vizsg\u00e1latok<\/p>\n","protected":false},"excerpt":{"rendered":"<p>Nappali \u00e9s \u00e9jszakai kr\u00e9m, amely beleolvad a b\u0151rbe, intenz\u00edven hat a l\u00e1that\u00f3 \u00e9s l\u00e1thatatlan \u00f6reged\u00e9si jelek ellen. \u00c9rett, sz\u00e1raz \u00e9s norm\u00e1l, f\u00e1radt, bele\u00e9rtve az \u00e9rz\u00e9keny b\u0151rre is alkalmas. M\u00e9lyen feszes\u00edt, jav\u00edtja a rugalmass\u00e1got \u00e9s a hidrat\u00e1lts\u00e1got.<\/p>\n","protected":false},"featured_media":526361,"comment_status":"open","ping_status":"closed","template":"","meta":{"_acf_changed":false,"inline_featured_image":false},"product_brand":[],"product_cat":[1348],"product_tag":[1343,1270,1265,1266,1284,1271,1273,1275,1276,1349,1350,1278],"class_list":{"0":"post-451933","1":"product","2":"type-product","3":"status-publish","4":"has-post-thumbnail","6":"product_cat-trifusion-hu","7":"product_tag-arckremek","8":"product_tag-konturjavitas-lifting","9":"product_tag-krem-dzienno-nocny-hu","10":"product_tag-kremserum-na-dziennoc-hu","11":"product_tag-nawilzanie-hu","12":"product_tag-rancok-csokkentese","13":"product_tag-skora-mieszana-hu","14":"product_tag-skora-normalna-hu","15":"product_tag-skora-sucha-hu","16":"product_tag-szennyezodes-elleni-vedelem","17":"product_tag-trifusion-hu","18":"product_tag-ujedrnienie-hu","19":"pa_dzialanie-poprawa-owalu-lifting-hu","20":"pa_dzialanie-redukcja-zmarszczek-hu","22":"first","23":"instock","24":"shipping-taxable","25":"purchasable","26":"product-type-simple"},"acf":[],"df_price":461,"df_sale_price":"","df_regular_price":461,"df_image_link":"https:\/\/www.yonelle.pl\/wp-content\/uploads\/2016\/10\/TRIFUSION-ENDOLIFTINGUJACY-KREM-MLODOSCI_1_strona_1000x1000-dzien-noc_small-300x300.jpg","_links":{"self":[{"href":"https:\/\/www.yonelle.pl\/hu\/wp-json\/wp\/v2\/product\/451933","targetHints":{"allow":["GET"]}}],"collection":[{"href":"https:\/\/www.yonelle.pl\/hu\/wp-json\/wp\/v2\/product"}],"about":[{"href":"https:\/\/www.yonelle.pl\/hu\/wp-json\/wp\/v2\/types\/product"}],"replies":[{"embeddable":true,"href":"https:\/\/www.yonelle.pl\/hu\/wp-json\/wp\/v2\/comments?post=451933"}],"wp:featuredmedia":[{"embeddable":true,"href":"https:\/\/www.yonelle.pl\/hu\/wp-json\/wp\/v2\/media\/526361"}],"wp:attachment":[{"href":"https:\/\/www.yonelle.pl\/hu\/wp-json\/wp\/v2\/media?parent=451933"}],"wp:term":[{"taxonomy":"product_brand","embeddable":true,"href":"https:\/\/www.yonelle.pl\/hu\/wp-json\/wp\/v2\/product_brand?post=451933"},{"taxonomy":"product_cat","embeddable":true,"href":"https:\/\/www.yonelle.pl\/hu\/wp-json\/wp\/v2\/product_cat?post=451933"},{"taxonomy":"product_tag","embeddable":true,"href":"https:\/\/www.yonelle.pl\/hu\/wp-json\/wp\/v2\/product_tag?post=451933"}],"curies":[{"name":"wp","href":"https:\/\/api.w.org\/{rel}","templated":true}]}}