{"id":451840,"date":"2022-08-18T14:46:47","date_gmt":"2022-08-18T12:46:47","guid":{"rendered":"https:\/\/www.yonelle.pl\/produkt\/lumifusion-rozjasniajacy-aha-peel-z-witamina-c-premium\/"},"modified":"2025-12-02T11:40:43","modified_gmt":"2025-12-02T10:40:43","slug":"lumifusion-vilagosito-aha-peeling-c-vitaminnal-premium","status":"publish","type":"product","link":"https:\/\/www.yonelle.pl\/hu\/produkt\/lumifusion-vilagosito-aha-peeling-c-vitaminnal-premium\/","title":{"rendered":"LUMIFUS\u00cdON Vil\u00e1gos\u00edt\u00f3 AHA Peeling C-vitaminnal Pr\u00e9mium"},"content":{"rendered":"<h3>ER\u0150TELJES ANTIOXID\u00c1NS INJEKCI\u00d3 A B\u0150R EG\u00c9SZS\u00c9G\u00c9\u00c9RT \u00c9S FIATALS\u00c1G\u00c1\u00c9RT<\/h3>\n<p>Kett\u0151s hat\u00e1s\u00fa AHA savas peeling PREMIUM C-VITAMIN \u00e9s LACTIFERUL&#x2122; komplex alapon. <strong>\u201eMust have\u201d kozmetikum a porcel\u00e1n b\u0151r el\u00e9r\u00e9s\u00e9hez.<\/strong><\/p>\n<p>Aj\u00e1nlott minden b\u0151rt\u00edpus meg\u00faj\u00edt\u00e1s\u00e1ra \u00e9s fiatal\u00edt\u00e1s\u00e1ra, m\u00e9g az \u00e9rz\u00e9keny \u00e9s hajsz\u00e1l\u00e9r t\u00e1gul\u00e1sra hajlamos b\u0151r eset\u00e9n is. Hat\u00e9konyan m\u0171k\u00f6dik \u00e9rett, f\u00e1radt, pigmentfoltokra hajlamos \u00e9s egy\u00e9b \u00f6reged\u00e9si t\u00fcnetekkel rendelkez\u0151 b\u0151r eset\u00e9n.<\/p>\n<p><strong>Az AHA PEEL vil\u00e1gos\u00edtja az arcsz\u00ednt, egys\u00e9ges\u00edti a b\u0151rt\u00f3nust, sim\u00edt, hidrat\u00e1l, cs\u00f6kkenti a pigmentfoltokat, ragyog\u00f3v\u00e1 teszi.<\/strong> A kozmetikum nagy el\u0151nye a kett\u0151s hat\u00e1s, vagyis a peeling hat\u00e1s kombin\u00e1l\u00e1sa a b\u0151r hidroakt\u00edv \u00e1ztat\u00e1s\u00e1val, ami nagyon gazdag fiatal\u00edt\u00f3 \u00e9s sz\u00e9p\u00edt\u0151 \u00e9rz\u00e9st ny\u00fajt a b\u0151r megjelen\u00e9s\u00e9ben. <strong>Az eredm\u00e9nyek m\u00e1r egyetlen haszn\u00e1lat ut\u00e1n l\u00e1that\u00f3ak.<\/strong><\/p>\n<p><strong>YONELLE INNOV\u00c1CI\u00d3!<\/strong><\/p>\n<p>A PREMIUM C-vitamin \u2013 er\u0151teljes antioxid\u00e1ns injekci\u00f3 a b\u0151r eg\u00e9szs\u00e9g\u00e9\u00e9rt \u00e9s fiatals\u00e1g\u00e1\u00e9rt. A kozmetikumban egyedi LACTIFERUL&#x2122; komplexet alkalmaztak, amely azonnali B\u0150R REMASTERING-et eredm\u00e9nyez. Biol\u00f3giailag akt\u00edv <strong>C-vitamint, ferul- \u00e9s fitinsavat, bioakt\u00edv polifenolokat a kanadai juhar k\u00e9rg\u00e9b\u0151l, valamint 5 alfa-hidroxisavat<\/strong> tartalmaz: glikolsav, almasav, bork\u0151sav, citromsav, biotechnol\u00f3giai tejsav.<\/p>\n<p><strong>FONTOS!<\/strong> \u00c9rz\u00e9keny, irrit\u00e1ci\u00f3ra hajlamos vagy reakt\u00edv b\u0151r eset\u00e9n, k\u00fcl\u00f6n\u00f6sen a C-vitamin hat\u00e1s\u00e1ra, javasoljuk, hogy az els\u0151 haszn\u00e1lat el\u0151tt v\u00e9gezzen allergiatesztet.<\/p>\n","protected":false},"excerpt":{"rendered":"<p>Kett\u0151s hat\u00e1s\u00fa AHA savas peeling C-VITAMIN PREMIUM alapon \u00e9s LACTIFERUL&#x2122; komplexszel. \u201eMust have\u201d kozmetikum a porcel\u00e1n b\u0151r el\u00e9r\u00e9s\u00e9hez. Vil\u00e1gos\u00edtja az arcsz\u00ednt, egys\u00e9ges\u00edti a b\u0151rt\u00f3nust, sim\u00edt, hidrat\u00e1l, cs\u00f6kkenti az elsz\u00ednez\u0151d\u00e9seket, ragyog\u00f3v\u00e1 tesz.<\/p>\n","protected":false},"featured_media":451845,"comment_status":"open","ping_status":"closed","template":"","meta":{"_acf_changed":false,"inline_featured_image":false},"product_brand":[],"product_cat":[1315],"product_tag":[1339,1316,1329,1283,1268,1284,1324,1272,1273,1274,1275,1303,1276,1277],"class_list":{"0":"post-451840","1":"product","2":"type-product","3":"status-publish","4":"has-post-thumbnail","6":"product_cat-lumifusion-hu","7":"product_tag-arcradirok","8":"product_tag-egyenetlen-szinu-erett-bor","9":"product_tag-kremserum-na-noc-hu","10":"product_tag-kazdy-rodzaj-skory-hu","11":"product_tag-mlodzienczy-blask-hu","12":"product_tag-nawilzanie-hu","13":"product_tag-rozjasnienie-przebarwien-hu","14":"product_tag-rozswietlenie-hu","15":"product_tag-skora-mieszana-hu","16":"product_tag-skora-naczynkowa-hu","17":"product_tag-skora-normalna-hu","18":"product_tag-skora-sklonna-do-przebarwien-hu","19":"product_tag-skora-sucha-hu","20":"product_tag-skora-tlusta-hu","21":"pa_dzialanie-dojrzala-skora-o-nierownym-kolorycie-hu","22":"pa_dzialanie-dojrzala-skora-slabo-nawodniona-hu","23":"pa_dzialanie-dojrzala-skora-wrazliwa-hu","24":"pa_dzialanie-oczyszczanie-hu","25":"pa_dzialanie-redukcja-zmarszczek-hu","26":"pa_dzialanie-zmarszczki-mimiczne-hu","28":"first","29":"instock","30":"shipping-taxable","31":"purchasable","32":"product-type-simple"},"acf":[],"df_price":282,"df_sale_price":"","df_regular_price":282,"df_image_link":"https:\/\/www.yonelle.pl\/wp-content\/uploads\/2022\/08\/LUMIFUSION-ROZJASNIAJACY-AHA-PEEL-Z-WITAMINA-C-PREMIUM_1_strona_1000x1000-300x300.jpg","_links":{"self":[{"href":"https:\/\/www.yonelle.pl\/hu\/wp-json\/wp\/v2\/product\/451840","targetHints":{"allow":["GET"]}}],"collection":[{"href":"https:\/\/www.yonelle.pl\/hu\/wp-json\/wp\/v2\/product"}],"about":[{"href":"https:\/\/www.yonelle.pl\/hu\/wp-json\/wp\/v2\/types\/product"}],"replies":[{"embeddable":true,"href":"https:\/\/www.yonelle.pl\/hu\/wp-json\/wp\/v2\/comments?post=451840"}],"wp:featuredmedia":[{"embeddable":true,"href":"https:\/\/www.yonelle.pl\/hu\/wp-json\/wp\/v2\/media\/451845"}],"wp:attachment":[{"href":"https:\/\/www.yonelle.pl\/hu\/wp-json\/wp\/v2\/media?parent=451840"}],"wp:term":[{"taxonomy":"product_brand","embeddable":true,"href":"https:\/\/www.yonelle.pl\/hu\/wp-json\/wp\/v2\/product_brand?post=451840"},{"taxonomy":"product_cat","embeddable":true,"href":"https:\/\/www.yonelle.pl\/hu\/wp-json\/wp\/v2\/product_cat?post=451840"},{"taxonomy":"product_tag","embeddable":true,"href":"https:\/\/www.yonelle.pl\/hu\/wp-json\/wp\/v2\/product_tag?post=451840"}],"curies":[{"name":"wp","href":"https:\/\/api.w.org\/{rel}","templated":true}]}}