{"id":451808,"date":"2020-10-12T12:30:13","date_gmt":"2020-10-12T10:30:13","guid":{"rendered":"https:\/\/www.yonelle.pl\/produkt\/fortefusion-krem-z-kwasem-hialuronowym-forte-na-dzien-i-na-noc\/"},"modified":"2026-01-10T11:12:45","modified_gmt":"2026-01-10T10:12:45","slug":"fortefusion-forte-nappali-es-ejszakai-krem-hialuronsavval","status":"publish","type":"product","link":"https:\/\/www.yonelle.pl\/hu\/produkt\/fortefusion-forte-nappali-es-ejszakai-krem-hialuronsavval\/","title":{"rendered":"FORTEFUS\u00cdON Forte Nappali \u00e9s \u00c9jszakai Kr\u00e9m Hialuronsavval"},"content":{"rendered":"<h3>GYORS EREDM\u00c9NYEK \u00c9S HOSSZANTART\u00d3 ANTI-AGING HAT\u00c1S.<\/h3>\n<h3>A FIATALS\u00c1G TITKA! B\u0150R HIDROKIT\u00d6LT\u00c9SE<\/h3>\n<p>Intenz\u00edven \u00e9s m\u00e9lyen hidrat\u00e1l\u00f3 kr\u00e9m, nappali \u00e9s \u00e9jszakai haszn\u00e1latra. Minden b\u0151rt\u00edpusra. <b>Gyors eredm\u00e9nyeket \u00e9s hosszantart\u00f3 <\/b><b>anti-aging<\/b> hat\u00e1st biztos\u00edt. A hidrat\u00e1lts\u00e1g azonnali javul\u00e1sa selymes simas\u00e1got \u00e9s frissess\u00e9get k\u00f6lcs\u00f6n\u00f6z a b\u0151rnek k\u00f6zvetlen\u00fcl a kr\u00e9m felvitele ut\u00e1n.<\/p>\n<p>Az innovat\u00edv hidrokit\u00f6lt\u0151 \u00e9s feszes\u00edt\u0151 funkci\u00f3nak k\u00f6sz\u00f6nhet\u0151en rendk\u00edv\u00fcl k\u00e9nyelmes, telt \u00e9s kit\u00f6lt\u00f6tt \u00e9rz\u00e9s (\u00fan. plumping effect) jelentkezik. A nedves b\u0151r \u00e9rz\u00e9se \u00f3r\u00e1kon \u00e1t tart. A b\u0151r visszanyeri rugalmass\u00e1g\u00e1t \u00e9s feszess\u00e9g\u00e9t. Ragyog\u00f3v\u00e1, vil\u00e1gosabb\u00e1, \u00e9lettel teliv\u00e9 v\u00e1lik. \u00daj energi\u00e1t kap. Vonz\u00f3 \u00e9s fiatalos megjelen\u00e9st k\u00f6lcs\u00f6n\u00f6z, ami eg\u00e9sz nap kiv\u00e1l\u00f3 k\u00f6z\u00e9rzetet biztos\u00edt.<\/p>\n","protected":false},"excerpt":{"rendered":"<p>Intenz\u00edven \u00e9s m\u00e9lyen hidrat\u00e1l\u00f3 kr\u00e9m, nappali \u00e9s \u00e9jszakai haszn\u00e1latra. Minden b\u0151rt\u00edpusra aj\u00e1nlott, k\u00fcl\u00f6n\u00f6sen a dehidrat\u00e1lt b\u0151rre. K\u00f6nny\u0171, kr\u00e9mes formula azonnal beolvad a b\u0151rbe, azonnali hidrat\u00e1l\u00f3 \u00e9rz\u00e9st ny\u00fajtva. A benne tal\u00e1lhat\u00f3 FORTE HIALURONSAV \u2013 a \u201ev\u00edzbank\u201d m\u00e9ly \u00e9s tart\u00f3s hidrat\u00e1l\u00e1st biztos\u00edt. A b\u0151r visszanyeri rugalmass\u00e1g\u00e1t \u00e9s feszess\u00e9g\u00e9t.<\/p>\n<p>&nbsp;<\/p>\n<p>&nbsp;<\/p>\n","protected":false},"featured_media":545630,"comment_status":"open","ping_status":"closed","template":"","meta":{"_acf_changed":false,"inline_featured_image":false},"product_brand":[],"product_cat":[1308],"product_tag":[1343,1309,1283,1265,1310,1266,1284,1271,1272,1273,1274,1275,1276,1277,1278],"class_list":{"0":"post-451808","1":"product","2":"type-product","3":"status-publish","4":"has-post-thumbnail","6":"product_cat-fortefusion-hu","7":"product_tag-arckremek","8":"product_tag-fortefusion-hu","9":"product_tag-kazdy-rodzaj-skory-hu","10":"product_tag-krem-dzienno-nocny-hu","11":"product_tag-na-dzien-i-na-noc-hu","12":"product_tag-kremserum-na-dziennoc-hu","13":"product_tag-nawilzanie-hu","14":"product_tag-rancok-csokkentese","15":"product_tag-rozswietlenie-hu","16":"product_tag-skora-mieszana-hu","17":"product_tag-skora-naczynkowa-hu","18":"product_tag-skora-normalna-hu","19":"product_tag-skora-sucha-hu","20":"product_tag-skora-tlusta-hu","21":"product_tag-ujedrnienie-hu","22":"pa_dzialanie-dojrzala-skora-o-nierownym-kolorycie-hu","23":"pa_dzialanie-dojrzala-skora-wrazliwa-hu","24":"pa_dzialanie-ochrona-anti-pollution-hu","25":"pa_dzialanie-redukcja-zmarszczek-hu","27":"first","28":"instock","29":"shipping-taxable","30":"purchasable","31":"product-type-simple"},"acf":[],"df_price":355,"df_sale_price":"","df_regular_price":355,"df_image_link":"https:\/\/www.yonelle.pl\/wp-content\/uploads\/2021\/03\/FORTEFUSION-KREM-Z-KWASEM-HIALURONOWYM-FORTE-NA-DZIEN-I-NA-NOC_3_strona_1000x1000_small-1-300x300.jpg","_links":{"self":[{"href":"https:\/\/www.yonelle.pl\/hu\/wp-json\/wp\/v2\/product\/451808","targetHints":{"allow":["GET"]}}],"collection":[{"href":"https:\/\/www.yonelle.pl\/hu\/wp-json\/wp\/v2\/product"}],"about":[{"href":"https:\/\/www.yonelle.pl\/hu\/wp-json\/wp\/v2\/types\/product"}],"replies":[{"embeddable":true,"href":"https:\/\/www.yonelle.pl\/hu\/wp-json\/wp\/v2\/comments?post=451808"}],"wp:featuredmedia":[{"embeddable":true,"href":"https:\/\/www.yonelle.pl\/hu\/wp-json\/wp\/v2\/media\/545630"}],"wp:attachment":[{"href":"https:\/\/www.yonelle.pl\/hu\/wp-json\/wp\/v2\/media?parent=451808"}],"wp:term":[{"taxonomy":"product_brand","embeddable":true,"href":"https:\/\/www.yonelle.pl\/hu\/wp-json\/wp\/v2\/product_brand?post=451808"},{"taxonomy":"product_cat","embeddable":true,"href":"https:\/\/www.yonelle.pl\/hu\/wp-json\/wp\/v2\/product_cat?post=451808"},{"taxonomy":"product_tag","embeddable":true,"href":"https:\/\/www.yonelle.pl\/hu\/wp-json\/wp\/v2\/product_tag?post=451808"}],"curies":[{"name":"wp","href":"https:\/\/api.w.org\/{rel}","templated":true}]}}