{"id":451802,"date":"2023-08-31T14:42:39","date_gmt":"2023-08-31T12:42:39","guid":{"rendered":"https:\/\/www.yonelle.pl\/produkt\/apaszka-jedwabna-damy-yonelle\/"},"modified":"2024-10-24T17:24:18","modified_gmt":"2024-10-24T15:24:18","slug":"apaszka-jedwabna-damy-yonelle","status":"publish","type":"product","link":"https:\/\/www.yonelle.pl\/hu\/produkt\/apaszka-jedwabna-damy-yonelle\/","title":{"rendered":"\u201eDAMY YONELLE\u201d selyem kend\u0151"},"content":{"rendered":"<p>\u201eDAMY YONELLE\u201d selyem kend\u0151<\/p>\n","protected":false},"excerpt":{"rendered":"<p>Jedwabos s\u00e1l \u201eDamy YONELLE\u201d exkluz\u00edv limit\u00e1lt kiad\u00e1sban egyedi gy\u0171jt\u0151i eml\u00e9k. \u00dcnnepli a YONELLE 10. sz\u00fclet\u00e9snapj\u00e1t, \u00e9s egyben illeszkedik az \u00f6tlethez, amely a kezdetekt\u0151l fogva m\u00e1rk\u00e1nk alapj\u00e1t k\u00e9pezi: A YONELLE SZ\u00cdV\u00c9BEN AZ \u00c9RETT N\u0150K VANNAK.<\/p>\n","protected":false},"featured_media":451807,"comment_status":"open","ping_status":"closed","template":"","meta":{"_acf_changed":false,"inline_featured_image":false},"product_brand":[],"product_cat":[1307],"product_tag":[],"class_list":{"0":"post-451802","1":"product","2":"type-product","3":"status-publish","4":"has-post-thumbnail","6":"product_cat-apaszka-hu","8":"first","9":"instock","10":"shipping-taxable","11":"purchasable","12":"product-type-simple"},"acf":[],"df_price":399,"df_sale_price":"","df_regular_price":399,"df_image_link":"https:\/\/www.yonelle.pl\/wp-content\/uploads\/2023\/08\/APASZKA_Yonelle_10-lecie_1000x1000_biale_bez-ramki_small-300x300.jpg","_links":{"self":[{"href":"https:\/\/www.yonelle.pl\/hu\/wp-json\/wp\/v2\/product\/451802","targetHints":{"allow":["GET"]}}],"collection":[{"href":"https:\/\/www.yonelle.pl\/hu\/wp-json\/wp\/v2\/product"}],"about":[{"href":"https:\/\/www.yonelle.pl\/hu\/wp-json\/wp\/v2\/types\/product"}],"replies":[{"embeddable":true,"href":"https:\/\/www.yonelle.pl\/hu\/wp-json\/wp\/v2\/comments?post=451802"}],"wp:featuredmedia":[{"embeddable":true,"href":"https:\/\/www.yonelle.pl\/hu\/wp-json\/wp\/v2\/media\/451807"}],"wp:attachment":[{"href":"https:\/\/www.yonelle.pl\/hu\/wp-json\/wp\/v2\/media?parent=451802"}],"wp:term":[{"taxonomy":"product_brand","embeddable":true,"href":"https:\/\/www.yonelle.pl\/hu\/wp-json\/wp\/v2\/product_brand?post=451802"},{"taxonomy":"product_cat","embeddable":true,"href":"https:\/\/www.yonelle.pl\/hu\/wp-json\/wp\/v2\/product_cat?post=451802"},{"taxonomy":"product_tag","embeddable":true,"href":"https:\/\/www.yonelle.pl\/hu\/wp-json\/wp\/v2\/product_tag?post=451802"}],"curies":[{"name":"wp","href":"https:\/\/api.w.org\/{rel}","templated":true}]}}