{"id":451642,"date":"2023-11-03T10:55:26","date_gmt":"2023-11-03T09:55:26","guid":{"rendered":"https:\/\/www.yonelle.pl\/produkt\/zestaw-celebracyjny-n2-zapach-apaszka-prezent\/"},"modified":"2024-08-29T10:31:04","modified_gmt":"2024-08-29T08:31:04","slug":"zestaw-celebracyjny-n2-zapach-apaszka-prezent","status":"publish","type":"product","link":"https:\/\/www.yonelle.pl\/hu\/produkt\/zestaw-celebracyjny-n2-zapach-apaszka-prezent\/","title":{"rendered":"\u00dcnnepi K\u00e9szlet N\u00b02: illat + s\u00e1l + aj\u00e1nd\u00e9k"},"content":{"rendered":"","protected":false},"excerpt":{"rendered":"<p>A YONELLE 10. sz\u00fclet\u00e9snapja alkalm\u00e1b\u00f3l bemutatjuk a k\u00fcl\u00f6nleges<strong> \u00dcnnepi K\u00e9szlet N\u00b02<\/strong>-t. Ismerje meg a rendk\u00edv\u00fcli term\u00e9keket, amelyeket Krystyna Kofta \u2013 kiv\u00e1l\u00f3 m\u0171v\u00e9sz, a k\u00e9p \u00e9s a sz\u00f3 mestere, valamint a m\u00e1rka bar\u00e1tja \u2013 irodalmi k\u00e9p\u00e9nek, a \u201eYONELLE H\u00d6LGY\u201d-nek az ihlette egyedi grafika d\u00edsz\u00edt. Ez egy t\u00f6k\u00e9letes aj\u00e1nd\u00e9k\u00f6tlet, amely minden n\u0151 sz\u00edv\u00e9t elrabolja.<\/p>\n","protected":false},"featured_media":451652,"comment_status":"closed","ping_status":"closed","template":"","meta":{"_acf_changed":false,"inline_featured_image":false},"product_brand":[],"product_cat":[1298],"product_tag":[],"class_list":{"0":"post-451642","1":"product","2":"type-product","3":"status-publish","4":"has-post-thumbnail","6":"product_cat-zestawy-prezentowe-hu","8":"first","9":"outofstock","10":"sale","11":"shipping-taxable","12":"purchasable","13":"product-type-simple"},"acf":[],"df_price":499,"df_sale_price":499,"df_regular_price":1047,"df_image_link":"https:\/\/www.yonelle.pl\/wp-content\/uploads\/2023\/11\/Yonelle-swieta-1000x1000-rozowe-pudelko-celebracyjny-2_small-1-300x300.jpg","_links":{"self":[{"href":"https:\/\/www.yonelle.pl\/hu\/wp-json\/wp\/v2\/product\/451642","targetHints":{"allow":["GET"]}}],"collection":[{"href":"https:\/\/www.yonelle.pl\/hu\/wp-json\/wp\/v2\/product"}],"about":[{"href":"https:\/\/www.yonelle.pl\/hu\/wp-json\/wp\/v2\/types\/product"}],"replies":[{"embeddable":true,"href":"https:\/\/www.yonelle.pl\/hu\/wp-json\/wp\/v2\/comments?post=451642"}],"wp:featuredmedia":[{"embeddable":true,"href":"https:\/\/www.yonelle.pl\/hu\/wp-json\/wp\/v2\/media\/451652"}],"wp:attachment":[{"href":"https:\/\/www.yonelle.pl\/hu\/wp-json\/wp\/v2\/media?parent=451642"}],"wp:term":[{"taxonomy":"product_brand","embeddable":true,"href":"https:\/\/www.yonelle.pl\/hu\/wp-json\/wp\/v2\/product_brand?post=451642"},{"taxonomy":"product_cat","embeddable":true,"href":"https:\/\/www.yonelle.pl\/hu\/wp-json\/wp\/v2\/product_cat?post=451642"},{"taxonomy":"product_tag","embeddable":true,"href":"https:\/\/www.yonelle.pl\/hu\/wp-json\/wp\/v2\/product_tag?post=451642"}],"curies":[{"name":"wp","href":"https:\/\/api.w.org\/{rel}","templated":true}]}}