{"id":451634,"date":"2013-11-01T14:44:14","date_gmt":"2013-11-01T13:44:14","guid":{"rendered":"https:\/\/www.yonelle.pl\/produkt\/liftingujacy-krem-infuzyjny-no-1\/"},"modified":"2026-04-18T19:13:43","modified_gmt":"2026-04-18T17:13:43","slug":"infusion-liftingelo-infuzios-krem-n1","status":"publish","type":"product","link":"https:\/\/www.yonelle.pl\/hu\/produkt\/infusion-liftingelo-infuzios-krem-n1\/","title":{"rendered":"INFUS\u00cdON Liftingel\u0151 Inf\u00fazi\u00f3s Kr\u00e9m N\u00b01"},"content":{"rendered":"<h3 class=\"tag\">NANODISZKOS&#x2122; TECHNOL\u00d3GI\u00c1VAL RETINOLLAL<\/h3>\n<p><strong>Kr\u00e9m \u2013 tal\u00e1lm\u00e1ny. Szuperhat\u00e9kony. Luxusos<\/strong>. Nappali \u00e9s \u00e9jszakai haszn\u00e1latra aj\u00e1nlott minden \u00e9rett b\u0151rt\u00edpusra. Kiv\u00e1l\u00f3 r\u00e1nctalan\u00edt\u00f3 hat\u00e1st biztos\u00edt \u00e9s hat\u00e9kony liftingter\u00e1pi\u00e1t ny\u00fajt. Jav\u00edtja a b\u0151r feszess\u00e9g\u00e9t, rugalmass\u00e1g\u00e1t \u00e9s t\u00f3nus\u00e1t. M\u00e1r n\u00e9h\u00e1ny nap ut\u00e1n leny\u0171g\u00f6z\u0151 b\u0151rsim\u00edt\u00f3 hat\u00e1s jelentkezik. A kr\u00e9mes kezel\u00e9s frissess\u00e9get \u00e9s fiatalos megjelen\u00e9st k\u00f6lcs\u00f6n\u00f6z a b\u0151rnek.<\/p>\n<p>A kr\u00e9m kiemelked\u0151 tulajdons\u00e1gait a <a href=\"https:\/\/www.yonelle.pl\/dzialanie-i-skutecznosc\/skin-penetration-revolution\/\">NANODISZKOK&#x2122;<\/a> r\u00e9v\u00e9n \u00e9rt\u00e9k el,<strong> amelyek 340%-kal* n\u00f6velik a tiszta retinol, hialuronsav \u00e9s peptidek b\u0151rbe jut\u00e1s\u00e1t.<\/strong><\/p>\n<p style=\"text-align: left;\">* k\u00e9sz\u00fcl\u00e9kvizsg\u00e1latok<\/p>\n","protected":false},"excerpt":{"rendered":"<p><strong>VITATHATLAN BESTSELLER A M\u00c1RK\u00c1N\u00c1L.<\/strong> Kr\u00e9m-tal\u00e1lm\u00e1ny. Szuperhat\u00e9kony. Luxusos. Az els\u0151 YONELLE kozmetikum, amellyel minden elkezd\u0151d\u00f6tt. Jav\u00edtja a b\u0151r feszess\u00e9g\u00e9t, rugalmass\u00e1g\u00e1t \u00e9s t\u00f3nus\u00e1t. N\u00f6veli a hidrat\u00e1lts\u00e1got \u00e9s leny\u0171g\u00f6z\u0151 simas\u00e1got k\u00f6lcs\u00f6n\u00f6z a b\u0151rnek. A retinol NANODISZKEKBEN&#x2122; val\u00f3 bez\u00e1r\u00e1s\u00e1nak k\u00f6sz\u00f6nhet\u0151en hat\u00e9kony lifting ter\u00e1pi\u00e1t ny\u00fajt minden \u00e9rett b\u0151rt\u00edpus sz\u00e1m\u00e1ra, m\u00e9g az \u00e9rz\u00e9keny b\u0151r eset\u00e9ben is.<\/p>\n","protected":false},"featured_media":451641,"comment_status":"open","ping_status":"closed","template":"","meta":{"_acf_changed":false,"inline_featured_image":false},"product_brand":[],"product_cat":[1293],"product_tag":[1343,1294,1270,1265,1266,1271,1273,1275,1277,1278],"class_list":{"0":"post-451634","1":"product","2":"type-product","3":"status-publish","4":"has-post-thumbnail","6":"product_cat-infusion-hu","7":"product_tag-arckremek","8":"product_tag-infusion-hu","9":"product_tag-konturjavitas-lifting","10":"product_tag-krem-dzienno-nocny-hu","11":"product_tag-kremserum-na-dziennoc-hu","12":"product_tag-rancok-csokkentese","13":"product_tag-skora-mieszana-hu","14":"product_tag-skora-normalna-hu","15":"product_tag-skora-tlusta-hu","16":"product_tag-ujedrnienie-hu","17":"pa_dzialanie-dojrzala-skora-wrazliwa-hu","18":"pa_dzialanie-poprawa-owalu-lifting-hu","19":"pa_dzialanie-redukcja-zmarszczek-hu","21":"first","22":"instock","23":"sale","24":"shipping-taxable","25":"purchasable","26":"product-type-simple"},"acf":[],"df_price":241.5,"df_sale_price":241.5,"df_regular_price":345,"df_image_link":"https:\/\/www.yonelle.pl\/wp-content\/uploads\/2013\/11\/INFUSION-LIFTINGUJACY-KREM-INFUZYJNY-N1-2-2-300x300.jpg","_links":{"self":[{"href":"https:\/\/www.yonelle.pl\/hu\/wp-json\/wp\/v2\/product\/451634","targetHints":{"allow":["GET"]}}],"collection":[{"href":"https:\/\/www.yonelle.pl\/hu\/wp-json\/wp\/v2\/product"}],"about":[{"href":"https:\/\/www.yonelle.pl\/hu\/wp-json\/wp\/v2\/types\/product"}],"replies":[{"embeddable":true,"href":"https:\/\/www.yonelle.pl\/hu\/wp-json\/wp\/v2\/comments?post=451634"}],"wp:featuredmedia":[{"embeddable":true,"href":"https:\/\/www.yonelle.pl\/hu\/wp-json\/wp\/v2\/media\/451641"}],"wp:attachment":[{"href":"https:\/\/www.yonelle.pl\/hu\/wp-json\/wp\/v2\/media?parent=451634"}],"wp:term":[{"taxonomy":"product_brand","embeddable":true,"href":"https:\/\/www.yonelle.pl\/hu\/wp-json\/wp\/v2\/product_brand?post=451634"},{"taxonomy":"product_cat","embeddable":true,"href":"https:\/\/www.yonelle.pl\/hu\/wp-json\/wp\/v2\/product_cat?post=451634"},{"taxonomy":"product_tag","embeddable":true,"href":"https:\/\/www.yonelle.pl\/hu\/wp-json\/wp\/v2\/product_tag?post=451634"}],"curies":[{"name":"wp","href":"https:\/\/api.w.org\/{rel}","templated":true}]}}