{"id":451584,"date":"2024-05-10T14:06:19","date_gmt":"2024-05-10T12:06:19","guid":{"rendered":"https:\/\/www.yonelle.pl\/produkt\/trifusion-focus-serum-booster-redukujace-zmarszczki-i-pory\/"},"modified":"2026-04-27T18:19:09","modified_gmt":"2026-04-27T16:19:09","slug":"trifusion-focus-ranc-es-poruscsokkento-szerum-booster","status":"publish","type":"product","link":"https:\/\/www.yonelle.pl\/hu\/produkt\/trifusion-focus-ranc-es-poruscsokkento-szerum-booster\/","title":{"rendered":"TRIFUS\u00cdON FOCUS R\u00e1nc- \u00e9s P\u00f3ruscs\u00f6kkent\u0151 Sz\u00e9rum-Booster"},"content":{"rendered":"","protected":false},"excerpt":{"rendered":"<p>A kozmetikai \u201cmikroseb\u00e9sz\u201d exosz\u00f3m\u00e1kkal nagyon hat\u00e9konyan hidrat\u00e1l, sim\u00edt \u00e9s cs\u00f6kkenti a k\u00fcl\u00f6nb\u00f6z\u0151 t\u00edpus\u00fa r\u00e1ncokat. Cs\u00f6kkenti a p\u00f3rusok l\u00e1that\u00f3s\u00e1g\u00e1t, amelyek a b\u0151r \u00f6reged\u00e9s\u00e9nek egyik gyakori t\u00fcnetei. A rendk\u00edv\u00fcl akt\u00edv sz\u00e9rum-booster l\u00e1tv\u00e1nyos hat\u00e1s\u00e1t a regenerat\u00edv eszt\u00e9tikai orvosl\u00e1s eredm\u00e9nyei ihlett\u00e9k, \u00edgy a kozmetikum ak\u00e1r 46%-kal is cs\u00f6kkenti a r\u00e1ncok hossz\u00e1t!* A lifting \u00e9s feszes\u00edt\u0151 hat\u00e1s azonnal \u00e9rezhet\u0151 az alkalmaz\u00e1s ut\u00e1n.<\/p>\n","protected":false},"featured_media":451592,"comment_status":"open","ping_status":"closed","template":"","meta":{"_acf_changed":false,"inline_featured_image":false},"product_brand":[],"product_cat":[1262],"product_tag":[1344,1263,1264,1287,1270,1268,1266,1271,1272,1273,1274,1275,1276,1289,1290,1278,1279,1291],"class_list":{"0":"post-451584","1":"product","2":"type-product","3":"status-publish","4":"has-post-thumbnail","6":"product_cat-trifusion-focus-hu","7":"product_tag-arcapolo-szerum","8":"product_tag-bardzo-dojrzala-skora-hu","9":"product_tag-dojrzala-skora-hu","10":"product_tag-hydration-hu","11":"product_tag-konturjavitas-lifting","12":"product_tag-mlodzienczy-blask-hu","13":"product_tag-kremserum-na-dziennoc-hu","14":"product_tag-rancok-csokkentese","15":"product_tag-rozswietlenie-hu","16":"product_tag-skora-mieszana-hu","17":"product_tag-skora-naczynkowa-hu","18":"product_tag-skora-normalna-hu","19":"product_tag-skora-sucha-hu","20":"product_tag-skora-wrazliwa-hu","21":"product_tag-trifusion-focus-hu","22":"product_tag-ujedrnienie-hu","23":"product_tag-wygladzenie-zmarszczek-hu","24":"product_tag-zwezenie-porow-hu","26":"first","27":"instock","28":"shipping-taxable","29":"purchasable","30":"product-type-simple"},"acf":[],"df_price":440,"df_sale_price":"","df_regular_price":440,"df_image_link":"https:\/\/www.yonelle.pl\/wp-content\/uploads\/2024\/05\/TRIFUSION-Focus-Serum-\u00adBooster-Redukujace-Zmarszczki-i-Pory-3-dzien-noc_small-300x300.jpg","_links":{"self":[{"href":"https:\/\/www.yonelle.pl\/hu\/wp-json\/wp\/v2\/product\/451584","targetHints":{"allow":["GET"]}}],"collection":[{"href":"https:\/\/www.yonelle.pl\/hu\/wp-json\/wp\/v2\/product"}],"about":[{"href":"https:\/\/www.yonelle.pl\/hu\/wp-json\/wp\/v2\/types\/product"}],"replies":[{"embeddable":true,"href":"https:\/\/www.yonelle.pl\/hu\/wp-json\/wp\/v2\/comments?post=451584"}],"wp:featuredmedia":[{"embeddable":true,"href":"https:\/\/www.yonelle.pl\/hu\/wp-json\/wp\/v2\/media\/451592"}],"wp:attachment":[{"href":"https:\/\/www.yonelle.pl\/hu\/wp-json\/wp\/v2\/media?parent=451584"}],"wp:term":[{"taxonomy":"product_brand","embeddable":true,"href":"https:\/\/www.yonelle.pl\/hu\/wp-json\/wp\/v2\/product_brand?post=451584"},{"taxonomy":"product_cat","embeddable":true,"href":"https:\/\/www.yonelle.pl\/hu\/wp-json\/wp\/v2\/product_cat?post=451584"},{"taxonomy":"product_tag","embeddable":true,"href":"https:\/\/www.yonelle.pl\/hu\/wp-json\/wp\/v2\/product_tag?post=451584"}],"curies":[{"name":"wp","href":"https:\/\/api.w.org\/{rel}","templated":true}]}}