{"id":451577,"date":"2024-04-16T14:07:48","date_gmt":"2024-04-16T12:07:48","guid":{"rendered":"https:\/\/www.yonelle.pl\/produkt\/metamorphosis-body-balsam-do-ciala-lumi-glam\/"},"modified":"2026-03-27T09:08:01","modified_gmt":"2026-03-27T08:08:01","slug":"metamorphosis-body-testapolo-lumi-glam","status":"publish","type":"product","link":"https:\/\/www.yonelle.pl\/hu\/produkt\/metamorphosis-body-testapolo-lumi-glam\/","title":{"rendered":"METAMORPHOSIS BODY Test\u00e1pol\u00f3 Lumi Glam"},"content":{"rendered":"","protected":false},"excerpt":{"rendered":"<p>A Lumi &amp; Glam Body Balm egy egyed\u00fcl\u00e1ll\u00f3, rendk\u00edv\u00fcl k\u00e9nyelmes \u00e9s gyorsan felsz\u00edv\u00f3d\u00f3 formula, amely b\u0151rbar\u00e1t akt\u00edv \u00f6sszetev\u0151kkel van d\u00fas\u00edtva. Elb\u0171v\u00f6l\u0151en sim\u00e1v\u00e1, puh\u00e1v\u00e1 \u00e9s \u00e9rint\u00e9sre finomm\u00e1 teszi a b\u0151rt. A f\u00e9nyl\u0151 por mikror\u00e9szecsk\u00e9inek k\u00f6sz\u00f6nhet\u0151en gy\u00f6ny\u00f6r\u0171, ragyog\u00f3, eg\u00e9szs\u00e9ges megjelen\u00e9st \u00e9s var\u00e1zslatos f\u00e9nyt k\u00f6lcs\u00f6n\u00f6z.<\/p>\n","protected":false},"featured_media":451582,"comment_status":"open","ping_status":"closed","template":"","meta":{"_acf_changed":false,"inline_featured_image":false},"product_brand":[],"product_cat":[1282],"product_tag":[1283,1266,1284,1272,1278],"class_list":{"0":"post-451577","1":"product","2":"type-product","3":"status-publish","4":"has-post-thumbnail","6":"product_cat-metamorphosis-hu","7":"product_tag-kazdy-rodzaj-skory-hu","8":"product_tag-kremserum-na-dziennoc-hu","9":"product_tag-nawilzanie-hu","10":"product_tag-rozswietlenie-hu","11":"product_tag-ujedrnienie-hu","13":"first","14":"instock","15":"shipping-taxable","16":"purchasable","17":"product-type-simple"},"acf":[],"df_price":164,"df_sale_price":"","df_regular_price":164,"df_image_link":"https:\/\/www.yonelle.pl\/wp-content\/uploads\/2024\/04\/METAMORPHOSISLUMI-GLAM-BODY-BALM_2_strona_1000x1000_dzien-noc_small-300x300.jpg","_links":{"self":[{"href":"https:\/\/www.yonelle.pl\/hu\/wp-json\/wp\/v2\/product\/451577","targetHints":{"allow":["GET"]}}],"collection":[{"href":"https:\/\/www.yonelle.pl\/hu\/wp-json\/wp\/v2\/product"}],"about":[{"href":"https:\/\/www.yonelle.pl\/hu\/wp-json\/wp\/v2\/types\/product"}],"replies":[{"embeddable":true,"href":"https:\/\/www.yonelle.pl\/hu\/wp-json\/wp\/v2\/comments?post=451577"}],"wp:featuredmedia":[{"embeddable":true,"href":"https:\/\/www.yonelle.pl\/hu\/wp-json\/wp\/v2\/media\/451582"}],"wp:attachment":[{"href":"https:\/\/www.yonelle.pl\/hu\/wp-json\/wp\/v2\/media?parent=451577"}],"wp:term":[{"taxonomy":"product_brand","embeddable":true,"href":"https:\/\/www.yonelle.pl\/hu\/wp-json\/wp\/v2\/product_brand?post=451577"},{"taxonomy":"product_cat","embeddable":true,"href":"https:\/\/www.yonelle.pl\/hu\/wp-json\/wp\/v2\/product_cat?post=451577"},{"taxonomy":"product_tag","embeddable":true,"href":"https:\/\/www.yonelle.pl\/hu\/wp-json\/wp\/v2\/product_tag?post=451577"}],"curies":[{"name":"wp","href":"https:\/\/api.w.org\/{rel}","templated":true}]}}