{"id":451569,"date":"2024-05-10T14:07:25","date_gmt":"2024-05-10T12:07:25","guid":{"rendered":"https:\/\/www.yonelle.pl\/produkt\/trifusion-focus-odmladzajacy-botulinowy-krem-booster\/"},"modified":"2026-04-14T09:08:56","modified_gmt":"2026-04-14T07:08:56","slug":"trifusion-focus-fiatalito-botulin-krem-booster","status":"publish","type":"product","link":"https:\/\/www.yonelle.pl\/hu\/produkt\/trifusion-focus-fiatalito-botulin-krem-booster\/","title":{"rendered":"TRIFUS\u00cdON FOCUS Fiatal\u00edt\u00f3 Botulin Kr\u00e9m-Booster"},"content":{"rendered":"","protected":false},"excerpt":{"rendered":"<p>Magas biol\u00f3giai aktivit\u00e1s\u00fa booster kr\u00e9m \u00e9rett \u00e9s nagyon \u00e9rett b\u0151rre, amely az el\u0151rehaladott pr\u00e9mium \u00e1pol\u00e1s \u00faj dimenzi\u00f3j\u00e1t k\u00e9pviseli, a regenerat\u00edv eszt\u00e9tikai orvosl\u00e1s eredm\u00e9nyeire alapozva. Az exosz\u00f3m\u00e1k, a NAD+ booster \u00e9s a botulin peptid forradalmi potenci\u00e1lj\u00e1nak k\u00f6sz\u00f6nhet\u0151en a b\u0151rt 11 kulcsfontoss\u00e1g\u00fa szempontb\u00f3l fiatal\u00edtja meg.<\/p>\n<p><strong>A b\u0151r ak\u00e1r 5 \u00e9vvel fiatalabbnak t\u0171nik<\/strong>*!<\/p>\n","protected":false},"featured_media":526349,"comment_status":"open","ping_status":"closed","template":"","meta":{"_acf_changed":false,"inline_featured_image":false},"product_brand":[],"product_cat":[1262],"product_tag":[1343,1263,1264,1270,1265,1268,1266,1269,1271,1272,1273,1274,1275,1276,1277,1278,1279],"class_list":{"0":"post-451569","1":"product","2":"type-product","3":"status-publish","4":"has-post-thumbnail","6":"product_cat-trifusion-focus-hu","7":"product_tag-arckremek","8":"product_tag-bardzo-dojrzala-skora-hu","9":"product_tag-dojrzala-skora-hu","10":"product_tag-konturjavitas-lifting","11":"product_tag-krem-dzienno-nocny-hu","12":"product_tag-mlodzienczy-blask-hu","13":"product_tag-kremserum-na-dziennoc-hu","14":"product_tag-poprawa-gestosci-skory-hu","15":"product_tag-rancok-csokkentese","16":"product_tag-rozswietlenie-hu","17":"product_tag-skora-mieszana-hu","18":"product_tag-skora-naczynkowa-hu","19":"product_tag-skora-normalna-hu","20":"product_tag-skora-sucha-hu","21":"product_tag-skora-tlusta-hu","22":"product_tag-ujedrnienie-hu","23":"product_tag-wygladzenie-zmarszczek-hu","25":"first","26":"instock","27":"shipping-taxable","28":"purchasable","29":"product-type-simple"},"acf":[],"df_price":503,"df_sale_price":"","df_regular_price":503,"df_image_link":"https:\/\/www.yonelle.pl\/wp-content\/uploads\/2025\/10\/TRIFUSION-Focus-Odmladzajacy-Botulinowy-Krem-Booster-1-dzien-noc_small-300x300.jpg","_links":{"self":[{"href":"https:\/\/www.yonelle.pl\/hu\/wp-json\/wp\/v2\/product\/451569","targetHints":{"allow":["GET"]}}],"collection":[{"href":"https:\/\/www.yonelle.pl\/hu\/wp-json\/wp\/v2\/product"}],"about":[{"href":"https:\/\/www.yonelle.pl\/hu\/wp-json\/wp\/v2\/types\/product"}],"replies":[{"embeddable":true,"href":"https:\/\/www.yonelle.pl\/hu\/wp-json\/wp\/v2\/comments?post=451569"}],"wp:featuredmedia":[{"embeddable":true,"href":"https:\/\/www.yonelle.pl\/hu\/wp-json\/wp\/v2\/media\/526349"}],"wp:attachment":[{"href":"https:\/\/www.yonelle.pl\/hu\/wp-json\/wp\/v2\/media?parent=451569"}],"wp:term":[{"taxonomy":"product_brand","embeddable":true,"href":"https:\/\/www.yonelle.pl\/hu\/wp-json\/wp\/v2\/product_brand?post=451569"},{"taxonomy":"product_cat","embeddable":true,"href":"https:\/\/www.yonelle.pl\/hu\/wp-json\/wp\/v2\/product_cat?post=451569"},{"taxonomy":"product_tag","embeddable":true,"href":"https:\/\/www.yonelle.pl\/hu\/wp-json\/wp\/v2\/product_tag?post=451569"}],"curies":[{"name":"wp","href":"https:\/\/api.w.org\/{rel}","templated":true}]}}