{"id":450939,"date":"2023-09-08T16:00:47","date_gmt":"2023-09-08T14:00:47","guid":{"rendered":"https:\/\/www.yonelle.pl\/produkt\/eau-de-parfum-by-yonelle\/"},"modified":"2026-01-21T08:45:03","modified_gmt":"2026-01-21T07:45:03","slug":"eau-de-parfum-by-yonelle","status":"publish","type":"product","link":"https:\/\/www.yonelle.pl\/hu\/produkt\/eau-de-parfum-by-yonelle\/","title":{"rendered":"EAU DE PARFUM by YONELLE"},"content":{"rendered":"<p>.<\/p>\n","protected":false},"excerpt":{"rendered":"<p>ABSZOL\u00daT \u00daJDONS\u00c1G! A YONELLE leny\u0171g\u00f6z\u0151 illata, gy\u00fcm\u00f6lcs\u00f6s-vir\u00e1gos arom\u00e1j\u00e1val, z\u00f6ld jegyekkel, a term\u00e9szet \u00e9lettel teli energi\u00e1j\u00e1t sug\u00e1rozza. \u00c1tvisz a boldogs\u00e1g \u00e9s a gondtalan \u00f6r\u00f6m vil\u00e1g\u00e1ba. Egy sz\u00ednes, \u00e9rzelemmel teli vil\u00e1gba, ahol minden n\u0151 a saj\u00e1t t\u00f6rt\u00e9net\u00e9nek h\u0151sn\u0151je.<\/p>\n","protected":false},"featured_media":450963,"comment_status":"open","ping_status":"closed","template":"","meta":{"_acf_changed":false,"inline_featured_image":false},"product_brand":[],"product_cat":[1261],"product_tag":[],"class_list":{"0":"post-450939","1":"product","2":"type-product","3":"status-publish","4":"has-post-thumbnail","6":"product_cat-zapach-hu","8":"first","9":"outofstock","10":"shipping-taxable","11":"purchasable","12":"product-type-simple"},"acf":[],"df_price":329,"df_sale_price":"","df_regular_price":329,"df_image_link":"https:\/\/www.yonelle.pl\/wp-content\/uploads\/2023\/09\/INFUSION_EAU-DE-PERFUME_Yonelle_10-lecie_1000x1000_biale_cien_tnb-300x300.jpg","_links":{"self":[{"href":"https:\/\/www.yonelle.pl\/hu\/wp-json\/wp\/v2\/product\/450939","targetHints":{"allow":["GET"]}}],"collection":[{"href":"https:\/\/www.yonelle.pl\/hu\/wp-json\/wp\/v2\/product"}],"about":[{"href":"https:\/\/www.yonelle.pl\/hu\/wp-json\/wp\/v2\/types\/product"}],"replies":[{"embeddable":true,"href":"https:\/\/www.yonelle.pl\/hu\/wp-json\/wp\/v2\/comments?post=450939"}],"wp:featuredmedia":[{"embeddable":true,"href":"https:\/\/www.yonelle.pl\/hu\/wp-json\/wp\/v2\/media\/450963"}],"wp:attachment":[{"href":"https:\/\/www.yonelle.pl\/hu\/wp-json\/wp\/v2\/media?parent=450939"}],"wp:term":[{"taxonomy":"product_brand","embeddable":true,"href":"https:\/\/www.yonelle.pl\/hu\/wp-json\/wp\/v2\/product_brand?post=450939"},{"taxonomy":"product_cat","embeddable":true,"href":"https:\/\/www.yonelle.pl\/hu\/wp-json\/wp\/v2\/product_cat?post=450939"},{"taxonomy":"product_tag","embeddable":true,"href":"https:\/\/www.yonelle.pl\/hu\/wp-json\/wp\/v2\/product_tag?post=450939"}],"curies":[{"name":"wp","href":"https:\/\/api.w.org\/{rel}","templated":true}]}}