{"id":320317,"date":"2022-03-31T13:33:03","date_gmt":"2024-11-06T14:10:28","guid":{"rendered":"https:\/\/www.yonelle.pl\/?post_type=product&#038;p=320317"},"modified":"2025-05-23T13:20:14","modified_gmt":"2025-05-23T11:20:14","slug":"roses-ultra-szerum-hajszaleres-borre-ejszakara","status":"publish","type":"product","link":"https:\/\/www.yonelle.pl\/hu\/produkt\/roses-ultra-szerum-hajszaleres-borre-ejszakara\/","title":{"rendered":"ROSES Ultra Sz\u00e9rum Hajsz\u00e1leres B\u0151rre \u00c9jszak\u00e1ra"},"content":{"rendered":"<p>N\u0150IESS\u00c9G \u2022 VONZER\u0150 \u2022 \u00d6R\u00d6M \u2022 SZ\u00c9PS\u00c9G \u2022 \u00c9RZ\u00c9KEK \u2022 CS\u00c1B\u00cdT\u00c1S<\/p>\n<h3>A FIATAL\u00cdTOTT B\u0150R M\u00c9G GY\u00d6NY\u00d6R\u0170BB \u00c9S RAGYOG\u00d3BB LESZ<\/h3>\n<p>Sz\u00e9rum hajsz\u00e1leres \u00e9s \u00e9rz\u00e9kenys\u00e9gre hajlamos b\u0151rre. \u00c9jszakai haszn\u00e1latra, a rendszeres \u00e1pol\u00e1s el\u0151tt, ide\u00e1lis kr\u00e9m al\u00e1. <strong>A b\u0151r \u00e9jszakai anyagcser\u00e9j\u00e9t serkentve l\u00e1tv\u00e1nyos sz\u00e9p\u00edt\u0151 hat\u00e1st biztos\u00edt:<\/strong><\/p>\n<ul>\n<li class=\"whitespace-normal break-words\">a piross\u00e1g jelent\u0151s cs\u00f6kken\u00e9se<\/li>\n<li class=\"whitespace-normal break-words\">egys\u00e9ges, ragyog\u00f3 t\u00f3nus<\/li>\n<li class=\"whitespace-normal break-words\">cs\u00f6kkentett, kev\u00e9sb\u00e9 l\u00e1that\u00f3 p\u00f3rusok<\/li>\n<li class=\"whitespace-normal break-words\">fiatalos &#8222;look&#8221;<\/li>\n<li class=\"whitespace-normal break-words\">porcel\u00e1nszer\u0171 simas\u00e1g<\/li>\n<\/ul>\n<p>A sz\u00e9rum szuperkomfortos, b\u00e1rsonyos v\u00e9geredm\u00e9nyt, rugalmass\u00e1got \u00e9s er\u0151s \u00f6reged\u00e9sg\u00e1tl\u00f3 v\u00e9delmet biztos\u00edt. <strong>Kisim\u00edtja a r\u00e1ncokat \u00e9s megsz\u00fcnteti a f\u00e1radts\u00e1g jeleit. A b\u0151r leny\u0171g\u00f6z\u0151en ragyog\u00f3 \u00e9s \u00e9letteli.<\/strong><\/p>\n<p><strong>HAT\u00c9KONYS\u00c1G KLINIKAI VIZSG\u00c1LATOKKAL IGAZOLVA<\/strong><\/p>\n<ul>\n<li class=\"whitespace-normal break-words\"><strong>Piross\u00e1g intenzit\u00e1s\u00e1nak cs\u00f6kkent\u00e9se:<\/strong> cs\u00f6kken\u00e9s a tesztalanyok 100%-\u00e1n\u00e1l, **7 nap ut\u00e1n ak\u00e1r 12%-kal, 28 nap ut\u00e1n ak\u00e1r 37%-kal.<\/li>\n<li class=\"whitespace-normal break-words\"><strong>T\u00f3nus vil\u00e1gos\u00edt\u00e1sa \u00e9s kiegyenl\u00edt\u00e9se:<\/strong> a tesztalanyok 100%-\u00e1n\u00e1l.<\/li>\n<li class=\"whitespace-normal break-words\"><strong>R\u00e1ncok cs\u00f6kkent\u00e9se:<\/strong> 7 nap ut\u00e1n ak\u00e1r 17%-kal, 28 nap ut\u00e1n ak\u00e1r 32%-kal.<\/li>\n<li class=\"whitespace-normal break-words\"><strong>P\u00f3rusok mennyis\u00e9g\u00e9nek (l\u00e1that\u00f3s\u00e1g\u00e1nak) cs\u00f6kkent\u00e9se:<\/strong> apr\u00f3 p\u00f3rusok ak\u00e1r 63%-kal 28 nap ut\u00e1n, nagy p\u00f3rusok ak\u00e1r 39%-kal 28 nap ut\u00e1n*.<\/li>\n<\/ul>\n<p><strong><br \/>\nROSES SENSUAL CONCEPT A ROSES <\/strong><\/p>\n<p>Kozmetikumok fokozott b\u0151rmeg\u00faj\u00edt\u00f3 \u00e9s t\u00f6k\u00e9letes megjelen\u00e9st biztos\u00edt\u00f3 potenci\u00e1llal rendelkeznek a tudom\u00e1nyosan igazolt AGY-B\u0150R k\u00f6lcs\u00f6nhat\u00e1snak k\u00f6sz\u00f6nhet\u0151en. <strong>Ennek forr\u00e1sa az \u00c9RZELMI SZ\u00c9PS\u00c9G HAT\u00c1S.<\/strong> A r\u00f3zs\u00e1k elb\u0171v\u00f6l\u0151 illata az \u00f6r\u00f6m, az \u00e9rz\u00e9kis\u00e9g \u00e9s a relax\u00e1ci\u00f3 aur\u00e1j\u00e1ba rep\u00edt. Ennek k\u00f6sz\u00f6nhet\u0151en a b\u0151r m\u00e9g gy\u00f6ny\u00f6r\u0171bb \u00e9s ragyog\u00f3bb lesz.<strong><br \/>\n<\/strong><\/p>\n<p style=\"text-align: right;\">*<em>m\u0171szeres vizsg\u00e1latok.<\/em><\/p>\n","protected":false},"excerpt":{"rendered":"<p>Sz\u00e9rum hajsz\u00e1l\u00e9r probl\u00e9m\u00e1kkal k\u00fczd\u0151 \u00e9s t\u00fal\u00e9rz\u00e9kenys\u00e9gre hajlamos b\u0151rre. Az \u00e9jszakai b\u0151ranyagcser\u00e9t serkentve leny\u0171g\u00f6z\u0151 sz\u00e9p\u00edt\u0151 hat\u00e1sokat biztos\u00edt. Cs\u00f6kkenti a r\u00e1ncokat \u00e9s elt\u00fcnteti a f\u00e1radts\u00e1g jeleit. A b\u0151r leny\u0171g\u00f6z\u0151en sug\u00e1rz\u00f3 \u00e9s \u00e9lettel teli.<\/p>\n","protected":false},"featured_media":452112,"comment_status":"open","ping_status":"closed","template":"","meta":{"_acf_changed":false,"inline_featured_image":false},"product_brand":[],"product_cat":[1352],"product_tag":[1344,1316,1329,1321,1283,1268,1271,1302,1379,1323,1273,1274,1275,1276,1277,1291],"class_list":{"0":"post-320317","1":"product","2":"type-product","3":"status-publish","4":"has-post-thumbnail","6":"product_cat-roses-hu","7":"product_tag-arcapolo-szerum","8":"product_tag-egyenetlen-szinu-erett-bor","9":"product_tag-kremserum-na-noc-hu","10":"product_tag-intensywne-nawilzenie-i-blask_serum-hu","11":"product_tag-kazdy-rodzaj-skory-hu","12":"product_tag-mlodzienczy-blask-hu","13":"product_tag-rancok-csokkentese","14":"product_tag-redukcja-zaczerwienien-hu","15":"product_tag-redukcja-zaczerwienien-i-zmniejszenie-niedoskonalosci_serum-hu","16":"product_tag-redukcja-zmarszczek-i-poprawa-jedrnosci_serum-hu","17":"product_tag-skora-mieszana-hu","18":"product_tag-skora-naczynkowa-hu","19":"product_tag-skora-normalna-hu","20":"product_tag-skora-sucha-hu","21":"product_tag-skora-tlusta-hu","22":"product_tag-zwezenie-porow-hu","23":"pa_dzialanie-dojrzala-skora-o-nierownym-kolorycie-hu","24":"pa_dzialanie-dojrzala-skora-wrazliwa-hu","25":"pa_dzialanie-redukcja-zmarszczek-hu","27":"first","28":"outofstock","29":"shipping-taxable","30":"purchasable","31":"product-type-simple"},"acf":[],"df_price":319,"df_sale_price":"","df_regular_price":319,"df_image_link":"https:\/\/www.yonelle.pl\/wp-content\/uploads\/2021\/11\/ROSES-ULTRA-SERUM-DO-CERY-NACZYNKOWEJ-NA-NOC_1_strona_1000x1000-300x300.jpg","_links":{"self":[{"href":"https:\/\/www.yonelle.pl\/hu\/wp-json\/wp\/v2\/product\/320317","targetHints":{"allow":["GET"]}}],"collection":[{"href":"https:\/\/www.yonelle.pl\/hu\/wp-json\/wp\/v2\/product"}],"about":[{"href":"https:\/\/www.yonelle.pl\/hu\/wp-json\/wp\/v2\/types\/product"}],"replies":[{"embeddable":true,"href":"https:\/\/www.yonelle.pl\/hu\/wp-json\/wp\/v2\/comments?post=320317"}],"wp:featuredmedia":[{"embeddable":true,"href":"https:\/\/www.yonelle.pl\/hu\/wp-json\/wp\/v2\/media\/452112"}],"wp:attachment":[{"href":"https:\/\/www.yonelle.pl\/hu\/wp-json\/wp\/v2\/media?parent=320317"}],"wp:term":[{"taxonomy":"product_brand","embeddable":true,"href":"https:\/\/www.yonelle.pl\/hu\/wp-json\/wp\/v2\/product_brand?post=320317"},{"taxonomy":"product_cat","embeddable":true,"href":"https:\/\/www.yonelle.pl\/hu\/wp-json\/wp\/v2\/product_cat?post=320317"},{"taxonomy":"product_tag","embeddable":true,"href":"https:\/\/www.yonelle.pl\/hu\/wp-json\/wp\/v2\/product_tag?post=320317"}],"curies":[{"name":"wp","href":"https:\/\/api.w.org\/{rel}","templated":true}]}}