{"id":451730,"date":"2024-08-29T10:54:08","date_gmt":"2024-08-29T08:54:08","guid":{"rendered":"https:\/\/www.yonelle.pl\/adatvedelmi-iranyelvek\/"},"modified":"2024-10-25T16:00:46","modified_gmt":"2024-10-25T14:00:46","slug":"adatvedelmi-iranyelvek","status":"publish","type":"page","link":"https:\/\/www.yonelle.pl\/hu\/adatvedelmi-iranyelvek\/","title":{"rendered":"Adatv\u00e9delmi ir\u00e1nyelvek"},"content":{"rendered":"<p><strong>\u00c1ltal\u00e1nos inform\u00e1ci\u00f3k<\/strong><\/p>\n<p>Ez a dokumentum meghat\u00e1rozza az adatv\u00e9delmi szab\u00e1lyzatot az online \u00e1ruh\u00e1zban (a tov\u00e1bbiakban: \u201eOnline \u00c1ruh\u00e1z\u201d). Az Online \u00c1ruh\u00e1z adminisztr\u00e1tora a <em>JM INNOVATIVE COSMETICS SP\u00d3\u0141KA Z OGRANICZON\u0104 ODPOWIEDZIALNO\u015aCI\u0104<\/em>, sz\u00e9khelye Vars\u00f3ban tal\u00e1lhat\u00f3, c\u00edm: ul. Gen. J\u00f3zefa Zaj\u0105czka 9A\/24, 01-518 Vars\u00f3, bejegyezve a Vars\u00f3i V\u00e1rosi B\u00edr\u00f3s\u00e1g \u00e1ltal vezetett Orsz\u00e1gos C\u00e9gb\u00edr\u00f3s\u00e1g, a XII Gazdas\u00e1gi Oszt\u00e1ly KRS sz\u00e1mon: 0000738275, ad\u00f3sz\u00e1m: 5252570277, REGON: 146951191.<\/p>\n<p>A nagybet\u0171vel kezd\u0151d\u0151 kifejez\u00e9sek a jelen Online \u00c1ruh\u00e1z Szab\u00e1lyzat\u00e1ban meghat\u00e1rozott jelent\u00e9ssel b\u00edrnak.<\/p>\n<p>Az Online \u00c1ruh\u00e1z adminisztr\u00e1tora \u00e1ltal gy\u0171jt\u00f6tt szem\u00e9lyes adatok feldolgoz\u00e1sa az Eur\u00f3pai Parlament \u00e9s Tan\u00e1cs (EU) 2016\/679 rendelet\u00e9vel \u00f6sszhangban t\u00f6rt\u00e9nik, amely 2016. \u00e1prilis 27-\u00e9n ker\u00fclt elfogad\u00e1sra a term\u00e9szetes szem\u00e9lyek szem\u00e9lyes adatainak kezel\u00e9se \u00e9s az adatok szabad \u00e1raml\u00e1sa, valamint a 95\/46\/EK ir\u00e1nyelv hat\u00e1lyon k\u00edv\u00fcl helyez\u00e9s\u00e9vel kapcsolatosan (\u00e1ltal\u00e1nos adatv\u00e9delmi rendelet), ismertebb nev\u00e9n: GDPR.<\/p>\n<p>Az Online \u00c1ruh\u00e1z adminisztr\u00e1tora k\u00fcl\u00f6n\u00f6s figyelmet ford\u00edt a mag\u00e1n\u00e9let \u00e9s a felhaszn\u00e1l\u00f3k vagy az Online \u00c1ruh\u00e1z \u00fcgyfelei \u00e1ltal \u00e1tadott inform\u00e1ci\u00f3k v\u00e9delm\u00e9re. Az adminisztr\u00e1tor kell\u0151 gondoss\u00e1ggal v\u00e1lasztja meg \u00e9s alkalmazza a megfelel\u0151 technikai, programoz\u00e1si \u00e9s szervezeti int\u00e9zked\u00e9seket a feldolgozott adatok v\u00e9delm\u00e9re, k\u00fcl\u00f6n\u00f6sen az adatok jogosulatlan hozz\u00e1f\u00e9r\u00e9s, k\u00f6zz\u00e9t\u00e9tel, elveszt\u00e9s \u00e9s megsemmis\u00edt\u00e9s, jogosulatlan m\u00f3dos\u00edt\u00e1s ellen, valamint a vonatkoz\u00f3 jogi el\u0151\u00edr\u00e1sok megs\u00e9rt\u00e9se ellen.<\/p>\n<p>A weboldalon el\u00e9rhet\u0151 szolg\u00e1ltat\u00e1sok c\u00edmzettjei (k\u00fcl\u00f6n\u00f6s tekintettel az \u00c1ruh\u00e1zban t\u00f6rt\u00e9n\u0151 rendel\u00e9s lead\u00e1s\u00e1nak lehet\u0151s\u00e9g\u00e9re) nem lehetnek 16 \u00e9v alatti szem\u00e9lyek. Az adatkezel\u0151 nem sz\u00e1nd\u00e9kozik tudatosan adatokat gy\u0171jteni 16 \u00e9v alatti szem\u00e9lyekr\u0151l.<\/p>\n<p><strong>Adatkezel\u0151<\/strong><\/p>\n<p>Az \u00d6n szem\u00e9lyes adatainak kezel\u0151je:<\/p>\n<p><strong>JM INNOVATIVE COSMETICS SP\u00d3\u0141KA Z OGRANICZON\u0104 ODPOWIEDZIALNO\u015aCI\u0104<\/strong><\/p>\n<p>ul. Gen. J\u00f3zefa Zaj\u0105czka 9a\/24,<br \/>\n01-518 Vars\u00f3<\/p>\n<p>Kapcsolatba l\u00e9phet az adatkezel\u0151vel az \u00d6n szem\u00e9lyes adataival kapcsolatos \u00fcgyekben az al\u00e1bbi m\u00f3dokon:<\/p>\n<ul>\n<li>E-mail: sklep@yonelle.pl;<\/li>\n<li>Postai \u00faton: ul. Gen. J\u00f3zefa Zaj\u0105czka 9a\/24, 01-518 Vars\u00f3;<\/li>\n<li>Telefonon: +48 532 173 957.<\/li>\n<\/ul>\n<p><strong>Adatv\u00e9delmi tisztvisel\u0151 (DPO)<\/strong><\/p>\n<p>Az adatkezel\u0151 kinevezett egy Adatv\u00e9delmi tisztvisel\u0151t (DPO), akivel kapcsolatba l\u00e9phet szem\u00e9lyes adatainak v\u00e9delm\u00e9vel kapcsolatos \u00fcgyekben az al\u00e1bbi m\u00f3dokon:<\/p>\n<ul>\n<li>E-mail: yonelle@dpag.pl;<\/li>\n<li>Postai \u00faton: ul. Biedronki 68, 02-959 Vars\u00f3.<\/li>\n<\/ul>\n<p>Az Adatv\u00e9delmi tisztvisel\u0151 Anna Walosi\u0144ska \/ Data Protection Advisory Group Sp. z o.o.<\/p>\n<p><strong>Adatforr\u00e1s<\/strong><\/p>\n<p>A szem\u00e9lyes adatokat a felhaszn\u00e1l\u00f3k szolg\u00e1ltatj\u00e1k az adminisztr\u00e1tornak, ezek az \u00e9rintett szem\u00e9lyekt\u0151l gy\u0171jt\u00f6tt adatok.<\/p>\n<p><strong>C\u00e9lok, jogalapok \u00e9s a feldolgozott szem\u00e9lyes adatok k\u00f6re<\/strong><\/p>\n<p>Az adatkezel\u0151 az \u00d6n szem\u00e9lyes adatait a k\u00f6vetkez\u0151 c\u00e9lokra \u00e9s k\u00f6rben dolgozza fel:<\/p>\n<ol>\n<li>A szerz\u0151d\u00e9sk\u00f6t\u00e9s el\u0151tti int\u00e9zked\u00e9sek megt\u00e9tele az \u00d6n k\u00e9r\u00e9s\u00e9re (pl. fi\u00f3k l\u00e9trehoz\u00e1sa), vagyis az Internetes \u00e1ruh\u00e1z regisztr\u00e1ci\u00f3s \u0171rlapj\u00e1n megadott adatok, p\u00e9ld\u00e1ul e-mail c\u00edm \u00e9s jelsz\u00f3, sz\u00fclet\u00e9si d\u00e1tum, illetve ha a term\u00e9kek v\u00e1s\u00e1rl\u00e1sakor regisztr\u00e1l, gy\u0171jtj\u00fck az \u00d6n nev\u00e9t \u00e9s a rendel\u00e9s teljes\u00edt\u00e9s\u00e9hez sz\u00fcks\u00e9ges adatokat, p\u00e9ld\u00e1ul a sz\u00e1ll\u00edt\u00e1si c\u00edmet; az olyan szolg\u00e1ltat\u00e1sok ny\u00fajt\u00e1s\u00e1hoz, amelyek fi\u00f3k l\u00e9trehoz\u00e1s\u00e1t ig\u00e9nylik, mint p\u00e9ld\u00e1ul a rendel\u00e9st\u00f6rt\u00e9net vezet\u00e9se, a rendel\u00e9si \u00e1llapot t\u00e1j\u00e9koztat\u00e1sa, kezelj\u00fck az \u00d6n fi\u00f3kban \u00e9s a term\u00e9kv\u00e1s\u00e1rl\u00e1skor megadott adatait \u2013 GDPR 6. cikk (1) bekezd\u00e9s b) pontja;<\/li>\n<li>Olyan szolg\u00e1ltat\u00e1sok ny\u00fajt\u00e1sa, amelyek nem ig\u00e9nyelnek fi\u00f3k l\u00e9trehoz\u00e1s\u00e1t \u00e9s term\u00e9kv\u00e1s\u00e1rl\u00e1st, pl. az Internetes \u00e1ruh\u00e1z oldalak b\u00f6ng\u00e9sz\u00e9se, term\u00e9kkeres\u00e9s; az \u00d6n Internetes \u00e1ruh\u00e1zban v\u00e9gzett tev\u00e9kenys\u00e9g\u00e9vel kapcsolatos szem\u00e9lyes adatok kezel\u00e9se, mint a megtekintett term\u00e9kek, az eszk\u00f6z munkameneti adatai, oper\u00e1ci\u00f3s rendszer, b\u00f6ng\u00e9sz\u0151, helymeghat\u00e1roz\u00e1s \u00e9s egyedi azonos\u00edt\u00f3, IP-c\u00edm \u2013 GDPR 6. cikk (1) bekezd\u00e9s f) pontja;<\/li>\n<li>A term\u00e9kek elad\u00e1si szerz\u0151d\u00e9s\u00e9nek teljes\u00edt\u00e9se (pl. a megrendelt term\u00e9kek k\u00e9zbes\u00edt\u00e9se); az \u00d6n \u00e1ltal term\u00e9kv\u00e1s\u00e1rl\u00e1skor megadott szem\u00e9lyes adatok kezel\u00e9se, p\u00e9ld\u00e1ul n\u00e9v, e-mail c\u00edm, c\u00edmadatok, fizet\u00e9si adatok \u2013 GDPR 6. cikk (1) bekezd\u00e9s b) pontja;<\/li>\n<li>Az Internetes \u00e1ruh\u00e1z el\u00e9rhet\u0151 funkci\u00f3inak haszn\u00e1lat\u00e1val kapcsolatos statisztik\u00e1k k\u00e9sz\u00edt\u00e9se, az Internetes \u00e1ruh\u00e1z haszn\u00e1lat\u00e1nak megk\u00f6nny\u00edt\u00e9se, valamint az Internetes \u00e1ruh\u00e1z informatikai biztons\u00e1g\u00e1nak biztos\u00edt\u00e1sa; az \u00d6n Internetes \u00e1ruh\u00e1zban v\u00e9gzett tev\u00e9kenys\u00e9g\u00e9vel, valamint az egyes aloldalakon t\u00f6lt\u00f6tt id\u0151vel, keres\u00e9si el\u0151zm\u00e9nyekkel, helymeghat\u00e1roz\u00e1ssal, IP-c\u00edmmel, eszk\u00f6zazonos\u00edt\u00f3val, b\u00f6ng\u00e9sz\u0151- \u00e9s oper\u00e1ci\u00f3s rendszeradatokkal kapcsolatos szem\u00e9lyes adatok kezel\u00e9se \u2013 GDPR 6. cikk (1) bekezd\u00e9s f) pontja;<\/li>\n<li>A k\u00f6vetel\u00e9sek meg\u00e1llap\u00edt\u00e1sa, \u00e9rv\u00e9nyes\u00edt\u00e9se \u00e9s behajt\u00e1sa, valamint v\u00e9dekez\u00e9s a k\u00f6vetel\u00e9sekkel szemben; kezelhetj\u00fck az \u00d6n \u00e1ltal term\u00e9kv\u00e1s\u00e1rl\u00e1skor vagy fi\u00f3k l\u00e9trehoz\u00e1sakor megadott szem\u00e9lyes adatokat, valamint egy\u00e9b, a k\u00f6vetel\u00e9s megl\u00e9t\u00e9nek bizony\u00edt\u00e1s\u00e1hoz sz\u00fcks\u00e9ges adatokat, amelyek jogi k\u00f6telezetts\u00e9g, b\u00edr\u00f3s\u00e1gi hat\u00e1rozat vagy m\u00e1s jogi elj\u00e1r\u00e1s alapj\u00e1n sz\u00fcks\u00e9gesek \u2013 GDPR 6. cikk (1) bekezd\u00e9s f) pontja;<\/li>\n<li>Panaszok, kifog\u00e1sok \u00e9s k\u00e9relmek kezel\u00e9se, valamint a v\u00e1s\u00e1rl\u00f3i k\u00e9rd\u00e9sekre adott v\u00e1laszok ny\u00fajt\u00e1sa; az \u00d6n \u00e1ltal a kapcsolatfelv\u00e9teli \u0171rlapon, panaszokban, kifog\u00e1sokban \u00e9s k\u00e9relmekben megadott szem\u00e9lyes adatok kezel\u00e9se, illetve az egy\u00e9b form\u00e1ban feltett k\u00e9rd\u00e9sekre adott v\u00e1lasz, valamint a fi\u00f3kban megadott bizonyos szem\u00e9lyes adatok kezel\u00e9se, valamint a reklam\u00e1ci\u00f3, kifog\u00e1s vagy k\u00e9relem alapj\u00e1ul szolg\u00e1l\u00f3 term\u00e9k, valamint egy\u00e9b szolg\u00e1ltat\u00e1sokra vonatkoz\u00f3 adatok, amelyek a reklam\u00e1ci\u00f3hoz, kifog\u00e1shoz vagy k\u00e9relemhez csatolt dokumentumokban tal\u00e1lhat\u00f3k \u2013 GDPR 6. cikk (1) bekezd\u00e9s b), c), f) pontja;<\/li>\n<li>Term\u00e9keink \u00e9s szolg\u00e1ltat\u00e1saink marketingje, bele\u00e9rtve a h\u00edrlevelet, az \u00d6n hozz\u00e1j\u00e1rul\u00e1s\u00e1val \u2013 GDPR 6. cikk (1) bekezd\u00e9s a) pontja;<\/li>\n<li>H\u0171s\u00e9gprogramok szervez\u00e9se, pl. \u00e9rtes\u00edt\u00e9sek a gy\u0171jt\u00f6tt pontokr\u00f3l; az \u00d6n fi\u00f3kj\u00e1ban \u00e9s a h\u0171s\u00e9gprogramba val\u00f3 regisztr\u00e1ci\u00f3 sor\u00e1n megadott szem\u00e9lyes adatokat haszn\u00e1ljuk fel. A h\u0171s\u00e9gprogramban val\u00f3 r\u00e9szv\u00e9teli felt\u00e9telek minden esetben r\u00e9szletes t\u00e1j\u00e9koztat\u00e1st tartalmaznak az adatgy\u0171jt\u00e9s terjedelm\u00e9r\u0151l \u2013 GDPR 6. cikk (1) bekezd\u00e9s b) pontja;<\/li>\n<li>Versenyek szervez\u00e9se, bele\u00e9rtve a saj\u00e1t munk\u00e1k beny\u00fajt\u00e1s\u00e1t, a nyerem\u00e9nyr\u0151l val\u00f3 \u00e9rtes\u00edt\u00e9st vagy a nyerem\u00e9ny \u00e1tv\u00e9tel\u00e9nek\/k\u00e9zbes\u00edt\u00e9s\u00e9nek szervez\u00e9s\u00e9t. A verseny r\u00e9szv\u00e9teli felt\u00e9telei minden esetben r\u00e9szletes t\u00e1j\u00e9koztat\u00e1st tartalmaznak az adatgy\u0171jt\u00e9s terjedelm\u00e9r\u0151l \u2013 GDPR 6. cikk (1) bekezd\u00e9s a), b), c), f) pontja;<\/li>\n<li>Piac- \u00e9s v\u00e9lem\u00e9nykutat\u00e1s; pl. a rendel\u00e9s adatai, az \u00d6n fi\u00f3kj\u00e1ban vagy a term\u00e9kv\u00e1s\u00e1rl\u00e1s sor\u00e1n megadott adatok. A piac- \u00e9s v\u00e9lem\u00e9nykutat\u00e1s keret\u00e9ben gy\u0171jt\u00f6tt adatokat nem haszn\u00e1ljuk rekl\u00e1mc\u00e9lokra. Pontos inform\u00e1ci\u00f3kat a k\u00e9rd\u0151\u00edvben vagy az adatmegad\u00e1s hely\u00e9n tal\u00e1l \u2013 GDPR 6. cikk (1) bekezd\u00e9s f) pontja;<\/li>\n<li>A term\u00e9kkel kapcsolatos k\u00e9rd\u00e9sek megv\u00e1laszol\u00e1sa, bele\u00e9rtve a term\u00e9kminta k\u00fcld\u00e9s\u00e9t is. Az \u00d6n kapcsolattart\u00e1si adatainak kezel\u00e9se, amelyek a v\u00e1laszad\u00e1shoz \u00e9s a term\u00e9kminta k\u00e9zbes\u00edt\u00e9s\u00e9hez sz\u00fcks\u00e9gesek \u2013 GDPR 6. cikk (1) bekezd\u00e9s f) pontja.<\/li>\n<\/ol>\n<p><strong>A feldolgozott szem\u00e9lyes adatok kateg\u00f3ri\u00e1i<\/strong><\/p>\n<p><strong>Az adatkezel\u0151 az al\u00e1bbi kateg\u00f3ri\u00e1j\u00fa szem\u00e9lyes adatokat kezeli:<\/strong><\/p>\n<ul>\n<li>kapcsolattart\u00e1si adatok;<\/li>\n<li>az Internetes \u00e1ruh\u00e1zban v\u00e9gzett tev\u00e9kenys\u00e9gre vonatkoz\u00f3 adatok;<\/li>\n<li>az Internetes \u00e1ruh\u00e1zban leadott rendel\u00e9sekre vonatkoz\u00f3 adatok;<\/li>\n<li>panaszokkal, kifog\u00e1sokkal \u00e9s k\u00e9relmekkel kapcsolatos adatok;<\/li>\n<li>versenyben val\u00f3 r\u00e9szv\u00e9telre vonatkoz\u00f3 adatok;<\/li>\n<li>marketing szolg\u00e1ltat\u00e1sokkal kapcsolatos adatok.<\/li>\n<\/ul>\n<p><strong>A szem\u00e9lyes adatok megad\u00e1s\u00e1nak \u00f6nk\u00e9ntess\u00e9ge<\/strong><\/p>\n<p>Az \u00d6n \u00e1ltal megadott szem\u00e9lyes adatok \u00f6nk\u00e9ntesek, \u00e9s felt\u00e9telei az Internetes \u00e1ruh\u00e1z adminisztr\u00e1tora \u00e1ltal ny\u00fajtott szolg\u00e1ltat\u00e1sok ig\u00e9nybev\u00e9tel\u00e9nek.<\/p>\n<p><strong>Az adatok kezel\u00e9si ideje<\/strong><\/p>\n<p>A szem\u00e9lyes adatokat a rendel\u00e9sek teljes\u00edt\u00e9s\u00e9hez, szolg\u00e1ltat\u00e1sok ny\u00fajt\u00e1s\u00e1hoz, marketingtev\u00e9kenys\u00e9gekhez \u00e9s egy\u00e9b szolg\u00e1ltat\u00e1sokhoz sz\u00fcks\u00e9ges ideig kezelj\u00fck, vagy addig, am\u00edg \u00d6n vissza nem vonja a hozz\u00e1j\u00e1rul\u00e1s\u00e1t az adatkezel\u00e9shez. Az adatokat az al\u00e1bbi esetekben t\u00f6r\u00f6lj\u00fck:<\/p>\n<ul>\n<li>ha az \u00e9rintett k\u00e9ri azok t\u00f6rl\u00e9s\u00e9t, visszavonja az adatkezel\u00e9shez adott hozz\u00e1j\u00e1rul\u00e1s\u00e1t vagy tiltakozik az adatkezel\u00e9s ellen;<\/li>\n<li>ha az \u00e9rintett t\u00f6bb mint 6 \u00e9ve nem l\u00e9pett kapcsolatba (inakt\u00edv kapcsolat);<\/li>\n<li>ha kider\u00fcl, hogy a t\u00e1rolt adatok elavultak vagy pontatlanok.<\/li>\n<\/ul>\n<p><strong>A szem\u00e9lyes adatok c\u00edmzettjei<\/strong><\/p>\n<p>Az \u00d6n szem\u00e9lyes adatait az al\u00e1bbi c\u00edmzetteknek tov\u00e1bb\u00edtjuk:<\/p>\n<ol>\n<li>\u00c1llami szerveknek, p\u00e9ld\u00e1ul az \u00fcgy\u00e9szs\u00e9gnek, rend\u0151rs\u00e9gnek, PUODO-nak, UOKiK eln\u00f6k\u00e9nek, ha k\u00e9rik, \u00e9s rendelkeznek a megfelel\u0151 jogalappal;<\/li>\n<li>Szolg\u00e1ltat\u00f3knak, akikkel az Internetes \u00e1ruh\u00e1z m\u0171k\u00f6dtet\u00e9se sor\u00e1n szerz\u0151d\u00e9ses kapcsolatban \u00e1llunk, p\u00e9ld\u00e1ul a rendel\u00e9sek teljes\u00edt\u00e9se \u00e9rdek\u00e9ben. A szerz\u0151d\u00e9ses meg\u00e1llapod\u00e1sokt\u00f3l \u00e9s k\u00f6r\u00fclm\u00e9nyekt\u0151l f\u00fcgg\u0151en ezek az alanyok az utas\u00edt\u00e1sunkra j\u00e1rnak el, vagy \u00f6n\u00e1ll\u00f3an hat\u00e1rozz\u00e1k meg a kezel\u00e9si c\u00e9lokat \u00e9s m\u00f3dszereket.<\/li>\n<\/ol>\n<p><strong>Az \u00e9rintett jogai<\/strong><\/p>\n<p>A GDPR alapj\u00e1n \u00d6n jogosult:<\/p>\n<ol>\n<li>hozz\u00e1f\u00e9r\u00e9st k\u00e9rni adataihoz \u00e9s azok m\u00e1solat\u00e1t megkapni (GDPR 15. cikk);<\/li>\n<li>adatai helyesb\u00edt\u00e9s\u00e9t vagy kijav\u00edt\u00e1s\u00e1t k\u00e9rni (GDPR 16. cikk);<\/li>\n<li>adatai t\u00f6rl\u00e9s\u00e9t k\u00e9rni (GDPR 17. cikk);<\/li>\n<li>az adatkezel\u00e9s korl\u00e1toz\u00e1s\u00e1t k\u00e9rni (GDPR 18. cikk);<\/li>\n<li>szem\u00e9lyes adatai tov\u00e1bb\u00edt\u00e1s\u00e1t k\u00e9rni (GDPR 20. cikk);<\/li>\n<li>tiltakozni szem\u00e9lyes adatainak kezel\u00e9se ellen (GDPR 21. cikk);<\/li>\n<li>panaszt tenni az Adatv\u00e9delmi Hivatal vezet\u0151j\u00e9hez (PUODO, ul. Stawki 2, 00-193 Vars\u00f3), amennyiben \u00fagy v\u00e9li, hogy az adatkezel\u00e9s sor\u00e1n jogs\u00e9rt\u00e9s t\u00f6rt\u00e9nt.<\/li>\n<\/ol>\n<p><strong>Az adatokhoz val\u00f3 hozz\u00e1f\u00e9r\u00e9s joga (GDPR 15. cikk)<\/strong><\/p>\n<p>\u00d6n jogosult t\u00e1j\u00e9koztat\u00e1st kapni az adatkezel\u0151t\u0151l arr\u00f3l, hogy az \u00d6n szem\u00e9lyes adatait kezelik-e.<\/p>\n<p>Ha az adatkezel\u0151 kezeli az \u00d6n szem\u00e9lyes adatait, \u00d6n jogosult:<\/p>\n<ul>\n<li>hozz\u00e1f\u00e9rni szem\u00e9lyes adataihoz;<\/li>\n<li>t\u00e1j\u00e9koztat\u00e1st kapni az adatkezel\u00e9s c\u00e9ljair\u00f3l, a kezelt szem\u00e9lyes adatok kateg\u00f3ri\u00e1ir\u00f3l, az adatok c\u00edmzettjeir\u0151l vagy az ilyen c\u00edmzettek kateg\u00f3ri\u00e1ir\u00f3l, az adatkezel\u00e9s tervezett id\u0151tartam\u00e1r\u00f3l vagy az ezen id\u0151tartam meghat\u00e1roz\u00e1s\u00e1ra szolg\u00e1l\u00f3 krit\u00e9riumokr\u00f3l, a GDPR alapj\u00e1n \u00d6nt megillet\u0151 jogokr\u00f3l, valamint az adatv\u00e9delmi hat\u00f3s\u00e1ghoz val\u00f3 panaszt\u00e9tel jog\u00e1r\u00f3l, az adatok forr\u00e1s\u00e1r\u00f3l, az automatiz\u00e1lt d\u00f6nt\u00e9shozatalr\u00f3l, bele\u00e9rtve a profilalkot\u00e1st, \u00e9s az adatkezel\u00e9s EU-n k\u00edv\u00fcli tov\u00e1bb\u00edt\u00e1s\u00e1ra vonatkoz\u00f3 biztos\u00edt\u00e9kokr\u00f3l;<\/li>\n<li>saj\u00e1t szem\u00e9lyes adatai m\u00e1solat\u00e1t megkapni.<\/li>\n<\/ul>\n<p>Ha hozz\u00e1f\u00e9r\u00e9st szeretne k\u00e9rni szem\u00e9lyes adataihoz, k\u00fcldje el k\u00e9relm\u00e9t a k\u00f6vetkez\u0151 c\u00edmre: sklep@yonelle.pl.<\/p>\n<p><strong>A szem\u00e9lyes adatok helyesb\u00edt\u00e9s\u00e9hez val\u00f3 jog (GDPR 16. cikk)<\/strong><\/p>\n<p>Ha az \u00d6n szem\u00e9lyes adatai pontatlanok, \u00d6n jogosult k\u00e9rni az adatkezel\u0151t\u0151l szem\u00e9lyes adatainak azonnali helyesb\u00edt\u00e9s\u00e9t.<br \/>\n\u00d6n tov\u00e1bb\u00e1 jogosult k\u00e9rni az adatkezel\u0151t\u0151l szem\u00e9lyes adatainak kieg\u00e9sz\u00edt\u00e9s\u00e9t.<br \/>\nAmennyiben helyesb\u00edt\u00e9st vagy kieg\u00e9sz\u00edt\u00e9st szeretne k\u00e9rni, k\u00fcldje el k\u00e9relm\u00e9t a k\u00f6vetkez\u0151 c\u00edmre: sklep@yonelle.pl.<br \/>\nAmennyiben regisztr\u00e1lt az Internetes \u00e1ruh\u00e1zban, szem\u00e9lyes adatait \u00f6n\u00e1ll\u00f3an is helyesb\u00edtheti \u00e9s kieg\u00e9sz\u00edtheti, miut\u00e1n bejelentkezett az \u00e1ruh\u00e1zba.<\/p>\n<p><strong>A szem\u00e9lyes adatok t\u00f6rl\u00e9s\u00e9hez val\u00f3 jog, azaz \u201eelfeledtet\u00e9shez val\u00f3 jog\u201d (GDPR 17. cikk)<\/strong><\/p>\n<p>\u00d6n jogosult k\u00e9rni az adatkezel\u0151t\u0151l szem\u00e9lyes adatainak t\u00f6rl\u00e9s\u00e9t, ha:<\/p>\n<ul>\n<li>saj\u00e1t szem\u00e9lyes adatai m\u00e1r nem sz\u00fcks\u00e9gesek azon c\u00e9lokhoz, amelyekhez azokat gy\u0171jt\u00f6tt\u00e9k vagy m\u00e1s m\u00f3don kezelt\u00e9k;<\/li>\n<li>visszavonta a szem\u00e9lyes adatainak kezel\u00e9s\u00e9hez adott hozz\u00e1j\u00e1rul\u00e1s\u00e1t olyan m\u00e9rt\u00e9kben, amelyben az adatkezel\u00e9s az \u00d6n hozz\u00e1j\u00e1rul\u00e1s\u00e1n alapult;<\/li>\n<li>saj\u00e1t szem\u00e9lyes adatait jogellenesen kezelt\u00e9k;<\/li>\n<li>tiltakozott szem\u00e9lyes adatainak k\u00f6zvetlen \u00fczletszerz\u00e9si c\u00e9l\u00fa kezel\u00e9se ellen, bele\u00e9rtve a profilalkot\u00e1st, olyan m\u00e9rt\u00e9kben, amelyben az adatkezel\u00e9s k\u00f6zvetlen \u00fczletszerz\u00e9shez kapcsol\u00f3dik;<\/li>\n<li>tiltakozott szem\u00e9lyes adatainak kezel\u00e9se ellen olyan okb\u00f3l, amely a k\u00f6z\u00e9rdek vagy az adatkezel\u0151 vagy harmadik f\u00e9l jogos \u00e9rdek\u00e9nek \u00e9rv\u00e9nyes\u00edt\u00e9s\u00e9hez kapcsol\u00f3dik.<\/li>\n<\/ul>\n<p>A szem\u00e9lyes adatok t\u00f6rl\u00e9s\u00e9re ir\u00e1nyul\u00f3 k\u00e9relem ellen\u00e9re az adatkezel\u0151 tov\u00e1bbra is kezelheti az \u00d6n adatait, amennyiben azok sz\u00fcks\u00e9gesek a k\u00f6vetel\u00e9sek meg\u00e1llap\u00edt\u00e1s\u00e1hoz, \u00e9rv\u00e9nyes\u00edt\u00e9s\u00e9hez vagy v\u00e9delm\u00e9hez, amir\u0151l \u00d6nt t\u00e1j\u00e9koztatni fogjuk.<\/p>\n<p>Ha t\u00f6rl\u00e9s ir\u00e1nti k\u00e9relmet szeretne beny\u00fajtani, k\u00fcldje el azt a k\u00f6vetkez\u0151 c\u00edmre: sklep@yonelle.pl.<\/p>\n<p><strong>A szem\u00e9lyes adatok kezel\u00e9s\u00e9nek korl\u00e1toz\u00e1s\u00e1hoz val\u00f3 jog (GDPR 18. cikk)<\/strong><\/p>\n<p>\u00d6n jogosult k\u00e9rni szem\u00e9lyes adatainak kezel\u00e9s\u00e9nek korl\u00e1toz\u00e1s\u00e1t, ha:<\/p>\n<ul>\n<li>vit\u00e1s a szem\u00e9lyes adatok pontoss\u00e1ga \u2013 az adatkezel\u0151 korl\u00e1tozza a szem\u00e9lyes adatok kezel\u00e9s\u00e9t a pontoss\u00e1g ellen\u0151rz\u00e9s\u00e9ig;<\/li>\n<li>az \u00d6n adatait jogellenesen kezelt\u00e9k, azonban \u00d6n az adatok t\u00f6rl\u00e9se helyett azok kezel\u00e9s\u00e9nek korl\u00e1toz\u00e1s\u00e1t k\u00e9ri;<\/li>\n<li>saj\u00e1t szem\u00e9lyes adatai m\u00e1r nem sz\u00fcks\u00e9gesek az adatkezel\u00e9s c\u00e9ljaira, azonban sz\u00fcks\u00e9gesek a k\u00f6vetel\u00e9sek meg\u00e1llap\u00edt\u00e1s\u00e1hoz, \u00e9rv\u00e9nyes\u00edt\u00e9s\u00e9hez vagy v\u00e9delm\u00e9hez;<\/li>\n<li>tiltakozott szem\u00e9lyes adatainak kezel\u00e9se ellen \u2013 am\u00edg meg\u00e1llap\u00edtj\u00e1k, hogy az adatkezel\u0151 jogos \u00e9rdekei els\u0151bbs\u00e9get \u00e9lveznek-e az \u00d6n tiltakoz\u00e1s\u00e1val szemben.<\/li>\n<\/ul>\n<p>Ha korl\u00e1tozni k\u00edv\u00e1nja szem\u00e9lyes adatai kezel\u00e9s\u00e9t, k\u00fcldje el k\u00e9relm\u00e9t a k\u00f6vetkez\u0151 c\u00edmre: sklep@yonelle.pl.<\/p>\n<p><strong>A szem\u00e9lyes adatok kezel\u00e9s\u00e9vel szembeni tiltakoz\u00e1shoz val\u00f3 jog (GDPR 21. cikk)<\/strong><\/p>\n<p>\u00d6n jogosult b\u00e1rmikor tiltakozni szem\u00e9lyes adatainak kezel\u00e9se ellen, bele\u00e9rtve a profilalkot\u00e1st is, ha:<\/p>\n<ul>\n<li>az adatkezel\u00e9s k\u00f6z\u00e9rdek\u0171 feladat v\u00e9grehajt\u00e1s\u00e1hoz, vagy az adatkezel\u0151 vagy harmadik f\u00e9l jogos \u00e9rdekei alapj\u00e1n sz\u00fcks\u00e9ges;<\/li>\n<li>az adatkezel\u00e9s k\u00f6zvetlen \u00fczletszerz\u00e9si c\u00e9lokat szolg\u00e1l.<\/li>\n<\/ul>\n<p>Ha tiltakozni k\u00edv\u00e1n az adatkezel\u00e9s ellen, k\u00fcldje el k\u00e9relm\u00e9t a k\u00f6vetkez\u0151 c\u00edmre: sklep@yonelle.pl.<\/p>\n<p><strong>A szem\u00e9lyes adatok hordozhat\u00f3s\u00e1g\u00e1hoz val\u00f3 jog (GDPR 20. cikk)<\/strong><\/p>\n<p>\u00d6n jogosult k\u00e9rni az adatkezel\u0151t\u0151l saj\u00e1t szem\u00e9lyes adatainak struktur\u00e1lt, sz\u00e9les k\u00f6rben haszn\u00e1lt, g\u00e9ppel olvashat\u00f3 form\u00e1tumban t\u00f6rt\u00e9n\u0151 rendelkez\u00e9sre bocs\u00e1t\u00e1s\u00e1t, \u00e9s azok tov\u00e1bb\u00edt\u00e1s\u00e1t egy m\u00e1sik adatkezel\u0151h\u00f6z.<br \/>\n\u00d6n k\u00e9rheti, hogy az adatkezel\u0151 k\u00f6zvetlen\u00fcl tov\u00e1bb\u00edtsa szem\u00e9lyes adatait egy m\u00e1sik adatkezel\u0151 r\u00e9sz\u00e9re, amennyiben ez technikailag megval\u00f3s\u00edthat\u00f3.<br \/>\nHa hordozhat\u00f3s\u00e1gi k\u00e9relmet szeretne beny\u00fajtani, k\u00fcldje el azt a k\u00f6vetkez\u0151 c\u00edmre: sklep@yonelle.pl.<\/p>\n<p><strong>A hozz\u00e1j\u00e1rul\u00e1s visszavon\u00e1s\u00e1nak joga<\/strong><\/p>\n<p>\u00d6n b\u00e1rmikor visszavonhatja a szem\u00e9lyes adatai kezel\u00e9s\u00e9hez adott hozz\u00e1j\u00e1rul\u00e1s\u00e1t.<br \/>\nA hozz\u00e1j\u00e1rul\u00e1s visszavon\u00e1sa nem \u00e9rinti a hozz\u00e1j\u00e1rul\u00e1s alapj\u00e1n v\u00e9gzett adatkezel\u00e9s jogszer\u0171s\u00e9g\u00e9t a visszavon\u00e1s el\u0151tt.<br \/>\nHa visszavonni szeretn\u00e9 hozz\u00e1j\u00e1rul\u00e1s\u00e1t, k\u00fcldje el k\u00e9relm\u00e9t a k\u00f6vetkez\u0151 c\u00edmre: sklep@yonelle.pl, vagy haszn\u00e1lja a Fi\u00f3k megfelel\u0151 funkci\u00f3it.<\/p>\n<p><strong>Panasz beny\u00fajt\u00e1sa a fel\u00fcgyeleti hat\u00f3s\u00e1ghoz<\/strong><\/p>\n<p>Ha \u00fagy v\u00e9li, hogy szem\u00e9lyes adatainak kezel\u00e9se megs\u00e9rti a GDPR-t, \u00d6n jogosult panaszt beny\u00fajtani a fel\u00fcgyeleti hat\u00f3s\u00e1ghoz, k\u00fcl\u00f6n\u00f6sen a szok\u00e1sos tart\u00f3zkod\u00e1si hely\u00e9n, a munkahelye szerinti tag\u00e1llamban vagy az \u00e1ll\u00edt\u00f3lagos jogs\u00e9rt\u00e9s hely\u00e9n.<\/p>\n<p><u>Magyarorsz\u00e1gon a GDPR \u00e9rtelm\u00e9ben fel\u00fcgyeleti hat\u00f3s\u00e1gk\u00e9nt a Nemzeti Adatv\u00e9delmi \u00e9s Inform\u00e1ci\u00f3szabads\u00e1g Hat\u00f3s\u00e1g j\u00e1r el.<\/u><\/p>\n","protected":false},"excerpt":{"rendered":"<p>\u00c1ltal\u00e1nos inform\u00e1ci\u00f3k Ez a dokumentum meghat\u00e1rozza az adatv\u00e9delmi szab\u00e1lyzatot az online \u00e1ruh\u00e1zban (a tov\u00e1bbiakban: \u201eOnline \u00c1ruh\u00e1z\u201d). Az Online \u00c1ruh\u00e1z adminisztr\u00e1tora a JM INNOVATIVE COSMETICS SP\u00d3\u0141KA Z OGRANICZON\u0104 ODPOWIEDZIALNO\u015aCI\u0104, sz\u00e9khelye Vars\u00f3ban tal\u00e1lhat\u00f3, c\u00edm: ul. Gen. J\u00f3zefa Zaj\u0105czka 9A\/24, 01-518 Vars\u00f3, bejegyezve [&hellip;]<\/p>\n","protected":false},"author":12730,"featured_media":0,"parent":0,"menu_order":0,"comment_status":"open","ping_status":"open","template":"","meta":{"_acf_changed":false,"inline_featured_image":false,"footnotes":""},"class_list":["post-451730","page","type-page","status-publish","hentry"],"acf":[],"_links":{"self":[{"href":"https:\/\/www.yonelle.pl\/hu\/wp-json\/wp\/v2\/pages\/451730","targetHints":{"allow":["GET"]}}],"collection":[{"href":"https:\/\/www.yonelle.pl\/hu\/wp-json\/wp\/v2\/pages"}],"about":[{"href":"https:\/\/www.yonelle.pl\/hu\/wp-json\/wp\/v2\/types\/page"}],"author":[{"embeddable":true,"href":"https:\/\/www.yonelle.pl\/hu\/wp-json\/wp\/v2\/users\/12730"}],"replies":[{"embeddable":true,"href":"https:\/\/www.yonelle.pl\/hu\/wp-json\/wp\/v2\/comments?post=451730"}],"version-history":[{"count":4,"href":"https:\/\/www.yonelle.pl\/hu\/wp-json\/wp\/v2\/pages\/451730\/revisions"}],"predecessor-version":[{"id":462944,"href":"https:\/\/www.yonelle.pl\/hu\/wp-json\/wp\/v2\/pages\/451730\/revisions\/462944"}],"wp:attachment":[{"href":"https:\/\/www.yonelle.pl\/hu\/wp-json\/wp\/v2\/media?parent=451730"}],"curies":[{"name":"wp","href":"https:\/\/api.w.org\/{rel}","templated":true}]}}