{"id":451726,"date":"2024-08-29T10:51:02","date_gmt":"2024-08-29T08:51:02","guid":{"rendered":"https:\/\/www.yonelle.pl\/termek-reklamacio\/"},"modified":"2024-08-29T10:51:03","modified_gmt":"2024-08-29T08:51:03","slug":"termek-reklamacio","status":"publish","type":"page","link":"https:\/\/www.yonelle.pl\/hu\/termek-reklamacio\/","title":{"rendered":"Term\u00e9k reklam\u00e1ci\u00f3"},"content":{"rendered":"&#13;\n<p>\u00a0<\/p>&#13;\n<p>Kwestie reklamacji produkt\u00f3w reguluje pkt. 9 i 10 Regulaminu dost\u0119pnego <a href=\"https:\/\/www.yonelle.pl\/?page_id=13831\">tutaj<\/a>.\u00a0<\/p>\n<p>&nbsp;<\/p>\n<p>&nbsp;<\/p>\n","protected":false},"excerpt":{"rendered":"<p>&#13; \u00a0 &#13; Kwestie reklamacji produkt\u00f3w reguluje pkt. 9 i 10 Regulaminu dost\u0119pnego tutaj.\u00a0 &nbsp; &nbsp;<\/p>\n","protected":false},"author":12730,"featured_media":0,"parent":0,"menu_order":0,"comment_status":"open","ping_status":"open","template":"","meta":{"_acf_changed":false,"inline_featured_image":false,"footnotes":""},"class_list":["post-451726","page","type-page","status-publish","hentry"],"acf":[],"_links":{"self":[{"href":"https:\/\/www.yonelle.pl\/hu\/wp-json\/wp\/v2\/pages\/451726","targetHints":{"allow":["GET"]}}],"collection":[{"href":"https:\/\/www.yonelle.pl\/hu\/wp-json\/wp\/v2\/pages"}],"about":[{"href":"https:\/\/www.yonelle.pl\/hu\/wp-json\/wp\/v2\/types\/page"}],"author":[{"embeddable":true,"href":"https:\/\/www.yonelle.pl\/hu\/wp-json\/wp\/v2\/users\/12730"}],"replies":[{"embeddable":true,"href":"https:\/\/www.yonelle.pl\/hu\/wp-json\/wp\/v2\/comments?post=451726"}],"version-history":[{"count":1,"href":"https:\/\/www.yonelle.pl\/hu\/wp-json\/wp\/v2\/pages\/451726\/revisions"}],"predecessor-version":[{"id":451727,"href":"https:\/\/www.yonelle.pl\/hu\/wp-json\/wp\/v2\/pages\/451726\/revisions\/451727"}],"wp:attachment":[{"href":"https:\/\/www.yonelle.pl\/hu\/wp-json\/wp\/v2\/media?parent=451726"}],"curies":[{"name":"wp","href":"https:\/\/api.w.org\/{rel}","templated":true}]}}