{"id":451722,"date":"2024-08-29T10:48:53","date_gmt":"2024-08-29T08:48:53","guid":{"rendered":"https:\/\/www.yonelle.pl\/szerzodestol-valo-elallas\/"},"modified":"2024-08-29T10:48:53","modified_gmt":"2024-08-29T08:48:53","slug":"szerzodestol-valo-elallas","status":"publish","type":"page","link":"https:\/\/www.yonelle.pl\/hu\/szerzodestol-valo-elallas\/","title":{"rendered":"Szerz\u0151d\u00e9st\u0151l val\u00f3 el\u00e1ll\u00e1s"},"content":{"rendered":"<p><strong>Informacja dla konsumenta o prawie odst\u0105pienia od umowy od umowy zawartej na odleg\u0142o\u015b\u0107<\/strong><\/p>\n<p>B\u0119d\u0105c konsumentem maj\u0105 Pa\u0144stwo prawo odst\u0105pi\u0107 od umowy zawartej w Sklepie Internetowym w terminie 14 dni bez podania jakiejkolwiek przyczyny. Termin do odst\u0105pienia od umowy wygasa po up\u0142ywie 14 dni od dnia w kt\u00f3rym weszli Pa\u0144stwo w posiadanie rzeczy lub w kt\u00f3rym osoba trzecia inna ni\u017c przewo\u017anik i wskazana przez Pa\u0144stwa wesz\u0142a w posiadanie rzeczy. Aby skorzysta\u0107 z prawa odst\u0105pienia od umowy, musz\u0105 Pa\u0144stwo poinformowa\u0107 nas o swojej decyzji o odst\u0105pieniu od niniejszej umowy w drodze jednoznacznego o\u015bwiadczenia (na przyk\u0142ad pismo wys\u0142ane poczt\u0105 tradycyjn\u0105 lub poczt\u0105 elektroniczn\u0105).<\/p>\n<p>Je\u015bli wysy\u0142ka produktu odby\u0142a si\u0119 za po\u015brednictwem Paczkomat\u00f3w InPost, zwrotu lub reklamacji mo\u017cesz dokona\u0107 za po\u015brednictwem us\u0142ugi Szybkie Zwroty, dost\u0119pnej po tym <a href=\"https:\/\/szybkiezwroty.pl\/pl\/YONELLE\">linkiem<\/a>.<\/p>\n<p><strong>Towar zwracany nie mo\u017ce nosi\u0107 \u017cadnych oznak u\u017cytkowania, powinien by\u0107 oryginalnie zamkni\u0119ty i zafoliowany w takiej formie jak zosta\u0142 dostarczony.<\/strong><\/p>\n<p>&nbsp;<\/p>\n<p><strong>O\u015bwiadczenie mog\u0105 Pa\u0144stwo przes\u0142a\u0107:<\/strong><\/p>\n<p>&#8211; pisemnie na adres: YONELLE Magazyn, Ideal Idea City Park, ul. S\u0142owikowskiego 81 Hala I rampa 7-8, 05-090 Raszyn<\/p>\n<p>&#8211; w formie elektronicznej za po\u015brednictwem poczty elektronicznej na adres: <a href=\"mailto:sklep@yonelle.pl\">sklep@yonelle.pl<\/a><\/p>\n<p>Przyk\u0142adowy wz\u00f3r formularza odst\u0105pienia od umowy zawarty jest w za\u0142\u0105czniku nr 2 do Ustawy o Prawach Konsumenta oraz dodatkowo dost\u0119pny jest <a href=\"https:\/\/www.yonelle.pl\/wp-content\/uploads\/2021\/04\/F-7.2-01-03-Formularz-reklamacji_zwrotu_KLIENT.pdf\" target=\"_blank\" rel=\"noopener\"><strong>TUTAJ<\/strong><\/a>. Mog\u0105 Pa\u0144stwo skorzysta\u0107 z wzoru formularza odst\u0105pienia od umowy, jednak nie jest to obowi\u0105zkowe.<\/p>\n<p>Aby zachowa\u0107 termin do odst\u0105pienia od umowy, wystarczy, aby wys\u0142ali Pa\u0144stwo informacj\u0119 dotycz\u0105c\u0105 wykonania przys\u0142uguj\u0105cego Pa\u0144stwu prawa odst\u0105pienia od umowy przed up\u0142ywem terminu do odst\u0105pienia od umowy.<\/p>\n<p>W przypadku odst\u0105pienia od niniejszej umowy zwracamy Pa\u0144stwu wszystkie otrzymane od Pa\u0144stwa p\u0142atno\u015bci, w tym koszty dostarczenia rzeczy (z wyj\u0105tkiem dodatkowych koszt\u00f3w wynikaj\u0105cych z wybranego przez Pa\u0144stwa sposobu dostarczenia innego ni\u017c najta\u0144szy zwyk\u0142y spos\u00f3b dostarczenia oferowany przez nas), niezw\u0142ocznie, a w ka\u017cdym przypadku nie p\u00f3\u017aniej ni\u017c 14 dni od dnia, w kt\u00f3rym zostali\u015bmy poinformowani o Pa\u0144stwa decyzji o wykonaniu prawa odst\u0105pienia od niniejszej umowy. Zwrotu p\u0142atno\u015bci dokonamy przy u\u017cyciu takich samych sposob\u00f3w p\u0142atno\u015bci, jakie zosta\u0142y przez Pa\u0144stwa u\u017cyte w pierwotnej transakcji, chyba \u017ce wyra\u017anie zgodzili\u015bcie si\u0119 Pa\u0144stwo na inne rozwi\u0105zanie; w ka\u017cdym przypadku nie ponios\u0105 Pa\u0144stwo \u017cadnych op\u0142at w zwi\u0105zku z tym zwrotem. Mo\u017cemy wstrzyma\u0107 si\u0119 ze zwrotem p\u0142atno\u015bci do czasu otrzymania rzeczy lub do czasu dostarczenia nam dowodu jej odes\u0142ania, w zale\u017cno\u015bci od tego, kt\u00f3re zdarzenie nast\u0105pi wcze\u015bniej.<\/p>\n<p>Je\u017celi otrzymali Pa\u0144stwo rzecz, to prosz\u0119 odes\u0142a\u0107 lub przekaza\u0107 j\u0105 nam na adres: YONELLE Magazyn, Ideal Idea City Park, ul. S\u0142owikowskiego 81 Hala I rampa 7-8, 05-090 Raszyn, niezw\u0142ocznie, a w ka\u017cdym razie nie p\u00f3\u017aniej ni\u017c 14 dni od dnia, w kt\u00f3rym poinformowali nas Pa\u0144stwo o odst\u0105pieniu od niniejszej umowy. Termin jest zachowany, je\u017celi ode\u015bl\u0105 Pa\u0144stwo rzecz przed up\u0142ywem terminu 14 dni. B\u0119d\u0105 Pa\u0144stwo musieli ponie\u015b\u0107 bezpo\u015brednie koszty zwrotu rzeczy. Odpowiadaj\u0105 Pa\u0144stwo tylko za zmniejszenie warto\u015bci rzeczy wynikaj\u0105ce z korzystania z niej w spos\u00f3b inny ni\u017c by\u0142o to konieczne do stwierdzenia charakteru, cech i funkcjonowania rzeczy.<\/p>\n<p>Je\u015bli wysy\u0142ka produktu odby\u0142a si\u0119 za po\u015brednictwem Paczkomat\u00f3w InPost, zwrotu lub reklamacji mo\u017cesz dokona\u0107 za po\u015brednictwem us\u0142ugi Szybkie Zwroty, dost\u0119pnej po tym <a href=\"https:\/\/szybkiezwroty.pl\/pl\/YONELLE\">linkiem<\/a>.<\/p>\n","protected":false},"excerpt":{"rendered":"<p>Informacja dla konsumenta o prawie odst\u0105pienia od umowy od umowy zawartej na odleg\u0142o\u015b\u0107 B\u0119d\u0105c konsumentem maj\u0105 Pa\u0144stwo prawo odst\u0105pi\u0107 od umowy zawartej w Sklepie Internetowym w terminie 14 dni bez podania jakiejkolwiek przyczyny. Termin do odst\u0105pienia od umowy wygasa po [&hellip;]<\/p>\n","protected":false},"author":12730,"featured_media":0,"parent":0,"menu_order":0,"comment_status":"open","ping_status":"open","template":"","meta":{"_acf_changed":false,"inline_featured_image":false,"footnotes":""},"class_list":["post-451722","page","type-page","status-publish","hentry"],"acf":[],"_links":{"self":[{"href":"https:\/\/www.yonelle.pl\/hu\/wp-json\/wp\/v2\/pages\/451722","targetHints":{"allow":["GET"]}}],"collection":[{"href":"https:\/\/www.yonelle.pl\/hu\/wp-json\/wp\/v2\/pages"}],"about":[{"href":"https:\/\/www.yonelle.pl\/hu\/wp-json\/wp\/v2\/types\/page"}],"author":[{"embeddable":true,"href":"https:\/\/www.yonelle.pl\/hu\/wp-json\/wp\/v2\/users\/12730"}],"replies":[{"embeddable":true,"href":"https:\/\/www.yonelle.pl\/hu\/wp-json\/wp\/v2\/comments?post=451722"}],"version-history":[{"count":0,"href":"https:\/\/www.yonelle.pl\/hu\/wp-json\/wp\/v2\/pages\/451722\/revisions"}],"wp:attachment":[{"href":"https:\/\/www.yonelle.pl\/hu\/wp-json\/wp\/v2\/media?parent=451722"}],"curies":[{"name":"wp","href":"https:\/\/api.w.org\/{rel}","templated":true}]}}