{"id":228820,"date":"2020-10-12T11:16:30","date_gmt":"2020-10-12T09:16:30","guid":{"rendered":"https:\/\/www.yonelle.pl\/?post_type=product&#038;p=228820"},"modified":"2026-04-22T15:08:18","modified_gmt":"2026-04-22T13:08:18","slug":"fortefusion-hyaluronic-acid-forte-face-neck-decollete","status":"publish","type":"product","link":"https:\/\/www.yonelle.pl\/en\/product\/fortefusion-hyaluronic-acid-forte-face-neck-decollete\/","title":{"rendered":"FORTEFUS\u00cdON Hyaluronic Acid Forte Face, Neck, D\u00e9collet\u00e9"},"content":{"rendered":"<h3>THE SECRET OF YOUTH! HYDROFILLING OF THE SKIN<\/h3>\n<p><strong>HYALURONIC ACID FORTE<\/strong> acts as super moisturizing bomb. Instantly provides an extraordinary level of skin hydration, spectaculary rejuvenating its appearance.<\/p>\n<p>\u2022 The surface of the skin becomes delightfully smooth and radiant.<br \/>\n\u2022 The tension and skin tone are significantly improved.<br \/>\n\u2022 A comfortable feeling of firmness and elasticity appears.<\/p>\n<p>The soothing effect of hyaluronic acid, confirmed by numerous dermatological tests makes the skin soothed, less sensitive and more resistant to irritation. It looks healthier and younger.<\/p>\n<p><strong>PRODUCT ENHANCES MOISTURIZING EFFECT OF SKINCARE CREAMS.<\/strong><\/p>\n","protected":false},"excerpt":{"rendered":"<p>HYALURONIC ACID FORTE for face, neck and decollete. Acts as super moisturizing bomb.<\/p>\n","protected":false},"featured_media":507505,"comment_status":"open","ping_status":"closed","template":"","meta":{"_acf_changed":false,"inline_featured_image":false},"product_brand":[],"product_cat":[783],"product_tag":[1143,974,795,1484,1485,413,1615,1135,785,786,1601,1133,1156,1498,1408,1409,794],"class_list":{"0":"post-228820","1":"product","2":"type-product","3":"status-publish","4":"has-post-thumbnail","6":"product_cat-fortefusion-en","7":"product_tag-dojrzala-skora-slabo-nawodniona-en","8":"product_tag-dry-skin","9":"product_tag-fortefusion-en","10":"product_tag-intensywne-nawilzenie-i-blask_serum-en","11":"product_tag-kazdy-rodzaj-skory-en","12":"product_tag-day-night-cream-serum","13":"product_tag-redukcja-podraznien-en","14":"product_tag-mlodzienczy-blask-en","15":"product_tag-na-dzien-i-na-noc-en","16":"product_tag-nawilzanie-en","17":"product_tag-redukcja-zmarszczek-i-poprawa-jedrnosci_serum-en","18":"product_tag-serum-do-twarzy-en","19":"product_tag-skora-mieszana-en","20":"product_tag-skora-naczynkowa-en","21":"product_tag-skora-normalna-en","22":"product_tag-skora-tlusta-en","23":"product_tag-ujedrnienie-en","24":"pa_dzialanie-mature-skin-with-uneven-coloring","25":"pa_dzialanie-dojrzala-skora-wrazliwa-en","26":"pa_dzialanie-ochrona-anti-pollution-en","27":"pa_dzialanie-mature-dehydrated-skin","28":"pa_dzialanie-wrinkles-reduction","30":"first","31":"instock","32":"shipping-taxable","33":"purchasable","34":"product-type-simple"},"acf":[],"df_price":330,"df_sale_price":"","df_regular_price":330,"df_image_link":"https:\/\/www.yonelle.pl\/wp-content\/uploads\/2021\/06\/FORTEFUSION-KWAS-HIALURONOWY-FORTE_2_strona_1000x1000_small-300x300.jpg","_links":{"self":[{"href":"https:\/\/www.yonelle.pl\/en\/wp-json\/wp\/v2\/product\/228820","targetHints":{"allow":["GET"]}}],"collection":[{"href":"https:\/\/www.yonelle.pl\/en\/wp-json\/wp\/v2\/product"}],"about":[{"href":"https:\/\/www.yonelle.pl\/en\/wp-json\/wp\/v2\/types\/product"}],"replies":[{"embeddable":true,"href":"https:\/\/www.yonelle.pl\/en\/wp-json\/wp\/v2\/comments?post=228820"}],"wp:featuredmedia":[{"embeddable":true,"href":"https:\/\/www.yonelle.pl\/en\/wp-json\/wp\/v2\/media\/507505"}],"wp:attachment":[{"href":"https:\/\/www.yonelle.pl\/en\/wp-json\/wp\/v2\/media?parent=228820"}],"wp:term":[{"taxonomy":"product_brand","embeddable":true,"href":"https:\/\/www.yonelle.pl\/en\/wp-json\/wp\/v2\/product_brand?post=228820"},{"taxonomy":"product_cat","embeddable":true,"href":"https:\/\/www.yonelle.pl\/en\/wp-json\/wp\/v2\/product_cat?post=228820"},{"taxonomy":"product_tag","embeddable":true,"href":"https:\/\/www.yonelle.pl\/en\/wp-json\/wp\/v2\/product_tag?post=228820"}],"curies":[{"name":"wp","href":"https:\/\/api.w.org\/{rel}","templated":true}]}}