{"id":7762,"date":"2014-01-31T11:18:55","date_gmt":"2014-01-31T10:18:55","guid":{"rendered":"http:\/\/yonelle.pl\/brand-2\/opinie\/"},"modified":"2020-02-05T11:52:00","modified_gmt":"2020-02-05T10:52:00","slug":"opinie","status":"publish","type":"page","link":"https:\/\/www.yonelle.pl\/en\/brand\/opinie\/","title":{"rendered":"Opinie"},"content":{"rendered":"<div class=\"marka_opinie_item\">\n<p><a href=\"https:\/\/www.yonelle.pl\/en\/product\/lift-cream-no-1\/\"><img decoding=\"async\" class=\"marka_opinie_img\" src=\"https:\/\/www.yonelle.pl\/wp-content\/themes\/jeden\/libs\/timthumb.php?src=https:\/\/www.yonelle.pl\/wp-content\/uploads\/2013\/11\/n1_cream-500x500.jpg&amp;w=120&amp;q=100&amp;zc=2\" alt=\"\"><\/a><\/p>\n<h3><a href=\"https:\/\/www.yonelle.pl\/en\/product\/lift-cream-no-1\/\">LIFTINGUJ\u0104CY KREM INFUZYJNY N\u00b01<\/a><\/h3>\n<p><strong>Agnieszka Stec<\/strong>Jako zaawansowana 40-latka, z wielk\u0105 nadziej\u0105 si\u0119gn\u0119\u0142am po liftinguj\u0105cy krem <a href=\"https:\/\/www.yonelle.pl\/en\/\">YONELLE<\/a>. Bardzo podoba mi si\u0119 lekka konsystencja oraz delikatny zapach. Po pierwszej aplikacji mia\u0142am wra\u017cenie, \u017ce sk\u00f3ra momentalnie robi si\u0119 napi\u0119ta i dobrze nawil\u017cona. Z pewno\u015bci\u0105 si\u0119gn\u0119 po kolejne produkty! Zapomnia\u0142am, jestem alergikiem, a kosmetyk nie wywo\u0142a\u0142 podra\u017cnie\u0144, co dla mnie jest bardzo istotne. Dzi\u0119kuj\u0119 za krem, kt\u00f3ry nie tylko snuje pi\u0119kne wizje, ale faktycznie dzia\u0142a! Pozdrawiam serdecznie i \u017cycz\u0119 du\u017co entuzjazmu przy tworzeniu nowych, r\u00f3wnie \u015bwietnych preparat\u00f3w.<\/p>\n<\/div>\n<div class=\"marka_opinie_item\">\n<p><a href=\"https:\/\/www.yonelle.pl\/en\/cosmetics\/\"><img decoding=\"async\" class=\"marka_opinie_img\" src=\"https:\/\/www.yonelle.pl\/wp-content\/themes\/jeden\/libs\/timthumb.php?src=https:\/\/www.yonelle.pl\/wp-content\/uploads\/2014\/06\/news_marka.jpg&amp;w=120&amp;q=100&amp;zc=2\" alt=\"\"><\/a><\/p>\n<h3><a href=\"https:\/\/www.yonelle.pl\/en\/cosmetics\/\">R\u00d3\u017bOWO MI<\/a><\/h3>\n<p><strong>Krystyna Grzeszczak<\/strong>Pragn\u0119 wyrazi\u0107 wyrazy szczerego zachwytu seri\u0105 <a href=\"https:\/\/www.yonelle.pl\/en\/cosmetics\/\">kosmetyk\u00f3w YONELLE<\/a>. Jest mi tym bardziej mi\u0142o, gdy\u017c jest to linia stworzona z my\u015bl\u0105 o kobietach tu\u017c po czterdziestce, a wi\u0119c o mnie. Ca\u0142o\u015b\u0107, pocz\u0105wszy od opakowania, a sko\u0144czywszy na nowatorskiej technologii tych kosmetyk\u00f3w, jest perfekcyjnie dopracowana. Rzeczywi\u015bcie s\u0105 to produkty na miar\u0119 XXI wieku. Cieszy tak\u017ce fakt, i\u017c s\u0105 to kosmetyki rodzime, dedykowane w\u0142a\u015bnie nam, Polkom. B\u0119d\u0119 gor\u0105co kibicowa\u0107 marce <a href=\"https:\/\/www.yonelle.pl\/en\/\">YONELLE<\/a> i czekam na kolejne kosmetyczne pere\u0142ki w kolorze pink.<\/p>\n<\/div>\n<div class=\"marka_opinie_item\">\n<p><a href=\"https:\/\/www.yonelle.pl\/en\/product\/infusion-rich-night-cream\/\"><img decoding=\"async\" class=\"marka_opinie_img\" src=\"https:\/\/www.yonelle.pl\/wp-content\/themes\/jeden\/libs\/timthumb.php?src=https:\/\/www.yonelle.pl\/wp-content\/uploads\/2013\/11\/rich_cream-500x500.jpg&amp;w=120&amp;q=100&amp;zc=2\" alt=\"\"><\/a><\/p>\n<h3><a href=\"https:\/\/www.yonelle.pl\/en\/product\/infusion-rich-night-cream\/\">OD\u017bYWCZY KREM INFUZYJNY NA NOC<\/a><\/h3>\n<p><strong>Katarzyna Dobrza\u0144ska<\/strong>Witam serdecznie!<br \/>\nZaczn\u0119 od pocz\u0105tku \ud83d\ude42 Poszukiwa\u0142am od pewnego czasu <a href=\"https:\/\/www.yonelle.pl\/en\/product\/infusion-rich-night-cream\/\">dobrego kremu na noc<\/a>. Dobrego, czyli takiego, po kt\u00f3rym widzia\u0142abym efekty dzia\u0142ania. Poniewa\u017c najcz\u0119\u015bciej si\u0119gam po kosmetyki luksusowe, poszukiwania zacz\u0119\u0142am od perfumerii Douglas. To w\u0142a\u015bnie tam po\u015br\u00f3d innych krem\u00f3w otrzyma\u0142am do wypr\u00f3bowania <a href=\"https:\/\/www.yonelle.pl\/en\/product\/infusion-rich-night-cream\/\">YONELLE Od\u017cywczy Krem Infuzyjny Na Noc<\/a>. Dzi\u015b jestem szcz\u0119\u015bliw\u0105 posiadaczk\u0105 pi\u0119knego s\u0142oiczka. Krem zdecydowanie spe\u0142nia moje oczekiwania, a mianowicie:<br \/>\n&#8211; wspaniale nawil\u017ca sk\u00f3r\u0119<br \/>\n&#8211; sk\u00f3ra jest niezwykle g\u0142adka<br \/>\n&#8211; sp\u0142yci\u0142y si\u0119 zmarszczki<br \/>\n&#8211; twarz wygl\u0105da zdecydowanie m\u0142odziej, bardziej \u015bwie\u017co i promiennie<br \/>\nAtutem, kt\u00f3ry dodatkowo jeszcze umila stosowanie kremu jest przepi\u0119kny s\u0142oiczek i wyj\u0105tkowe etui na s\u0142oiczek (nie zapominaj\u0105c o szpatu\u0142ce, tak pomocnej w nak\u0142adaniu kremu). Jestem w 100% usatysfakcjonowana Pa\u0144stwa produktem pod ka\u017cdym wzgl\u0119dem.<\/p>\n<\/div>\n<div class=\"marka_opinie_item\">\n<p><a href=\"https:\/\/www.yonelle.pl\/en\/cosmetics\/\"><img decoding=\"async\" class=\"marka_opinie_img\" src=\"https:\/\/www.yonelle.pl\/wp-content\/themes\/jeden\/libs\/timthumb.php?src=https:\/\/www.yonelle.pl\/wp-content\/uploads\/2013\/11\/rich_cream-500x500.jpg&amp;w=120&amp;q=100&amp;zc=2\" alt=\"\"><\/a><\/p>\n<h3><a href=\"https:\/\/www.yonelle.pl\/en\/cosmetics\/\">MEGA ZACHWYT<\/a><\/h3>\n<p><strong>Justyna Berger<\/strong>Pisz\u0119 do Pa\u0144stwa, aby pogratulowa\u0107 cudu kosmetycznego, kt\u00f3ry mam przyjemno\u015b\u0107 testowa\u0107 na w\u0142asnej sk\u00f3rze. Jestem szcz\u0119\u015bliw\u0105 u\u017cytkowniczk\u0105 kremu na noc o nazwie <a href=\"https:\/\/www.yonelle.pl\/en\/product\/infusion-rich-night-cream\/\">INFUSION RICH NIGHT CREAM<\/a>. Stosowanie tego kosmetyku to prawdziwa przyjemno\u015b\u0107. Konsystencja g\u0119sta, mase\u0142kowata, zach\u0119caj\u0105ca do masa\u017cu &#8211; dok\u0142adnie taka, jak\u0105 kocha moja cera. Zapach subtelny, delikatny, koj\u0105cy &#8211; w sam raz na noc, doskonale u\u015bmierza troski i zmartwienia ko\u0144cz\u0105cego si\u0119 dnia. Opakowanie nieziemskie, niepowtarzalne, drugiego takiego ze \u015bwieczk\u0105 szuka\u0107. A efekty??? Jak na razie wysoce zadowalaj\u0105ce: buzia sta\u0142a si\u0119 promienna, sk\u00f3ra jakby bardziej g\u0119sta, odporna na zmiany temperatury i przenikliwy ch\u0142\u00f3d, kt\u00f3ry ostatnio funduje nam panuj\u0105ca za oknem aura. Jednym s\u0142owem, jak g\u0142osi tytu\u0142 tej wiadomo\u015bci, wprowadzili\u015bcie mnie Pa\u0144stwo w mega zachwyt.<br \/>\nSzczerze winszuj\u0119 i czekam na kolejne odkrycia kosmetyczne <a href=\"https:\/\/www.yonelle.pl\/en\/\">YONELLE<\/a>.<\/p>\n<\/div>\n<div class=\"marka_opinie_item\">\n<p><a href=\"https:\/\/www.yonelle.pl\/produkt\/eliksir-pieknosci\/\"><img decoding=\"async\" class=\"marka_opinie_img\" src=\"https:\/\/www.yonelle.pl\/wp-content\/themes\/jeden\/libs\/timthumb.php?src=https:\/\/www.yonelle.pl\/wp-content\/uploads\/2013\/11\/elixir-500x500.jpg&amp;w=120&amp;q=100&amp;zc=2\" alt=\"\"><\/a><\/p>\n<h3><a href=\"https:\/\/www.yonelle.pl\/produkt\/eliksir-pieknosci\/\">INFUSION BEAUTY ELIXIR<\/a><\/h3>\n<p><strong>Iwona Tracz<\/strong>Testowa\u0142am dwa produkty: <a href=\"https:\/\/www.yonelle.pl\/produkt\/eliksir-pieknosci\/\">Infusion Beauty Elixir<\/a> oraz <a href=\"https:\/\/www.yonelle.pl\/en\/product\/lift-cream-no-1\/\">Infusion Lift Cream N<sup>0<\/sup>1<\/a>. Oba kosmetyki maj\u0105 og\u00f3rkowo-melonowy zapach (\u2026) <a href=\"https:\/\/www.yonelle.pl\/produkt\/eliksir-pieknosci\/\">Beauty Elixir<\/a> genialny. Buzia zaraz po na\u0142o\u017ceniu g\u0142adka, napi\u0119ta, promienna. Stosowa\u0142am na noc. Nie wa\u0142kuje si\u0119, szybko wch\u0142ania i w 100% spe\u0142nia obietnice producenta. Rano buzia wygl\u0105da\u0142a idealnie. Krem r\u00f3wnie\u017c spe\u0142ni\u0142 moje oczekiwania. Jest lekki, szybko si\u0119 wch\u0142ania, nie wa\u0142kuje pod makija\u017cem. Buzia jest g\u0142adka, nawil\u017cona. D\u0142ugotrwa\u0142ych efekt\u00f3w przeciwzmarszczkowych nie da si\u0119 zauwa\u017cy\u0107 po zu\u017cyciu pr\u00f3bek, ale mnie produkty przekona\u0142y i na pewn\u0105 b\u0119d\u0105 moim must have!<\/p>\n<\/div>\n<div class=\"marka_opinie_item\">\n<p><a href=\"https:\/\/www.yonelle.pl\/en\/cosmetics\/\"><img decoding=\"async\" class=\"marka_opinie_img\" src=\"https:\/\/www.yonelle.pl\/wp-content\/themes\/jeden\/libs\/timthumb.php?src=https:\/\/www.yonelle.pl\/wp-content\/uploads\/2014\/07\/Infusion_seria_opinie.jpg&amp;w=120&amp;q=100&amp;zc=2\" alt=\"\"><\/a><\/p>\n<h3><a href=\"https:\/\/www.yonelle.pl\/en\/cosmetics\/\">YONELLE INFUSION<\/a><\/h3>\n<p><strong>Katarzyna Szokalska<\/strong>Kupi\u0142am Wasz krem za namow\u0105 sprzedawczyni w jednej z dobrych perfumerii. Powiem tak &#8211; zrobi\u0142am sobie wspania\u0142y prezent !!! Jeszcze nigdy nie mia\u0142am kremu tak podanego! \u015awietny pomys\u0142 na opakowanie, a dalej jest jeszcze lepiej &#8211; super zapach, co dla mnie bardzo istotne, nie u\u017cyj\u0119 kremu je\u015bli nie pasuje mi zapach. Konsystencja super, ale najlepsze jest przy nak\u0142adaniu &#8211; w miar\u0119 wmasowywania kremu ma si\u0119 wra\u017cenie, \u017ce p\u0119kaj\u0105 drobne b\u0105belki, mokre, kt\u00f3re wspaniale nawil\u017caj\u0105 i od\u017cywiaj\u0105 sk\u00f3r\u0119! Taka sytuacja!!!<br \/>\nDzi\u0119kuj\u0119 i pozdrawiam &#8211; Kasia po 40-stce<\/p>\n<\/div>\n<div class=\"marka_opinie_item\">\n<p><a href=\"https:\/\/www.yonelle.pl\/en\/cosmetics\/\"><img decoding=\"async\" class=\"marka_opinie_img\" src=\"https:\/\/www.yonelle.pl\/wp-content\/themes\/jeden\/libs\/timthumb.php?src=https:\/\/www.yonelle.pl\/wp-content\/uploads\/2014\/07\/Infusion_seria_opinie.jpg&amp;w=120&amp;q=100&amp;zc=2\" alt=\"\"><\/a><\/p>\n<h3><a href=\"https:\/\/www.yonelle.pl\/en\/cosmetics\/\">YONELLE INFUSION<\/a><\/h3>\n<p><strong>Ewa Stankiewicz (z Balingen)<\/strong>Drogi <a href=\"https:\/\/www.yonelle.pl\/en\/\">YONELLE<\/a>!! Serdeczne dzi\u0119ki za tak <a href=\"https:\/\/www.yonelle.pl\/en\/cosmetics\/\">znakomite kosmetyki<\/a>!!! U\u017cywam ich od 3 miesi\u0119cy. Niesamowita r\u00f3\u017cnica jako\u015bci mojej skory! Nawet m\u00f3j M\u0105\u017c jest zachwycony (czasami podbiera m\u00f3j Krem). Wszystkiego dobrego! Pozdrowienia \ud83d\ude42<\/p>\n<\/div>\n<div class=\"marka_opinie_item\">\n<p><a href=\"https:\/\/www.yonelle.pl\/en\/product\/lift-cream-no-1\/\"><img decoding=\"async\" class=\"marka_opinie_img\" src=\"https:\/\/www.yonelle.pl\/wp-content\/themes\/jeden\/libs\/timthumb.php?src=https:\/\/www.yonelle.pl\/wp-content\/uploads\/2013\/11\/n1_cream-500x500.jpg&amp;w=120&amp;q=100&amp;zc=2\" alt=\"\"><\/a><\/p>\n<h3><a href=\"https:\/\/www.yonelle.pl\/en\/product\/lift-cream-no-1\/\">LIFTINGUJ\u0104CY KREM INFUZYJNY N\u00b01<\/a><\/h3>\n<p><strong>Ma\u0142gorzata Drygalska<\/strong> Odwiedzaj\u0105c perfumeri\u0119 Douglas, zawsze zwracam uwag\u0119 na nowo\u015bci. Tym razem by\u0142y to kosmetyki <a href=\"https:\/\/www.yonelle.pl\/en\/\">YONELLE<\/a>. Sk\u0142ad kremu, cena i marka &#8211; bardzo mnie zaintrygowa\u0142y. Kupi\u0142am krem Infusion Lift Cream N \u1d52 1. Wielkie uznanie dla ca\u0142ego zespo\u0142u! Jestem pod wra\u017ceniem kremu. Wspania\u0142a jako\u015b\u0107, pi\u0119kne opakowania, dba\u0142o\u015b\u0107 o szczeg\u00f3\u0142y \u2013 elegancki s\u0142oiczek, satynowy woreczek&#8230; &#8211; tego si\u0119 nie spodziewa\u0142am. \u017bycz\u0119 dalszych sukces\u00f3w \ud83d\ude42<\/p>\n<\/div>\n","protected":false},"excerpt":{"rendered":"<p>LIFTINGUJ\u0104CY KREM INFUZYJNY N\u00b01 Agnieszka StecJako zaawansowana 40-latka, z wielk\u0105 nadziej\u0105 si\u0119gn\u0119\u0142am po liftinguj\u0105cy krem YONELLE. Bardzo podoba mi si\u0119 lekka konsystencja oraz delikatny zapach. Po pierwszej aplikacji mia\u0142am wra\u017cenie, \u017ce sk\u00f3ra momentalnie robi si\u0119 napi\u0119ta i dobrze nawil\u017cona. Z [&hellip;]<\/p>\n","protected":false},"author":12730,"featured_media":0,"parent":7721,"menu_order":0,"comment_status":"open","ping_status":"open","template":"page-opinie.php","meta":{"_acf_changed":false,"inline_featured_image":false,"footnotes":""},"class_list":["post-7762","page","type-page","status-publish","hentry"],"acf":[],"_links":{"self":[{"href":"https:\/\/www.yonelle.pl\/en\/wp-json\/wp\/v2\/pages\/7762","targetHints":{"allow":["GET"]}}],"collection":[{"href":"https:\/\/www.yonelle.pl\/en\/wp-json\/wp\/v2\/pages"}],"about":[{"href":"https:\/\/www.yonelle.pl\/en\/wp-json\/wp\/v2\/types\/page"}],"author":[{"embeddable":true,"href":"https:\/\/www.yonelle.pl\/en\/wp-json\/wp\/v2\/users\/12730"}],"replies":[{"embeddable":true,"href":"https:\/\/www.yonelle.pl\/en\/wp-json\/wp\/v2\/comments?post=7762"}],"version-history":[{"count":1,"href":"https:\/\/www.yonelle.pl\/en\/wp-json\/wp\/v2\/pages\/7762\/revisions"}],"predecessor-version":[{"id":189301,"href":"https:\/\/www.yonelle.pl\/en\/wp-json\/wp\/v2\/pages\/7762\/revisions\/189301"}],"up":[{"embeddable":true,"href":"https:\/\/www.yonelle.pl\/en\/wp-json\/wp\/v2\/pages\/7721"}],"wp:attachment":[{"href":"https:\/\/www.yonelle.pl\/en\/wp-json\/wp\/v2\/media?parent=7762"}],"curies":[{"name":"wp","href":"https:\/\/api.w.org\/{rel}","templated":true}]}}