{"id":7728,"date":"2014-08-18T16:47:32","date_gmt":"2014-08-18T14:47:32","guid":{"rendered":"http:\/\/yonelle.pl\/?page_id=7728"},"modified":"2020-02-05T11:53:28","modified_gmt":"2020-02-05T10:53:28","slug":"yonelle-founders","status":"publish","type":"page","link":"https:\/\/www.yonelle.pl\/en\/brand\/yonelle-founders\/","title":{"rendered":"FOUNDERS"},"content":{"rendered":"<p>[ezcol_1third]<\/p>\n<h3 class=\"misja2\">The YONELLE brand was founded in 2013 by Jolanta Zwoli\u0144ska and Ma\u0142gorzata Che\u0142kowska, who have both been very well known in the Polish cosmetics industry for many years and are highly regarded for their professionalism, activity and reliability.<\/h3>\n<p>[\/ezcol_1third] [ezcol_1third]<a href=\"https:\/\/www.yonelle.pl\/wp-content\/uploads\/2013\/10\/zalozycielki_041220152.jpg\"><img decoding=\"async\" class=\"alignnone size-medium wp-image-23124\" src=\"https:\/\/www.yonelle.pl\/wp-content\/uploads\/2013\/10\/zalozycielki_041220152-300x244.jpg\" alt=\"zalozycielki_04122015(2)\" width=\"300\" height=\"244\" srcset=\"https:\/\/www.yonelle.pl\/wp-content\/uploads\/2013\/10\/zalozycielki_041220152-300x244.jpg 300w, https:\/\/www.yonelle.pl\/wp-content\/uploads\/2013\/10\/zalozycielki_041220152-150x122.jpg 150w, https:\/\/www.yonelle.pl\/wp-content\/uploads\/2013\/10\/zalozycielki_041220152-92x75.jpg 92w, https:\/\/www.yonelle.pl\/wp-content\/uploads\/2013\/10\/zalozycielki_041220152-50x41.jpg 50w, https:\/\/www.yonelle.pl\/wp-content\/uploads\/2013\/10\/zalozycielki_041220152-110x89.jpg 110w, https:\/\/www.yonelle.pl\/wp-content\/uploads\/2013\/10\/zalozycielki_041220152-73x60.jpg 73w, https:\/\/www.yonelle.pl\/wp-content\/uploads\/2013\/10\/zalozycielki_041220152.jpg 315w\" sizes=\"(max-width: 300px) 100vw, 300px\" \/><\/a>[\/ezcol_1third] [ezcol_1third_end]<\/p>\n<h3 class=\"zalozycielki\">\u201eWHAT BROUGHT US TOGETHER WAS OUR COMMON SCIENTIFIC PASSION, THE JOY OF CREATING NEW VALUES, THE SAME ATTITUDE TO BUSINESS ETHICS, PROFESSIONAL ACCOUNTABILITY AND FAITH IN THE POWER OF COSMETOLOGY AND&#8230; HUGE RESOURCES OF POSITIVE ENERGY.\u201d<\/h3>\n<p>[\/ezcol_1third_end]<\/p>\n<p>[ezcol_1half]<\/p>\n<div style=\"text-align: right;\">JOLANTA ZWOLI\u0143SKA<br \/>\n<i>biologist<\/i><\/div>\n<div style=\"text-align: right;\"><\/div>\n<div style=\"text-align: right;\">Has been working in the beauty industry for over 30 years. The creator of cosmetics brands that have won awards many times for quality and innovation. An authority and winner of numerous awards in the field of cosmetology and business.<\/div>\n<p>[\/ezcol_1half] [ezcol_1half_end]<\/p>\n<div>MA\u0141GORZATA CHE\u0141KOWSKA<br \/>\n<i>PhD of chemistry, cosmetologist<\/i><\/div>\n<div><\/div>\n<div>For 15 years has been dedicated to creating cosmetics. A scientist and university lecturer. The author of a doctoral dissertation on the penetration of active substances through the skin as well as numerous articles in the field of cosmetology.<\/div>\n<p>[\/ezcol_1half_end]<\/p>\n","protected":false},"excerpt":{"rendered":"<p>[ezcol_1third] The YONELLE brand was founded in 2013 by Jolanta Zwoli\u0144ska and Ma\u0142gorzata Che\u0142kowska, who have both been very well known in the Polish cosmetics industry for many years and are highly regarded for their professionalism, activity and reliability. [\/ezcol_1third] [&hellip;]<\/p>\n","protected":false},"author":12730,"featured_media":0,"parent":7721,"menu_order":2,"comment_status":"open","ping_status":"open","template":"","meta":{"_acf_changed":false,"inline_featured_image":false,"footnotes":""},"class_list":["post-7728","page","type-page","status-publish","hentry"],"acf":[],"_links":{"self":[{"href":"https:\/\/www.yonelle.pl\/en\/wp-json\/wp\/v2\/pages\/7728","targetHints":{"allow":["GET"]}}],"collection":[{"href":"https:\/\/www.yonelle.pl\/en\/wp-json\/wp\/v2\/pages"}],"about":[{"href":"https:\/\/www.yonelle.pl\/en\/wp-json\/wp\/v2\/types\/page"}],"author":[{"embeddable":true,"href":"https:\/\/www.yonelle.pl\/en\/wp-json\/wp\/v2\/users\/12730"}],"replies":[{"embeddable":true,"href":"https:\/\/www.yonelle.pl\/en\/wp-json\/wp\/v2\/comments?post=7728"}],"version-history":[{"count":1,"href":"https:\/\/www.yonelle.pl\/en\/wp-json\/wp\/v2\/pages\/7728\/revisions"}],"predecessor-version":[{"id":189304,"href":"https:\/\/www.yonelle.pl\/en\/wp-json\/wp\/v2\/pages\/7728\/revisions\/189304"}],"up":[{"embeddable":true,"href":"https:\/\/www.yonelle.pl\/en\/wp-json\/wp\/v2\/pages\/7721"}],"wp:attachment":[{"href":"https:\/\/www.yonelle.pl\/en\/wp-json\/wp\/v2\/media?parent=7728"}],"curies":[{"name":"wp","href":"https:\/\/api.w.org\/{rel}","templated":true}]}}