{"id":191315,"date":"2014-10-15T14:27:08","date_gmt":"2014-10-15T12:27:08","guid":{"rendered":"http:\/\/www.yonelle.pl\/?page_id=191315"},"modified":"2020-02-12T15:20:28","modified_gmt":"2020-02-12T14:20:28","slug":"zapisz-sie","status":"publish","type":"page","link":"https:\/\/www.yonelle.pl\/en\/zapisz-sie\/","title":{"rendered":"ZAPISZ SI\u0118 DO NEWSLETTERA I ODBIERZ KUPON RABATOWY"},"content":{"rendered":"<h2 style=\"text-align: center;\"><strong>\u00a0EN ZAPISZ SI\u0118 DO NEWSLETTERA<\/strong><\/h2>\n<p style=\"text-align: center;\">I ODBIERZ KUPON RABATOWY<\/p>\n<h4 style=\"text-align: center;\"><strong>O WARTO\u015aCI 30 Z\u0141 DO E-SKLEPU.<\/strong><\/h4>\n<p style=\"text-align: center;\">DO WYKORZYSTANIA PRZY ZAKUPACH ZA MIN. 200 Z\u0141<\/p>\n","protected":false},"excerpt":{"rendered":"<p>\u00a0EN ZAPISZ SI\u0118 DO NEWSLETTERA I ODBIERZ KUPON RABATOWY O WARTO\u015aCI 30 Z\u0141 DO E-SKLEPU. DO WYKORZYSTANIA PRZY ZAKUPACH ZA MIN. 200 Z\u0141<\/p>\n","protected":false},"author":12730,"featured_media":0,"parent":0,"menu_order":0,"comment_status":"open","ping_status":"closed","template":"","meta":{"_acf_changed":false,"inline_featured_image":false,"footnotes":""},"class_list":["post-191315","page","type-page","status-publish","hentry"],"acf":[],"_links":{"self":[{"href":"https:\/\/www.yonelle.pl\/en\/wp-json\/wp\/v2\/pages\/191315","targetHints":{"allow":["GET"]}}],"collection":[{"href":"https:\/\/www.yonelle.pl\/en\/wp-json\/wp\/v2\/pages"}],"about":[{"href":"https:\/\/www.yonelle.pl\/en\/wp-json\/wp\/v2\/types\/page"}],"author":[{"embeddable":true,"href":"https:\/\/www.yonelle.pl\/en\/wp-json\/wp\/v2\/users\/12730"}],"replies":[{"embeddable":true,"href":"https:\/\/www.yonelle.pl\/en\/wp-json\/wp\/v2\/comments?post=191315"}],"version-history":[{"count":1,"href":"https:\/\/www.yonelle.pl\/en\/wp-json\/wp\/v2\/pages\/191315\/revisions"}],"predecessor-version":[{"id":191316,"href":"https:\/\/www.yonelle.pl\/en\/wp-json\/wp\/v2\/pages\/191315\/revisions\/191316"}],"wp:attachment":[{"href":"https:\/\/www.yonelle.pl\/en\/wp-json\/wp\/v2\/media?parent=191315"}],"curies":[{"name":"wp","href":"https:\/\/api.w.org\/{rel}","templated":true}]}}