{"id":190469,"date":"2014-05-05T13:50:41","date_gmt":"2014-05-05T11:50:41","guid":{"rendered":"http:\/\/www.yonelle.pl\/cosmetics\/infusion\/"},"modified":"2023-05-31T08:50:57","modified_gmt":"2023-05-31T06:50:57","slug":"infusion","status":"publish","type":"page","link":"https:\/\/www.yonelle.pl\/en\/cosmetics\/infusion\/","title":{"rendered":"INFUS\u00cdON"},"content":{"rendered":"<div class=\"wpb-content-wrapper\"><p>[vc_row][vc_column][rev_slider_vc alias=&#8221;infusion-seria-version-two-en&#8221; enable_paspartu=&#8221;no&#8221;][\/vc_column][\/vc_row][vc_row][vc_column][rev_slider_vc alias=&#8221;infusionmiddle-en&#8221; enable_paspartu=&#8221;no&#8221;][\/vc_column][\/vc_row][vc_row][vc_column][rev_slider_vc alias=&#8221;infusion-en&#8221; enable_paspartu=&#8221;no&#8221;][\/vc_column][\/vc_row][vc_row][vc_column][vc_empty_space][\/vc_column][\/vc_row][vc_row][vc_column]<div class=\"mkdf-pl-holder mkdf-standard-layout mkdf-normal-space mkdf-four-columns mkdf-info-below-image \"  data-type=\"standard\" data-info-position=\"info-below-image\" data-number-of-posts=\"8\" data-number-of-columns=\"4\" data-show-ordering-filter=\"no\" data-orderby=\"date\" data-order=\"ASC\" data-show-category-filter=\"no\" data-show-all-item-in-filter=\"yes\" data-taxonomy-to-display=\"category\" data-taxonomy-values=\"infusion\" data-display-title=\"yes\" data-title-tag=\"h6\" data-display-category=\"no\" data-display-rating=\"no\" data-display-price=\"no\" data-display-button=\"no\" data-button-skin=\"default\" data-class-name=\"pli\" data-layout-classes=\"mkdf-pli-hover-overlay\">\n\t\t\t<div class=\"mkdf-prl-loading\">\n\t\t\t<span class=\"mkdf-prl-loading-msg\">Loading...<\/span>\n\t\t<\/div>\n\t\t<div class=\"woocommerce\">\n\t\t\t<ul class=\"products\">\n\t\t\t\t<li class=\"product type-product post-190341 status-publish first outofstock product_cat-infusion-en product_tag-dry-skin product_tag-infusion-en product_tag-kazdy-rodzaj-skory-en product_tag-krem-na-noc-en product_tag-krem-serum-na-noc-en product_tag-face-cream product_tag-redukcja-podraznien-en product_tag-mature-very-dry-skin product_tag-redukcja-zmarszczek-en product_tag-skora-normalna-en has-post-thumbnail shipping-taxable purchasable product-type-simple\">\n\t<a href=\"https:\/\/www.yonelle.pl\/en\/product\/infusion-rich-night-cream\/\" class=\"woocommerce-LoopProduct-link woocommerce-loop-product__link\"><div class=\"product-ribbons-holder\"><\/div><div style='display: flex; justify-content:center; align-items:flex-start;' class='product-image-holder'><img class='product-image ' src='https:\/\/www.yonelle.pl\/wp-content\/uploads\/2013\/11\/INFUSION-ODZYWCZY-KREM-NA-NOC-1-500x500.jpg' alt='INFUS\u00cdON Rich Night Cream'><div style='width:100%; position: absolute;    z-index: 99;    top: 50px;    left: 0px; display: flex; justify-content:center; align-items:flex-start;' class='product-image-holder--hover'><img style='opacity:0;' class='product-hover-image' src='https:\/\/www.yonelle.pl\/wp-content\/uploads\/2013\/11\/INFUSION-ODZYWCZY-KREM-NA-NOC-2-500x500.jpg' alt='INFUS\u00cdON Rich Night Cream'><\/div><\/div><div class='product-info-holder'><\/a>\n\t<span class=\"price\"><span class=\"woocommerce-Price-amount amount\"><bdi>307,00&nbsp;<span class=\"woocommerce-Price-currencySymbol\">&#122;&#322;<\/span><\/bdi><\/span><\/span>\n<h2 class=\"product-list-title\"><a href=\"https:\/\/www.yonelle.pl\/en\/product\/infusion-rich-night-cream\/\">INFUS\u00cdON Rich Night Cream<\/a><\/h2><\/div><span class=\"gtm4wp_productdata\" style=\"display:none; visibility:hidden;\" data-gtm4wp_product_data=\"{&quot;internal_id&quot;:190341,&quot;item_id&quot;:190341,&quot;item_name&quot;:&quot;INFUS\\u00cdON Rich Night Cream&quot;,&quot;sku&quot;:190341,&quot;price&quot;:307,&quot;stocklevel&quot;:0,&quot;stockstatus&quot;:&quot;outofstock&quot;,&quot;google_business_vertical&quot;:&quot;retail&quot;,&quot;item_category&quot;:&quot;INFUS\\u00cdON&quot;,&quot;id&quot;:190341,&quot;productlink&quot;:&quot;https:\\\/\\\/www.yonelle.pl\\\/en\\\/product\\\/infusion-rich-night-cream\\\/&quot;,&quot;item_list_name&quot;:&quot;General Product List&quot;,&quot;index&quot;:1,&quot;product_type&quot;:&quot;simple&quot;,&quot;item_brand&quot;:&quot;&quot;}\"><\/span><\/li><li class=\"product type-product post-190335 status-publish instock product_cat-infusion-en product_tag-infusion-en product_tag-krem-dzienno-nocny-en product_tag-day-night-cream-serum product_tag-face-cream product_tag-poprawa-owalu-lifting product_tag-redukcja-zmarszczek-en product_tag-skora-mieszana-en product_tag-skora-normalna-en product_tag-skora-tlusta-en product_tag-ujedrnienie-en has-post-thumbnail shipping-taxable purchasable product-type-simple\">\n\t<a href=\"https:\/\/www.yonelle.pl\/en\/product\/lift-cream-no-1\/\" class=\"woocommerce-LoopProduct-link woocommerce-loop-product__link\"><div class=\"product-ribbons-holder\"><span class=\"insideInfo insideInfo--bestseller\">Bestseller<\/span><\/div><div style='display: flex; justify-content:center; align-items:flex-start;' class='product-image-holder'><img class='product-image ' src='https:\/\/www.yonelle.pl\/wp-content\/uploads\/2013\/11\/INFUSION-LIFTINGUJACY-KREM-INFUZYJNY-N\u00b01-2-1-500x500.jpg' alt='INFUS\u00cdON Lift Cream N\u00ba 1'><div style='width:100%; position: absolute;    z-index: 99;    top: 50px;    left: 0px; display: flex; justify-content:center; align-items:flex-start;' class='product-image-holder--hover'><img style='opacity:0;' class='product-hover-image' src='https:\/\/www.yonelle.pl\/wp-content\/uploads\/2013\/11\/INFUSION-LIFTINGUJACY-KREM-INFUZYJNY-N\u00b01-1-500x500.jpg' alt='INFUS\u00cdON Lift Cream N\u00ba 1'><\/div><\/div><div class='product-info-holder'><\/a>\n\t<span class=\"price\"><span class=\"woocommerce-Price-amount amount\"><bdi>345,00&nbsp;<span class=\"woocommerce-Price-currencySymbol\">&#122;&#322;<\/span><\/bdi><\/span><\/span>\n<h2 class=\"product-list-title\"><a href=\"https:\/\/www.yonelle.pl\/en\/product\/lift-cream-no-1\/\">INFUS\u00cdON Lift Cream N\u00ba 1<\/a><\/h2><\/div><span class=\"gtm4wp_productdata\" style=\"display:none; visibility:hidden;\" data-gtm4wp_product_data=\"{&quot;internal_id&quot;:190335,&quot;item_id&quot;:190335,&quot;item_name&quot;:&quot;INFUS\\u00cdON Lift Cream N\\u00ba 1&quot;,&quot;sku&quot;:&quot;5902067253670&quot;,&quot;price&quot;:345,&quot;stocklevel&quot;:488,&quot;stockstatus&quot;:&quot;instock&quot;,&quot;google_business_vertical&quot;:&quot;retail&quot;,&quot;item_category&quot;:&quot;INFUS\\u00cdON&quot;,&quot;id&quot;:190335,&quot;productlink&quot;:&quot;https:\\\/\\\/www.yonelle.pl\\\/en\\\/product\\\/lift-cream-no-1\\\/&quot;,&quot;item_list_name&quot;:&quot;General Product List&quot;,&quot;index&quot;:2,&quot;product_type&quot;:&quot;simple&quot;,&quot;item_brand&quot;:&quot;&quot;}\"><\/span><\/li><li class=\"product type-product post-190166 status-publish outofstock product_cat-infusion-en product_tag-dry-skin product_tag-infusion-en product_tag-intensywne-nawilzenie-i-blask_serum-en product_tag-day-night-cream-serum product_tag-nawilzanie-en product_tag-redukcja-zmarszczek-en product_tag-redukcja-zmarszczek-i-poprawa-jedrnosci_serum-en product_tag-serum-do-twarzy-en product_tag-skora-mieszana-en product_tag-skora-normalna-en product_tag-skora-tlusta-en has-post-thumbnail shipping-taxable purchasable product-type-simple\">\n\t<a href=\"https:\/\/www.yonelle.pl\/en\/product\/yonelle-infusion-anti-wrinkle-intensive-serum\/\" class=\"woocommerce-LoopProduct-link woocommerce-loop-product__link\"><div class=\"product-ribbons-holder\"><\/div><div style='display: flex; justify-content:center; align-items:flex-start;' class='product-image-holder'><img class='product-image ' src='https:\/\/www.yonelle.pl\/wp-content\/uploads\/2017\/06\/INFUSION-INTENSYWNE-SERUM-PRZECIWZMARSZCZKOWE_1-500x500.jpg' alt='INFUS\u00cdON Anti-Wrinkle Intensive Serum'><div style='width:100%; position: absolute;    z-index: 99;    top: 50px;    left: 0px; display: flex; justify-content:center; align-items:flex-start;' class='product-image-holder--hover'><img style='opacity:0;' class='product-hover-image' src='https:\/\/www.yonelle.pl\/wp-content\/uploads\/2017\/06\/INFUSION-INTENSYWNE-SERUM-PRZECIWZMARSZCZKOWE_1x1-500x500.jpg' alt='INFUS\u00cdON Anti-Wrinkle Intensive Serum'><\/div><\/div><div class='product-info-holder'><\/a>\n\t<span class=\"price\"><span class=\"woocommerce-Price-amount amount\"><bdi>296,00&nbsp;<span class=\"woocommerce-Price-currencySymbol\">&#122;&#322;<\/span><\/bdi><\/span><\/span>\n<h2 class=\"product-list-title\"><a href=\"https:\/\/www.yonelle.pl\/en\/product\/yonelle-infusion-anti-wrinkle-intensive-serum\/\">INFUS\u00cdON Anti-Wrinkle Intensive Serum<\/a><\/h2><\/div><span class=\"gtm4wp_productdata\" style=\"display:none; visibility:hidden;\" data-gtm4wp_product_data=\"{&quot;internal_id&quot;:190166,&quot;item_id&quot;:190166,&quot;item_name&quot;:&quot;INFUS\\u00cdON Anti-Wrinkle Intensive Serum&quot;,&quot;sku&quot;:190166,&quot;price&quot;:296,&quot;stocklevel&quot;:18,&quot;stockstatus&quot;:&quot;outofstock&quot;,&quot;google_business_vertical&quot;:&quot;retail&quot;,&quot;item_category&quot;:&quot;INFUS\\u00cdON&quot;,&quot;id&quot;:190166,&quot;productlink&quot;:&quot;https:\\\/\\\/www.yonelle.pl\\\/en\\\/product\\\/yonelle-infusion-anti-wrinkle-intensive-serum\\\/&quot;,&quot;item_list_name&quot;:&quot;General Product List&quot;,&quot;index&quot;:3,&quot;product_type&quot;:&quot;simple&quot;,&quot;item_brand&quot;:&quot;&quot;}\"><\/span><\/li><li class=\"product type-product post-190155 status-publish last outofstock product_cat-infusion-en product_tag-dry-skin product_tag-infusion-en product_tag-intensywne-nawilzenie-i-blask_serum-en product_tag-krem-serum-na-noc-en product_tag-mezorollery product_tag-minizabiegi-en product_tag-nawilzanie-en product_tag-redukcja-zmarszczek-en product_tag-redukcja-zmarszczek-i-poprawa-jedrnosci_serum-en product_tag-serum-en product_tag-serum-do-twarzy-en product_tag-skora-mieszana-en product_tag-skora-normalna-en product_tag-skora-tlusta-en product_tag-ujedrnienie-en has-post-thumbnail shipping-taxable purchasable product-type-simple\">\n\t<a href=\"https:\/\/www.yonelle.pl\/en\/product\/yonelle-infusion-zmicro-needling-treatment-mezoroller-serum\/\" class=\"woocommerce-LoopProduct-link woocommerce-loop-product__link\"><div class=\"product-ribbons-holder\"><\/div><div style='display: flex; justify-content:center; align-items:flex-start;' class='product-image-holder'><img class='product-image ' src='https:\/\/www.yonelle.pl\/wp-content\/uploads\/2017\/09\/INFUSION-ZABIEG-MIKRONAKLUWANIA-INFUZYJNEGO-MEZOROLLER-SERUM_1-500x500.jpg' alt='INFUS\u00cdON Micro-Needling Treatment Mezoroller + Serum'><div style='width:100%; position: absolute;    z-index: 99;    top: 50px;    left: 0px; display: flex; justify-content:center; align-items:flex-start;' class='product-image-holder--hover'><img style='opacity:0;' class='product-hover-image' src='https:\/\/www.yonelle.pl\/wp-content\/uploads\/2017\/06\/INFUSION-INTENSYWNE-SERUM-PRZECIWZMARSZCZKOWE_2-500x500.jpg' alt='INFUS\u00cdON Micro-Needling Treatment Mezoroller + Serum'><\/div><\/div><div class='product-info-holder'><\/a>\n\t<span class=\"price\"><span class=\"woocommerce-Price-amount amount\"><bdi>351,00&nbsp;<span class=\"woocommerce-Price-currencySymbol\">&#122;&#322;<\/span><\/bdi><\/span><\/span>\n<h2 class=\"product-list-title\"><a href=\"https:\/\/www.yonelle.pl\/en\/product\/yonelle-infusion-zmicro-needling-treatment-mezoroller-serum\/\">INFUS\u00cdON Micro-Needling Treatment Mezoroller + Serum<\/a><\/h2><\/div><span class=\"gtm4wp_productdata\" style=\"display:none; visibility:hidden;\" data-gtm4wp_product_data=\"{&quot;internal_id&quot;:190155,&quot;item_id&quot;:190155,&quot;item_name&quot;:&quot;INFUS\\u00cdON Micro-Needling Treatment Mezoroller + Serum&quot;,&quot;sku&quot;:&quot;5902067250884&quot;,&quot;price&quot;:351,&quot;stocklevel&quot;:0,&quot;stockstatus&quot;:&quot;outofstock&quot;,&quot;google_business_vertical&quot;:&quot;retail&quot;,&quot;item_category&quot;:&quot;INFUS\\u00cdON&quot;,&quot;id&quot;:190155,&quot;productlink&quot;:&quot;https:\\\/\\\/www.yonelle.pl\\\/en\\\/product\\\/yonelle-infusion-zmicro-needling-treatment-mezoroller-serum\\\/&quot;,&quot;item_list_name&quot;:&quot;General Product List&quot;,&quot;index&quot;:4,&quot;product_type&quot;:&quot;simple&quot;,&quot;item_brand&quot;:&quot;&quot;}\"><\/span><\/li><li class=\"product type-product post-190151 status-publish first instock product_cat-infusion-en product_tag-brak-jedrnosci-i-elastycznosci-pod-oczami-en product_tag-crows-feet product_tag-dry-skin product_tag-eye-bags product_tag-infusion-en product_tag-krem-serum-pod-oczy-en product_tag-krem-pod-oczy-en product_tag-krem-serum-na-noc-en product_tag-linie-i-zmarszczki-pod-oczami-en product_tag-redukcja-podraznien-en product_tag-mature-very-dry-skin product_tag-redukcja-zmarszczek-en product_tag-skora-mieszana-en product_tag-skora-normalna-en product_tag-suchosc-pod-oczami-en product_tag-zmarszczki-mimiczne-en has-post-thumbnail shipping-taxable purchasable product-type-simple\">\n\t<a href=\"https:\/\/www.yonelle.pl\/en\/product\/yonelle-infusion-anti-wrinkle-rich-eye-cream-with-retinol\/\" class=\"woocommerce-LoopProduct-link woocommerce-loop-product__link\"><div class=\"product-ribbons-holder\"><\/div><div style='display: flex; justify-content:center; align-items:flex-start;' class='product-image-holder'><img class='product-image ' src='https:\/\/www.yonelle.pl\/wp-content\/uploads\/2017\/09\/INFUSION-PRZECIWZMARSZCZKOWY-KREM-ODZYWCZY-POD-OCZY_1_nocsmall-500x500.jpg' alt='INFUS\u00cdON Anti-Wrinkle Rich Eye Cream'><div style='width:100%; position: absolute;    z-index: 99;    top: 50px;    left: 0px; display: flex; justify-content:center; align-items:flex-start;' class='product-image-holder--hover'><img style='opacity:0;' class='product-hover-image' src='https:\/\/www.yonelle.pl\/wp-content\/uploads\/2017\/09\/INFUSION-PRZECIWZMARSZCZKOWY-KREM-ODZYWCZY-POD-OCZY_2-500x500.jpg' alt='INFUS\u00cdON Anti-Wrinkle Rich Eye Cream'><\/div><\/div><div class='product-info-holder'><\/a>\n\t<span class=\"price\"><span class=\"woocommerce-Price-amount amount\"><bdi>263,00&nbsp;<span class=\"woocommerce-Price-currencySymbol\">&#122;&#322;<\/span><\/bdi><\/span><\/span>\n<h2 class=\"product-list-title\"><a href=\"https:\/\/www.yonelle.pl\/en\/product\/yonelle-infusion-anti-wrinkle-rich-eye-cream-with-retinol\/\">INFUS\u00cdON Anti-Wrinkle Rich Eye Cream<\/a><\/h2><\/div><span class=\"gtm4wp_productdata\" style=\"display:none; visibility:hidden;\" data-gtm4wp_product_data=\"{&quot;internal_id&quot;:190151,&quot;item_id&quot;:190151,&quot;item_name&quot;:&quot;INFUS\\u00cdON Anti-Wrinkle Rich Eye Cream&quot;,&quot;sku&quot;:&quot;5902067250853&quot;,&quot;price&quot;:263,&quot;stocklevel&quot;:null,&quot;stockstatus&quot;:&quot;instock&quot;,&quot;google_business_vertical&quot;:&quot;retail&quot;,&quot;item_category&quot;:&quot;INFUS\\u00cdON&quot;,&quot;id&quot;:190151,&quot;productlink&quot;:&quot;https:\\\/\\\/www.yonelle.pl\\\/en\\\/product\\\/yonelle-infusion-anti-wrinkle-rich-eye-cream-with-retinol\\\/&quot;,&quot;item_list_name&quot;:&quot;General Product List&quot;,&quot;index&quot;:5,&quot;product_type&quot;:&quot;simple&quot;,&quot;item_brand&quot;:&quot;&quot;}\"><\/span><\/li>\t\t\t<\/ul>\n\t\t<\/div>\n\t<\/div>[\/vc_column][\/vc_row][vc_row disable_element=&#8221;yes&#8221;][vc_column][rev_slider_vc alias=&#8221;uspslider-en&#8221; enable_paspartu=&#8221;no&#8221;][\/vc_column][\/vc_row][vc_row][vc_column][vc_empty_space][\/vc_column][\/vc_row][vc_row full_width=&#8221;stretch_row&#8221; disable_element=&#8221;yes&#8221; disable_background_image=&#8221;&#8221; simple_background_image=&#8221;73371&#8243; css=&#8221;.vc_custom_1588681576832{padding-top: 60px !important;padding-bottom: 60px !important;}&#8221;][vc_column]<div class=\"mkdf-section-title-holder   mkdf-st-subtitle-pos-under\" style=\"text-align: center\">\n\t<div class=\"mkdf-st-inner\">\n\t\t\t\t\t\t\t<h2 class=\"mkdf-st-title\" >\n\t\t\t\tDo\u0142\u0105cz do \u015bwiata Yonelle!\t\t\t<\/h2>\n\t\t                    <h5 class=\"mkdf-st-subtitle\" >\n                Zapisz si\u0119 do newslettera i odbierz powitalny prezent            <\/h5>\n        \t\t\t<\/div>\n<\/div>[vc_empty_space height=&#8221;36px&#8221;][vc_column_text]<div id=\"newsletter-box\"><div id=\"newsletter-form\">\n<div class=\"wpcf7 no-js\" id=\"wpcf7-f393075-o1\" lang=\"pl-PL\" dir=\"ltr\" data-wpcf7-id=\"393075\">\n<div class=\"screen-reader-response\"><p role=\"status\" aria-live=\"polite\" aria-atomic=\"true\"><\/p> <ul><\/ul><\/div>\n<form action=\"\/en\/wp-json\/wp\/v2\/pages\/190469#wpcf7-f393075-o1\" method=\"post\" class=\"wpcf7-form init\" aria-label=\"Formularz kontaktowy\" novalidate=\"novalidate\" data-status=\"init\">\n<fieldset class=\"hidden-fields-container\"><input type=\"hidden\" name=\"_wpcf7\" value=\"393075\" \/><input type=\"hidden\" name=\"_wpcf7_version\" value=\"6.1.2\" \/><input type=\"hidden\" name=\"_wpcf7_locale\" value=\"pl_PL\" \/><input type=\"hidden\" name=\"_wpcf7_unit_tag\" value=\"wpcf7-f393075-o1\" \/><input type=\"hidden\" name=\"_wpcf7_container_post\" value=\"0\" \/><input type=\"hidden\" name=\"_wpcf7_posted_data_hash\" value=\"\" \/><input type=\"hidden\" name=\"_wpcf7_recaptcha_response\" value=\"\" \/>\n<\/fieldset>\n<div class=\"newsletter-box-fields\" style=\"max-width: 87.5%;\">\n\t<div class=\"newsletter-box-field\">\n\t   <input size=\"40\" maxlength=\"400\" class=\"wpcf7-form-control wpcf7-text wpcf7-validates-as-required newsletter-input\" aria-required=\"true\" aria-invalid=\"false\" placeholder=\"Imi\u0119\" value=\"\" type=\"text\" name=\"you_name\" \/>\n\t<\/div>\n\t<div class=\"newsletter-box-field\">\n\t   <input size=\"40\" maxlength=\"400\" class=\"wpcf7-form-control wpcf7-text wpcf7-validates-as-required newsletter-input\" id=\"sub_top_email\" aria-required=\"true\" aria-invalid=\"false\" placeholder=\"Adres e-mail\" value=\"\" type=\"text\" name=\"email\" \/>\n\t<\/div>\n        <p class=\"custom-consent-content\" style=\"font-size: 12px; margin-top: 10px;\">Administratorem danych jest JM INNOVATIVE COSMETICS sp. z o.o., ul. Gen. J\u00f3zefa Zaj\u0105czka 9A\/24, 01-518 Warszawa, kontakt: sklep@yonelle.pl. Dane b\u0119dziemy przetwarza\u0107 w celach marketingowych, w tym do przesy\u0142ania komunikat\u00f3w marketingowych na podany adres e-mail. Mo\u017cesz zawsze cofn\u0105\u0107 zgody m.in. pisz\u0105c na ww. adres e-mail. Masz tak\u017ce prawo: dost\u0119pu do swoich danych, ich sprostowania, usuni\u0119cia, ograniczenia przetwarzania oraz przenoszenia, sprzeciwu wobec przetwarzania danych, a tak\u017ce z\u0142o\u017cenia skargi dotycz\u0105cej przetwarzania danych. <a target=\"_blank\" rel=\"noopener noreferrer\" href=\"https:\/\/www.yonelle.pl\/polityka-prywatnosci\/\">Tutaj<\/a> dowiesz si\u0119 wi\u0119cej o tym, jak chronimy Twoje dane.<\/p>\n<\/div>\n<div style=\"max-width: 87.5%;\">\n<input type=\"hidden\" name=\"webform_id\" value=\"13098302\" \/>\n<input type='hidden' name='accepted_getresponse' value='on' \/>\n<\/div>\n<div class=\"newsletter-box-field\">\n\t<input class=\"wpcf7-form-control wpcf7-submit has-spinner wf-button mkdf-btn mkdf-btn-small mkdf-btn-underline mkdf-ss-link\" id=\"sub_top_email_subm\" type=\"submit\" value=\"TAK, CHC\u0118 DO\u0141\u0104CZY\u0106\" \/>\n<\/div>\n\n<style>\n.custom-consent-content a{\ntext-decoration: underline;\n}\n<\/style><div class=\"wpcf7-response-output\" aria-hidden=\"true\"><\/div>\n<\/form>\n<\/div>\n<\/div><\/div>[\/vc_column_text][vc_empty_space height=&#8221;36px&#8221;][\/vc_column][\/vc_row]<\/p>\n<\/div>","protected":false},"excerpt":{"rendered":"<p>[vc_row][vc_column][rev_slider_vc alias=&#8221;infusion-seria-version-two-en&#8221; enable_paspartu=&#8221;no&#8221;][\/vc_column][\/vc_row][vc_row][vc_column][rev_slider_vc alias=&#8221;infusionmiddle-en&#8221; enable_paspartu=&#8221;no&#8221;][\/vc_column][\/vc_row][vc_row][vc_column][rev_slider_vc alias=&#8221;infusion-en&#8221; enable_paspartu=&#8221;no&#8221;][\/vc_column][\/vc_row][vc_row][vc_column][vc_empty_space][\/vc_column][\/vc_row][vc_row][vc_column][\/vc_column][\/vc_row][vc_row disable_element=&#8221;yes&#8221;][vc_column][rev_slider_vc alias=&#8221;uspslider-en&#8221; enable_paspartu=&#8221;no&#8221;][\/vc_column][\/vc_row][vc_row][vc_column][vc_empty_space][\/vc_column][\/vc_row][vc_row full_width=&#8221;stretch_row&#8221; disable_element=&#8221;yes&#8221; disable_background_image=&#8221;&#8221; simple_background_image=&#8221;73371&#8243; css=&#8221;.vc_custom_1588681576832{padding-top: 60px !important;padding-bottom: 60px !important;}&#8221;][vc_column][vc_empty_space height=&#8221;36px&#8221;][vc_column_text][\/vc_column_text][vc_empty_space height=&#8221;36px&#8221;][\/vc_column][\/vc_row]<\/p>\n","protected":false},"author":12730,"featured_media":0,"parent":7756,"menu_order":0,"comment_status":"open","ping_status":"closed","template":"","meta":{"_acf_changed":false,"inline_featured_image":false,"footnotes":""},"class_list":["post-190469","page","type-page","status-publish","hentry"],"acf":[],"_links":{"self":[{"href":"https:\/\/www.yonelle.pl\/en\/wp-json\/wp\/v2\/pages\/190469","targetHints":{"allow":["GET"]}}],"collection":[{"href":"https:\/\/www.yonelle.pl\/en\/wp-json\/wp\/v2\/pages"}],"about":[{"href":"https:\/\/www.yonelle.pl\/en\/wp-json\/wp\/v2\/types\/page"}],"author":[{"embeddable":true,"href":"https:\/\/www.yonelle.pl\/en\/wp-json\/wp\/v2\/users\/12730"}],"replies":[{"embeddable":true,"href":"https:\/\/www.yonelle.pl\/en\/wp-json\/wp\/v2\/comments?post=190469"}],"version-history":[{"count":15,"href":"https:\/\/www.yonelle.pl\/en\/wp-json\/wp\/v2\/pages\/190469\/revisions"}],"predecessor-version":[{"id":375786,"href":"https:\/\/www.yonelle.pl\/en\/wp-json\/wp\/v2\/pages\/190469\/revisions\/375786"}],"up":[{"embeddable":true,"href":"https:\/\/www.yonelle.pl\/en\/wp-json\/wp\/v2\/pages\/7756"}],"wp:attachment":[{"href":"https:\/\/www.yonelle.pl\/en\/wp-json\/wp\/v2\/media?parent=190469"}],"curies":[{"name":"wp","href":"https:\/\/api.w.org\/{rel}","templated":true}]}}