{"id":189053,"date":"2020-02-05T11:11:34","date_gmt":"2020-02-05T10:11:34","guid":{"rendered":"http:\/\/www.yonelle.pl\/?page_id=189053"},"modified":"2020-02-05T11:11:36","modified_gmt":"2020-02-05T10:11:36","slug":"about","status":"publish","type":"page","link":"https:\/\/www.yonelle.pl\/en\/about\/","title":{"rendered":"About"},"content":{"rendered":"<p>To kompendium wiedzy na nasz temat. Wszystko, co chcieliby\u015bmy, aby\u015bcie wiedzieli o YONELLE. Do\u015bwiadczenie, wyr\u00f3\u017cniaj\u0105ce atuty i priorytety. Ludzie, kt\u00f3rzy tworz\u0105 wyj\u0105tkow\u0105 atmosfer\u0119 naszego Instytutu i partnerzy wspieraj\u0105cy nas w dzia\u0142aniach na rzecz pi\u0119kna. To r\u00f3wnie\u017c stowarzyszenia, udzia\u0142 w kt\u00f3rych uwa\u017camy za istotny i presti\u017cowy oraz dokumentacja fotograficzna wszystkich wa\u017cnych dla nas wydarze\u0144. Na fina\u0142 przedstawienie szczeg\u00f3lnych os\u00f3b: Ambasador\u00f3w YONELLE.<\/p>\n","protected":false},"excerpt":{"rendered":"<p>To kompendium wiedzy na nasz temat. Wszystko, co chcieliby\u015bmy, aby\u015bcie wiedzieli o YONELLE. Do\u015bwiadczenie, wyr\u00f3\u017cniaj\u0105ce atuty i priorytety. Ludzie, kt\u00f3rzy tworz\u0105 wyj\u0105tkow\u0105 atmosfer\u0119 naszego Instytutu i partnerzy wspieraj\u0105cy nas w dzia\u0142aniach na rzecz pi\u0119kna. To r\u00f3wnie\u017c stowarzyszenia, udzia\u0142 w kt\u00f3rych [&hellip;]<\/p>\n","protected":false},"author":12719,"featured_media":75675,"parent":0,"menu_order":15,"comment_status":"open","ping_status":"open","template":"page-oferta.php","meta":{"_acf_changed":false,"inline_featured_image":false,"footnotes":""},"class_list":["post-189053","page","type-page","status-publish","has-post-thumbnail","hentry"],"acf":[],"_links":{"self":[{"href":"https:\/\/www.yonelle.pl\/en\/wp-json\/wp\/v2\/pages\/189053","targetHints":{"allow":["GET"]}}],"collection":[{"href":"https:\/\/www.yonelle.pl\/en\/wp-json\/wp\/v2\/pages"}],"about":[{"href":"https:\/\/www.yonelle.pl\/en\/wp-json\/wp\/v2\/types\/page"}],"author":[{"embeddable":true,"href":"https:\/\/www.yonelle.pl\/en\/wp-json\/wp\/v2\/users\/12719"}],"replies":[{"embeddable":true,"href":"https:\/\/www.yonelle.pl\/en\/wp-json\/wp\/v2\/comments?post=189053"}],"version-history":[{"count":1,"href":"https:\/\/www.yonelle.pl\/en\/wp-json\/wp\/v2\/pages\/189053\/revisions"}],"predecessor-version":[{"id":189145,"href":"https:\/\/www.yonelle.pl\/en\/wp-json\/wp\/v2\/pages\/189053\/revisions\/189145"}],"wp:featuredmedia":[{"embeddable":true,"href":"https:\/\/www.yonelle.pl\/en\/wp-json\/wp\/v2\/media\/75675"}],"wp:attachment":[{"href":"https:\/\/www.yonelle.pl\/en\/wp-json\/wp\/v2\/media?parent=189053"}],"curies":[{"name":"wp","href":"https:\/\/api.w.org\/{rel}","templated":true}]}}