{"id":188986,"date":"2020-02-05T11:00:21","date_gmt":"2020-02-05T10:00:21","guid":{"rendered":"http:\/\/www.yonelle.pl\/?page_id=188986"},"modified":"2020-07-01T15:47:10","modified_gmt":"2020-07-01T13:47:10","slug":"cavipeeler","status":"publish","type":"page","link":"https:\/\/www.yonelle.pl\/en\/cosmetics\/cavipeeler\/","title":{"rendered":"CAVIPEELER"},"content":{"rendered":"<div class=\"wpb-content-wrapper\"><p>[vc_row][vc_column][rev_slider_vc alias=&#8221;cavipeelerup-en&#8221; enable_paspartu=&#8221;no&#8221;][\/vc_column][\/vc_row][vc_row][vc_column][rev_slider_vc alias=&#8221;cavipeelerdown-en&#8221; enable_paspartu=&#8221;no&#8221;][\/vc_column][\/vc_row][vc_row][vc_column][rev_slider_vc alias=&#8221;cavipellerdown2-en&#8221; enable_paspartu=&#8221;no&#8221;][\/vc_column][\/vc_row][vc_row][vc_column][vc_empty_space][\/vc_column][\/vc_row][vc_row][vc_column]<div class=\"mkdf-pl-holder mkdf-standard-layout mkdf-normal-space mkdf-four-columns mkdf-info-below-image \"  data-type=\"standard\" data-info-position=\"info-below-image\" data-number-of-posts=\"8\" data-number-of-columns=\"4\" data-show-ordering-filter=\"no\" data-orderby=\"date\" data-order=\"ASC\" data-show-category-filter=\"no\" data-show-all-item-in-filter=\"yes\" data-taxonomy-to-display=\"category\" data-taxonomy-values=\"cavipeeler-en\" data-display-title=\"yes\" data-title-tag=\"h6\" data-display-category=\"no\" data-display-rating=\"no\" data-display-price=\"no\" data-display-button=\"no\" data-button-skin=\"default\" data-class-name=\"pli\" data-layout-classes=\"mkdf-pli-hover-overlay\">\n\t\t\t<div class=\"mkdf-prl-loading\">\n\t\t\t<span class=\"mkdf-prl-loading-msg\">Loading...<\/span>\n\t\t<\/div>\n\t\t<div class=\"woocommerce\">\n\t\t\t<ul class=\"products\">\n\t\t\t\t<li class=\"product type-product post-190244 status-publish first outofstock product_cat-cavipeeler-en product_tag-minizabiegi-en has-post-thumbnail shipping-taxable purchasable product-type-simple\">\n\t<a href=\"https:\/\/www.yonelle.pl\/en\/product\/yonelle-cavipeeler\/\" class=\"woocommerce-LoopProduct-link woocommerce-loop-product__link\"><div class=\"product-ribbons-holder\"><span class=\"insideInfo insideInfo--bestseller\">Bestseller<\/span><\/div><div style='display: flex; justify-content:center; align-items:flex-start;' class='product-image-holder'><img class='product-image ' src='https:\/\/www.yonelle.pl\/wp-content\/uploads\/2016\/06\/CAVIPEELER_1-500x500.jpg' alt='Cavipeeler&#x2122;'><div style='width:100%; position: absolute;    z-index: 99;    top: 50px;    left: 0px; display: flex; justify-content:center; align-items:flex-start;' class='product-image-holder--hover'><img style='opacity:0;' class='product-hover-image' src='https:\/\/www.yonelle.pl\/wp-content\/uploads\/2015\/12\/CAVIPEELER_1x1-500x500.jpg' alt='Cavipeeler&#x2122;'><\/div><\/div><div class='product-info-holder'><\/a>\n\t<span class=\"price\"><span class=\"woocommerce-Price-amount amount\"><bdi>825,00&nbsp;<span class=\"woocommerce-Price-currencySymbol\">&#122;&#322;<\/span><\/bdi><\/span><\/span>\n<h2 class=\"product-list-title\"><a href=\"https:\/\/www.yonelle.pl\/en\/product\/yonelle-cavipeeler\/\">Cavipeeler&#x2122;<\/a><\/h2><\/div><span class=\"gtm4wp_productdata\" style=\"display:none; visibility:hidden;\" data-gtm4wp_product_data=\"{&quot;internal_id&quot;:190244,&quot;item_id&quot;:190244,&quot;item_name&quot;:&quot;Cavipeeler&#x2122;&quot;,&quot;sku&quot;:&quot;5902067250372&quot;,&quot;price&quot;:825,&quot;stocklevel&quot;:0,&quot;stockstatus&quot;:&quot;outofstock&quot;,&quot;google_business_vertical&quot;:&quot;retail&quot;,&quot;item_category&quot;:&quot;CAVIPEELER EN&quot;,&quot;id&quot;:190244,&quot;productlink&quot;:&quot;https:\\\/\\\/www.yonelle.pl\\\/en\\\/product\\\/yonelle-cavipeeler\\\/&quot;,&quot;item_list_name&quot;:&quot;General Product List&quot;,&quot;index&quot;:1,&quot;product_type&quot;:&quot;simple&quot;,&quot;item_brand&quot;:&quot;&quot;}\"><\/span><\/li>\t\t\t<\/ul>\n\t\t<\/div>\n\t<\/div>[\/vc_column][\/vc_row][vc_row][vc_column][vc_empty_space][\/vc_column][\/vc_row][vc_row disable_element=&#8221;yes&#8221;][vc_column][rev_slider_vc alias=&#8221;uspslider-en&#8221; enable_paspartu=&#8221;no&#8221;][\/vc_column][\/vc_row][vc_row][vc_column][vc_empty_space][\/vc_column][\/vc_row][vc_row full_width=&#8221;stretch_row&#8221; content_placement=&#8221;middle&#8221; disable_element=&#8221;yes&#8221; disable_background_image=&#8221;&#8221; css=&#8221;.vc_custom_1588856956913{padding-top: 60px !important;padding-bottom: 60px !important;}&#8221; simple_background_image=&#8221;73371&#8243;][vc_column]<div class=\"mkdf-section-title-holder   mkdf-st-subtitle-pos-under\" style=\"text-align: center\">\n\t<div class=\"mkdf-st-inner\">\n\t\t\t\t\t\t\t<h2 class=\"mkdf-st-title\" >\n\t\t\t\tDo\u0142\u0105cz do \u015bwiata Yonelle!\t\t\t<\/h2>\n\t\t                    <h5 class=\"mkdf-st-subtitle\" >\n                Zapisz si\u0119 do newslettera i odbierz powitalny prezent            <\/h5>\n        \t\t\t<\/div>\n<\/div>[vc_empty_space height=&#8221;36px&#8221;][vc_column_text]<div id=\"newsletter-box\"><div id=\"newsletter-form\">\n<div class=\"wpcf7 no-js\" id=\"wpcf7-f393075-o1\" lang=\"pl-PL\" dir=\"ltr\" data-wpcf7-id=\"393075\">\n<div class=\"screen-reader-response\"><p role=\"status\" aria-live=\"polite\" aria-atomic=\"true\"><\/p> <ul><\/ul><\/div>\n<form action=\"\/en\/wp-json\/wp\/v2\/pages\/188986#wpcf7-f393075-o1\" method=\"post\" class=\"wpcf7-form init\" aria-label=\"Formularz kontaktowy\" novalidate=\"novalidate\" data-status=\"init\">\n<fieldset class=\"hidden-fields-container\"><input type=\"hidden\" name=\"_wpcf7\" value=\"393075\" \/><input type=\"hidden\" name=\"_wpcf7_version\" value=\"6.1.2\" \/><input type=\"hidden\" name=\"_wpcf7_locale\" value=\"pl_PL\" \/><input type=\"hidden\" name=\"_wpcf7_unit_tag\" value=\"wpcf7-f393075-o1\" \/><input type=\"hidden\" name=\"_wpcf7_container_post\" value=\"0\" \/><input type=\"hidden\" name=\"_wpcf7_posted_data_hash\" value=\"\" \/><input type=\"hidden\" name=\"_wpcf7_recaptcha_response\" value=\"\" \/>\n<\/fieldset>\n<div class=\"newsletter-box-fields\" style=\"max-width: 87.5%;\">\n\t<div class=\"newsletter-box-field\">\n\t   <input size=\"40\" maxlength=\"400\" class=\"wpcf7-form-control wpcf7-text wpcf7-validates-as-required newsletter-input\" aria-required=\"true\" aria-invalid=\"false\" placeholder=\"Imi\u0119\" value=\"\" type=\"text\" name=\"you_name\" \/>\n\t<\/div>\n\t<div class=\"newsletter-box-field\">\n\t   <input size=\"40\" maxlength=\"400\" class=\"wpcf7-form-control wpcf7-text wpcf7-validates-as-required newsletter-input\" id=\"sub_top_email\" aria-required=\"true\" aria-invalid=\"false\" placeholder=\"Adres e-mail\" value=\"\" type=\"text\" name=\"email\" \/>\n\t<\/div>\n        <p class=\"custom-consent-content\" style=\"font-size: 12px; margin-top: 10px;\">Administratorem danych jest JM INNOVATIVE COSMETICS sp. z o.o., ul. Gen. J\u00f3zefa Zaj\u0105czka 9A\/24, 01-518 Warszawa, kontakt: sklep@yonelle.pl. Dane b\u0119dziemy przetwarza\u0107 w celach marketingowych, w tym do przesy\u0142ania komunikat\u00f3w marketingowych na podany adres e-mail. Mo\u017cesz zawsze cofn\u0105\u0107 zgody m.in. pisz\u0105c na ww. adres e-mail. Masz tak\u017ce prawo: dost\u0119pu do swoich danych, ich sprostowania, usuni\u0119cia, ograniczenia przetwarzania oraz przenoszenia, sprzeciwu wobec przetwarzania danych, a tak\u017ce z\u0142o\u017cenia skargi dotycz\u0105cej przetwarzania danych. <a target=\"_blank\" rel=\"noopener noreferrer\" href=\"https:\/\/www.yonelle.pl\/polityka-prywatnosci\/\">Tutaj<\/a> dowiesz si\u0119 wi\u0119cej o tym, jak chronimy Twoje dane.<\/p>\n<\/div>\n<div style=\"max-width: 87.5%;\">\n<input type=\"hidden\" name=\"webform_id\" value=\"13098302\" \/>\n<input type='hidden' name='accepted_getresponse' value='on' \/>\n<\/div>\n<div class=\"newsletter-box-field\">\n\t<input class=\"wpcf7-form-control wpcf7-submit has-spinner wf-button mkdf-btn mkdf-btn-small mkdf-btn-underline mkdf-ss-link\" id=\"sub_top_email_subm\" type=\"submit\" value=\"TAK, CHC\u0118 DO\u0141\u0104CZY\u0106\" \/>\n<\/div>\n\n<style>\n.custom-consent-content a{\ntext-decoration: underline;\n}\n<\/style><div class=\"wpcf7-response-output\" aria-hidden=\"true\"><\/div>\n<\/form>\n<\/div>\n<\/div><\/div>[\/vc_column_text][vc_empty_space height=&#8221;36px&#8221;][\/vc_column][\/vc_row]<\/p>\n<\/div>","protected":false},"excerpt":{"rendered":"<p>[vc_row][vc_column][rev_slider_vc alias=&#8221;cavipeelerup-en&#8221; enable_paspartu=&#8221;no&#8221;][\/vc_column][\/vc_row][vc_row][vc_column][rev_slider_vc alias=&#8221;cavipeelerdown-en&#8221; enable_paspartu=&#8221;no&#8221;][\/vc_column][\/vc_row][vc_row][vc_column][rev_slider_vc alias=&#8221;cavipellerdown2-en&#8221; enable_paspartu=&#8221;no&#8221;][\/vc_column][\/vc_row][vc_row][vc_column][vc_empty_space][\/vc_column][\/vc_row][vc_row][vc_column][\/vc_column][\/vc_row][vc_row][vc_column][vc_empty_space][\/vc_column][\/vc_row][vc_row disable_element=&#8221;yes&#8221;][vc_column][rev_slider_vc alias=&#8221;uspslider-en&#8221; enable_paspartu=&#8221;no&#8221;][\/vc_column][\/vc_row][vc_row][vc_column][vc_empty_space][\/vc_column][\/vc_row][vc_row full_width=&#8221;stretch_row&#8221; content_placement=&#8221;middle&#8221; disable_element=&#8221;yes&#8221; disable_background_image=&#8221;&#8221; css=&#8221;.vc_custom_1588856956913{padding-top: 60px !important;padding-bottom: 60px !important;}&#8221; simple_background_image=&#8221;73371&#8243;][vc_column][vc_empty_space height=&#8221;36px&#8221;][vc_column_text][\/vc_column_text][vc_empty_space height=&#8221;36px&#8221;][\/vc_column][\/vc_row]<\/p>\n","protected":false},"author":12719,"featured_media":0,"parent":7756,"menu_order":0,"comment_status":"closed","ping_status":"closed","template":"","meta":{"_acf_changed":false,"inline_featured_image":false,"footnotes":""},"class_list":["post-188986","page","type-page","status-publish","hentry"],"acf":[],"_links":{"self":[{"href":"https:\/\/www.yonelle.pl\/en\/wp-json\/wp\/v2\/pages\/188986","targetHints":{"allow":["GET"]}}],"collection":[{"href":"https:\/\/www.yonelle.pl\/en\/wp-json\/wp\/v2\/pages"}],"about":[{"href":"https:\/\/www.yonelle.pl\/en\/wp-json\/wp\/v2\/types\/page"}],"author":[{"embeddable":true,"href":"https:\/\/www.yonelle.pl\/en\/wp-json\/wp\/v2\/users\/12719"}],"replies":[{"embeddable":true,"href":"https:\/\/www.yonelle.pl\/en\/wp-json\/wp\/v2\/comments?post=188986"}],"version-history":[{"count":8,"href":"https:\/\/www.yonelle.pl\/en\/wp-json\/wp\/v2\/pages\/188986\/revisions"}],"predecessor-version":[{"id":214804,"href":"https:\/\/www.yonelle.pl\/en\/wp-json\/wp\/v2\/pages\/188986\/revisions\/214804"}],"up":[{"embeddable":true,"href":"https:\/\/www.yonelle.pl\/en\/wp-json\/wp\/v2\/pages\/7756"}],"wp:attachment":[{"href":"https:\/\/www.yonelle.pl\/en\/wp-json\/wp\/v2\/media?parent=188986"}],"curies":[{"name":"wp","href":"https:\/\/api.w.org\/{rel}","templated":true}]}}