{"id":188898,"date":"2020-02-05T10:43:10","date_gmt":"2020-02-05T09:43:10","guid":{"rendered":"http:\/\/www.yonelle.pl\/?page_id=188898"},"modified":"2020-02-05T10:43:12","modified_gmt":"2020-02-05T09:43:12","slug":"regulamin-konkursu","status":"publish","type":"page","link":"https:\/\/www.yonelle.pl\/en\/regulamin-konkursu\/","title":{"rendered":"Regulamin Konkursu"},"content":{"rendered":"<h1><strong>\u201eDlaczego Liftinguj\u0105cy Krem Infuzyjny N<\/strong><strong>\u1d52<\/strong><strong>1 powinien trafi\u0107 w\u0142a\u015bnie do Ciebie?\u201d<\/strong><\/h1>\n<p><strong>Co zrobi\u0107, \u017ceby wygra\u0107?<\/strong> Aby wygra\u0107 wystarczy samodzielnie stworzy\u0107 odpowied\u017a na pytanie&nbsp;<strong>\u201eDlaczego Liftinguj\u0105cy Krem Infuzyjny N<\/strong><strong>\u1d52<\/strong><strong>1 powinien trafi\u0107 w\u0142a\u015bnie do Ciebie?\u201d<\/strong> i umie\u015bci\u0107 j\u0105 w komentarzu pod postem konkursowym. Wygrywa autor&nbsp;najlepszej odpowiedzi, wybranej przez YONELLE.<\/p>\n<p><strong>REGULAMIN<\/strong> \u00a7 1. POSTANOWIENIA OG\u00d3LNE 1. Organizatorem konkursu <strong>\u201eDlaczego Liftinguj\u0105cy Krem Infuzyjny N<\/strong><strong>\u1d52<\/strong><strong>1 powinien trafi\u0107 w\u0142a\u015bnie do Ciebie?\u201d<\/strong> zwanego dalej \u201eKonkursem\u201d, jest: YONELLE beauty concept Zwoli\u0144ska Che\u0142kowska sp\u00f3\u0142ka jawna <a href=\"https:\/\/www.yonelle.pl\/\">www.yonelle.pl <\/a><a href=\"http:\/\/www.facebook.com\/KosmetykiYONELLE%20\">www.facebook.com\/KosmetykiYONELLE <\/a>ul. Gen. J. Zaj\u0105czka 9a \/ 24 01-518 Warszawa NIP: 5252570277 Organizator przeprowadza Konkurs, korzystaj\u0105c z fanpage na portalu&nbsp;<a href=\"http:\/\/facebook.com.\/\">facebook.com.<\/a>&nbsp;Prace konkursowe b\u0119d\u0105 prezentowane w ramach portalu spo\u0142eczno\u015bciowego Facebook <a href=\"http:\/\/www.facebook.com\/\">http:\/\/www.facebook.com<\/a>&nbsp;(dalej \u201eSerwis Facebook\u201d) na stronie \u201eYONELLE\u201d znajduj\u0105cej si\u0119 pod linkiem: <a href=\"http:\/\/www.facebook.com\/KosmetykiYONELLE%20\">www.facebook.com\/KosmetykiYONELLE <\/a><\/p>\n<ol>\n<li>Konkurs b\u0119dzie trwa\u0142 od dnia 13.02.2015 r. do godz. 23:59 dnia 15.02.2015 r.<\/li>\n<li>Portal&nbsp;<a href=\"http:\/\/facebook.com\/\">Facebook.com<\/a>&nbsp;nie jest organizatorem ani wsp\u00f3\u0142organizatorem konkursu<\/li>\n<\/ol>\n<p>\u00a7 2. WARUNKI UCZESTNICTWA<\/p>\n<ol>\n<li>Uczestnikiem Konkursu mo\u017ce by\u0107 ka\u017cda osoba fizyczna, kt\u00f3ra jest osob\u0105 pe\u0142noletni\u0105.<\/li>\n<li>Bior\u0105c udzia\u0142 w Konkursie Uczestnik wyra\u017ca zgod\u0119 na zasady Konkursu okre\u015blone w Regulaminie.<\/li>\n<li>Warunkiem udzia\u0142u w Konkursie jest opublikowanie odpowiedzi na pytanie <strong>\u201eDlaczego Liftinguj\u0105cy Krem Infuzyjny N<\/strong><strong>\u1d52<\/strong><strong>1 powinien trafi\u0107 w\u0142a\u015bnie do Ciebie?\u201d<\/strong> pod postem konkursowym w terminie trwania konkursu.<\/li>\n<\/ol>\n<p>\u00a7 3. ZASADY KONKURSU<\/p>\n<ol>\n<li>Zadaniem Uczestnika Konkursu jest samodzielne przygotowanie odpowiedzi na pytanie <strong>\u201eDlaczego Liftinguj\u0105cy Krem Infuzyjny N<\/strong><strong>\u1d52<\/strong><strong>1 powinien trafi\u0107 w\u0142a\u015bnie do Ciebie?\u201d<\/strong> i umieszczenie jej w formie komentarza pod postem konkursowym (Ca\u0142kowity <em>zakaz umieszczania<\/em>&nbsp;w komentarzach&nbsp;<em>tre\u015bci<\/em>&nbsp;pornograficznych,&nbsp;<em>politycznie&nbsp;<\/em>ekstremistycznych,&nbsp;<em>obra\u017aliwych<\/em>, ofert handlowych, zabronionych przez prawo i powszechnie uznanych za moralnie&nbsp;<em>niepoprawne<\/em>&nbsp;(kontrowersyjne).<\/li>\n<li>Zg\u0142oszenie do udzia\u0142u w Konkursie nast\u0119puje poprzez wstawienie komentarza pod postem konkursowym<\/li>\n<li>Uczestnik b\u0119d\u0105cy jednocze\u015bnie autorem odpowiedzi w my\u015bl niniejszego regulaminu udziela licencji na wykorzystanie przez Organizatora jej tre\u015bci na potrzeby strony \u201eYONELLE\u201d.<\/li>\n<li>Wyboru zwyci\u0119zc\u00f3w dokona zesp\u00f3\u0142 PR w firmie YONELLE spo\u015br\u00f3d opublikowanych opinii po up\u0142ywie terminu trwania Konkursu tj. maksymalnie po tygodniu od opublikowania zdj\u0119cia.<\/li>\n<li>Informacje o wynikach konkursu zostan\u0105 podane na stronie \u201eYONELLE\u201d, a Uczestnik b\u0119d\u0105cy zwyci\u0119zc\u0105 zostanie poinformowany poprzez wys\u0142anie wiadomo\u015bci na jego prywatne konto w Serwisie Facebook lub poprzez oznaczenie w komentarzu pod zdj\u0119ciem konkursowym.<\/li>\n<\/ol>\n<p>\u00a7 4. NAGRODY<\/p>\n<ol>\n<li>Nagrod\u0105 jest&nbsp;kosmetyk marki YONELLE \u2013 Liftinguj\u0105cy Krem Infuzyjny N\u1d521<\/li>\n<li>Fundatorem nagrody jest YONELLE beauty concept Zwoli\u0144ska Che\u0142kowska sp\u00f3\u0142ka jawna (<a href=\"https:\/\/www.yonelle.pl\/\">www.yonelle.pl<\/a>)<\/li>\n<li>W celu przekazania przez Organizatora nagrody, zwyci\u0119zca Konkursu w ci\u0105gu 7 dni od daty otrzymania wiadomo\u015bci o wygranej, zobowi\u0105zany jest przes\u0142a\u0107 w wiadomo\u015bci zwrotnej swoje dane takie jak imi\u0119, nazwisko, adres zamieszkania, adres e-mail oraz telefon kontaktowy<strong>.<\/strong><\/li>\n<li>Nagroda zostanie wys\u0142ana na adres wskazany przez jej zwyci\u0119zc\u0119 w ci\u0105gu 14 dni roboczych od daty otrzymania pe\u0142nych danych kontaktowych od zwyci\u0119zcy konkursu.<\/li>\n<li>Organizator ponosi koszty przesy\u0142ki nagr\u00f3d przyznanych w Konkursie. Dostarczenie nagrody jest mo\u017cliwe tylko na terenie Polski.<\/li>\n<\/ol>\n<p>\u00a7 5. REKLAMACJE<\/p>\n<ol>\n<li>Uwagi do konkursu mog\u0105 by\u0107 reklamowane przez Uczestnika w terminie do 7 dni od zaistnienia uchybienia. U\u017cytkownik powinien przes\u0142a\u0107 reklamacj\u0119 w prywatnej wiadomo\u015bci do strony YONELLE na portalu&nbsp;<a href=\"http:\/\/facebook.com\/\">facebook.com<\/a>, w tytule wiadomo\u015bci wpisuj\u0105c has\u0142o: \u201eREKLAMACJA KONKURSU\u201d. U\u017cytkownik jest zobowi\u0105zany do podania w reklamacji:\n<ol>\n<li>wyra\u017anego oznaczenia Uczestnika, pozwalaj\u0105cego na jego identyfikacj\u0119<\/li>\n<li>wyra\u017anego okre\u015blenia przedmiotu zastrze\u017ce\u0144 wraz z uzasadnieniem przyczyny ich wniesienia<\/li>\n<li>dok\u0142adnej daty zdarzenia (dzie\u0144-miesi\u0105c-rok).<\/li>\n<li>Zg\u0142oszenia reklamacyjne b\u0119d\u0105 na bie\u017c\u0105co rozpatrywane w terminie nie d\u0142u\u017cszym ni\u017c 14 dni od zg\u0142oszenia reklamacji, jednak Organizator zastrzega sobie prawo pozostawienia reklamacji bez odpowiedzi, je\u017celi dotyczy ona dysfunkcji wynikaj\u0105cych z nieznajomo\u015bci Regulaminu lub niezastosowania si\u0119 przez U\u017cytkownika do wskaz\u00f3wek udzielanych na bie\u017c\u0105co na \u0142amach strony konkursowej kt\u00f3r\u0105 jest strona ze zdj\u0119ciem konkursowym.<\/li>\n<li>Rozpatrzenie reklamacji przez Organizatora jest ostateczne.<\/li>\n<li>Wszelkie roszczenia z tytu\u0142u Konkursu zg\u0142oszone po up\u0142ywie terminu okre\u015blonego w ust. 1 nie b\u0119d\u0105 rozpatrywane.<\/li>\n<\/ol>\n<\/li>\n<\/ol>\n<p>\u00a7 6. POSTANOWIENIA KO\u0143COWE 1. Organizator o\u015bwiadcza, \u017ce Konkurs nie jest gr\u0105 losow\u0105, loteri\u0105 fantow\u0105, zak\u0142adem wzajemnym, loteri\u0105 promocyjn\u0105, gr\u0105 kt\u00f3rej wynik zale\u017cy od przypadku, ani \u017cadn\u0105 inn\u0105 form\u0105 przewidzian\u0105 w ustawie z dnia 29 lipca 1992 r. o grach i zak\u0142adach wzajemnych (Dz. U. z 2004 r. Nr 4, poz. 27, z p\u00f3\u017an. zm.). Administratorem danych osobowych w konkursie jest: YONELLE beauty concept Zwoli\u0144ska Che\u0142kowska sp\u00f3\u0142ka jawna <a href=\"https:\/\/www.yonelle.pl\/\">www.yonelle.pl <\/a><a href=\"http:\/\/www.facebook.com\/KosmetykiYONELLE%20\">www.facebook.com\/KosmetykiYONELLE <\/a>ul. Gen. J. Zaj\u0105czka 9a \/ 24 01-518 Warszawa NIP: 5252570277 2. Dane osobowe uczestnik\u00f3w Konkursu b\u0119d\u0105 wykorzystywane wy\u0142\u0105cznie w celach przeprowadzenia Konkursu zgodnie z zasadami Regulaminu. Uczestnictwo w Konkursie jest jednoznaczne z wyra\u017ceniem zgody przez uczestnika na przetwarzanie jego danych osobowych w celu realizacji Konkursu, zgodnie z ustaw\u0105 z dnia 29 sierpnia 1997 roku o ochronie danych osobowych. Uczestnik ma prawo do wgl\u0105du i sprostowania jego danych osobowych. Podanie przez uczestnika Konkursu danych osobowych jest dobrowolne. 3. Organizator nie ponosi odpowiedzialno\u015bci za jakiekolwiek zak\u0142\u00f3cenia w dzia\u0142aniu \u0142\u0105cz teleinformatycznych, serwer\u00f3w, interfejs\u00f3w, przegl\u0105darek oraz platformy Facebook . 4. Wszelkie spory mog\u0105ce wynikn\u0105\u0107 w zwi\u0105zku z realizacj\u0105 Konkursu b\u0119d\u0105 rozstrzygane przez s\u0105d w\u0142a\u015bciwy miejscowo dla siedziby Organizatora. 5. W sprawach nieuregulowanych niniejszym Regulaminem stosuje si\u0119 odpowiednie przepisy Kodeksu Cywilnego. Organizator uprawniony jest do dokonywania zmian w regulaminie w ka\u017cdym czasie. 6. Regulamin wchodzi w \u017cycie w dniu rozpocz\u0119cia Konkursu.<\/p>\n","protected":false},"excerpt":{"rendered":"<p>\u201eDlaczego Liftinguj\u0105cy Krem Infuzyjny N\u1d521 powinien trafi\u0107 w\u0142a\u015bnie do Ciebie?\u201d Co zrobi\u0107, \u017ceby wygra\u0107? Aby wygra\u0107 wystarczy samodzielnie stworzy\u0107 odpowied\u017a na pytanie&nbsp;\u201eDlaczego Liftinguj\u0105cy Krem Infuzyjny N\u1d521 powinien trafi\u0107 w\u0142a\u015bnie do Ciebie?\u201d i umie\u015bci\u0107 j\u0105 w komentarzu pod postem konkursowym. Wygrywa [&hellip;]<\/p>\n","protected":false},"author":12719,"featured_media":0,"parent":0,"menu_order":0,"comment_status":"open","ping_status":"open","template":"","meta":{"_acf_changed":false,"inline_featured_image":false,"footnotes":""},"class_list":["post-188898","page","type-page","status-publish","hentry"],"acf":[],"_links":{"self":[{"href":"https:\/\/www.yonelle.pl\/en\/wp-json\/wp\/v2\/pages\/188898","targetHints":{"allow":["GET"]}}],"collection":[{"href":"https:\/\/www.yonelle.pl\/en\/wp-json\/wp\/v2\/pages"}],"about":[{"href":"https:\/\/www.yonelle.pl\/en\/wp-json\/wp\/v2\/types\/page"}],"author":[{"embeddable":true,"href":"https:\/\/www.yonelle.pl\/en\/wp-json\/wp\/v2\/users\/12719"}],"replies":[{"embeddable":true,"href":"https:\/\/www.yonelle.pl\/en\/wp-json\/wp\/v2\/comments?post=188898"}],"version-history":[{"count":1,"href":"https:\/\/www.yonelle.pl\/en\/wp-json\/wp\/v2\/pages\/188898\/revisions"}],"predecessor-version":[{"id":188903,"href":"https:\/\/www.yonelle.pl\/en\/wp-json\/wp\/v2\/pages\/188898\/revisions\/188903"}],"wp:attachment":[{"href":"https:\/\/www.yonelle.pl\/en\/wp-json\/wp\/v2\/media?parent=188898"}],"curies":[{"name":"wp","href":"https:\/\/api.w.org\/{rel}","templated":true}]}}