{"id":188872,"date":"2020-02-05T10:31:00","date_gmt":"2020-02-05T09:31:00","guid":{"rendered":"http:\/\/www.yonelle.pl\/?page_id=188872"},"modified":"2025-02-28T12:32:29","modified_gmt":"2025-02-28T11:32:29","slug":"marka-yonelle","status":"publish","type":"page","link":"https:\/\/www.yonelle.pl\/en\/marka-yonelle\/","title":{"rendered":"About Yonelle"},"content":{"rendered":"<div class=\"wpb-content-wrapper\"><p>[vc_row][vc_column][rev_slider_vc alias=&#8221;omarce1-en&#8221; enable_paspartu=&#8221;no&#8221;][\/vc_column][\/vc_row][vc_row row_content_width=&#8221;grid&#8221;][vc_column][rev_slider_vc alias=&#8221;omarce2-en&#8221; enable_paspartu=&#8221;no&#8221;][vc_column_text css_animation=&#8221;none&#8221; css=&#8221;.vc_custom_1583407318630{padding-bottom: 80px !important;}&#8221; el_id=&#8221;czytajsobiecochcesz&#8221; el_class=&#8221;hiddenbydefault canbenothiddenifyouwantto&#8221;]<span style=\"color: #000000;\"><em><span style=\"font-family: 'Times New Roman', Times; font-size: 14pt;\">The groundbreaking idea, which has its source in our many years of practice and scientific analysis, has become the starting point for the creation of YONELLE: \u201cTO USE ALL THE LATEST ACTIVE ANTI-WRINKLE INGREDIENTS IN COSMETICS IS NOT THE ISSUE. THE TRICK IS TO MAKE THEM BREAK THROUGH THE EPIDERMIS BARRIER, WHICH IS TYPICALLY UNBREAKABLE. ONLY THEN CAN THEY WORK EFFECTIVELY. THIS IS THE BIGGEST CHALLENGE OF COSMETOLOGY IN THE 21ST CENTURY.<\/span><\/em><\/span><br \/>\n<span style=\"color: #000000;\"><em><span style=\"font-family: 'Times New Roman', Times; font-size: 14pt;\">We decided to face this challenge when we discovered NANODISCS&#x2122; \u2013 a British invention covered by the global pharmaceutical-cosmetic patent in 2010. These are innovative carriers formed as flat discs filled with active substances that can transport them down to the 14th layer of epidermal cells &#8211; this is a real revolution! And this was the discovery which became the basis of our innovative concept of SKIN PENETRATION REVOLUTION&#x2122;, which became the hallmark of the YONELLE brand.<\/span><\/em><\/span><br \/>\n<span style=\"color: #000000;\"><em><span style=\"font-family: 'Times New Roman', Times; font-size: 14pt;\">We have managed to create a new quality of cosmetics, delighting women with the spectacular anti-aging effect and giving the skin incredible smoothness immediately after application! This is the YONELLE trademark. We also pay attention to the sensory side of the products, their captivating fragrance and the luxurious packaging full of feminine charm.<\/span><\/em><\/span>[\/vc_column_text][\/vc_column][\/vc_row][vc_row][vc_column][rev_slider_vc alias=&#8221;omarce8innowacje-11&#8243; enable_paspartu=&#8221;no&#8221;][\/vc_column][\/vc_row][vc_row][vc_column][rev_slider_vc alias=&#8221;omarce4-11&#8243; enable_paspartu=&#8221;no&#8221;][\/vc_column][\/vc_row][vc_row][vc_column][rev_slider_vc alias=&#8221;omarce8podarunek-11&#8243; enable_paspartu=&#8221;no&#8221;][\/vc_column][\/vc_row][vc_row][vc_column][rev_slider_vc alias=&#8221;omarce3-en&#8221; enable_paspartu=&#8221;no&#8221;][\/vc_column][\/vc_row][vc_row disable_element=&#8221;yes&#8221;][vc_column][rev_slider_vc alias=&#8221;omarce5-en&#8221; enable_paspartu=&#8221;no&#8221;][\/vc_column][\/vc_row][vc_row][vc_column][rev_slider_vc alias=&#8221;omarce6-en&#8221; enable_paspartu=&#8221;no&#8221;][\/vc_column][\/vc_row][vc_row][vc_column][rev_slider_vc alias=&#8221;omarce9videofull&#8221; enable_paspartu=&#8221;no&#8221;][\/vc_column][\/vc_row][vc_row full_width=&#8221;stretch_row&#8221; disable_element=&#8221;yes&#8221; disable_background_image=&#8221;&#8221; css=&#8221;.vc_custom_1588761563800{padding-top: 60px !important;padding-bottom: 60px !important;}&#8221; simple_background_image=&#8221;73371&#8243;][vc_column]<div class=\"mkdf-section-title-holder   mkdf-st-subtitle-pos-under\" style=\"text-align: center\">\n\t<div class=\"mkdf-st-inner\">\n\t\t\t\t\t\t\t<h2 class=\"mkdf-st-title\" >\n\t\t\t\tJoin Yonelle!\t\t\t<\/h2>\n\t\t                    <h5 class=\"mkdf-st-subtitle\" >\n                Sign-up for our newsletter and receive the welcome coupon for your first order!            <\/h5>\n        \t\t\t<\/div>\n<\/div>[vc_empty_space height=&#8221;20&#8243;][vc_column_text]<div id=\"newsletter-box\"><div id=\"newsletter-form\">\n<div class=\"wpcf7 no-js\" id=\"wpcf7-f393075-o1\" lang=\"pl-PL\" dir=\"ltr\" data-wpcf7-id=\"393075\">\n<div class=\"screen-reader-response\"><p role=\"status\" aria-live=\"polite\" aria-atomic=\"true\"><\/p> <ul><\/ul><\/div>\n<form action=\"\/en\/wp-json\/wp\/v2\/pages\/188872#wpcf7-f393075-o1\" method=\"post\" class=\"wpcf7-form init\" aria-label=\"Formularz kontaktowy\" novalidate=\"novalidate\" data-status=\"init\">\n<fieldset class=\"hidden-fields-container\"><input type=\"hidden\" name=\"_wpcf7\" value=\"393075\" \/><input type=\"hidden\" name=\"_wpcf7_version\" value=\"6.1.2\" \/><input type=\"hidden\" name=\"_wpcf7_locale\" value=\"pl_PL\" \/><input type=\"hidden\" name=\"_wpcf7_unit_tag\" value=\"wpcf7-f393075-o1\" \/><input type=\"hidden\" name=\"_wpcf7_container_post\" value=\"0\" \/><input type=\"hidden\" name=\"_wpcf7_posted_data_hash\" value=\"\" \/><input type=\"hidden\" name=\"_wpcf7_recaptcha_response\" value=\"\" \/>\n<\/fieldset>\n<div class=\"newsletter-box-fields\" style=\"max-width: 87.5%;\">\n\t<div class=\"newsletter-box-field\">\n\t   <input size=\"40\" maxlength=\"400\" class=\"wpcf7-form-control wpcf7-text wpcf7-validates-as-required newsletter-input\" aria-required=\"true\" aria-invalid=\"false\" placeholder=\"Imi\u0119\" value=\"\" type=\"text\" name=\"you_name\" \/>\n\t<\/div>\n\t<div class=\"newsletter-box-field\">\n\t   <input size=\"40\" maxlength=\"400\" class=\"wpcf7-form-control wpcf7-text wpcf7-validates-as-required newsletter-input\" id=\"sub_top_email\" aria-required=\"true\" aria-invalid=\"false\" placeholder=\"Adres e-mail\" value=\"\" type=\"text\" name=\"email\" \/>\n\t<\/div>\n        <p class=\"custom-consent-content\" style=\"font-size: 12px; margin-top: 10px;\">Administratorem danych jest JM INNOVATIVE COSMETICS sp. z o.o., ul. Gen. J\u00f3zefa Zaj\u0105czka 9A\/24, 01-518 Warszawa, kontakt: sklep@yonelle.pl. Dane b\u0119dziemy przetwarza\u0107 w celach marketingowych, w tym do przesy\u0142ania komunikat\u00f3w marketingowych na podany adres e-mail. Mo\u017cesz zawsze cofn\u0105\u0107 zgody m.in. pisz\u0105c na ww. adres e-mail. Masz tak\u017ce prawo: dost\u0119pu do swoich danych, ich sprostowania, usuni\u0119cia, ograniczenia przetwarzania oraz przenoszenia, sprzeciwu wobec przetwarzania danych, a tak\u017ce z\u0142o\u017cenia skargi dotycz\u0105cej przetwarzania danych. <a target=\"_blank\" rel=\"noopener noreferrer\" href=\"https:\/\/www.yonelle.pl\/polityka-prywatnosci\/\">Tutaj<\/a> dowiesz si\u0119 wi\u0119cej o tym, jak chronimy Twoje dane.<\/p>\n<\/div>\n<div style=\"max-width: 87.5%;\">\n<input type=\"hidden\" name=\"webform_id\" value=\"13098302\" \/>\n<input type='hidden' name='accepted_getresponse' value='on' \/>\n<\/div>\n<div class=\"newsletter-box-field\">\n\t<input class=\"wpcf7-form-control wpcf7-submit has-spinner wf-button mkdf-btn mkdf-btn-small mkdf-btn-underline mkdf-ss-link\" id=\"sub_top_email_subm\" type=\"submit\" value=\"TAK, CHC\u0118 DO\u0141\u0104CZY\u0106\" \/>\n<\/div>\n\n<style>\n.custom-consent-content a{\ntext-decoration: underline;\n}\n<\/style><div class=\"wpcf7-response-output\" aria-hidden=\"true\"><\/div>\n<\/form>\n<\/div>\n<\/div><\/div>[\/vc_column_text][vc_empty_space height=&#8221;20&#8243;][\/vc_column][\/vc_row]<\/p>\n<\/div>","protected":false},"excerpt":{"rendered":"<p>[vc_row][vc_column][rev_slider_vc alias=&#8221;omarce1-en&#8221; enable_paspartu=&#8221;no&#8221;][\/vc_column][\/vc_row][vc_row row_content_width=&#8221;grid&#8221;][vc_column][rev_slider_vc alias=&#8221;omarce2-en&#8221; enable_paspartu=&#8221;no&#8221;][vc_column_text css_animation=&#8221;none&#8221; css=&#8221;.vc_custom_1583407318630{padding-bottom: 80px !important;}&#8221; el_id=&#8221;czytajsobiecochcesz&#8221; el_class=&#8221;hiddenbydefault canbenothiddenifyouwantto&#8221;]The groundbreaking idea, which has its source in our many years of practice and scientific analysis, has become the starting point for the creation of YONELLE: \u201cTO USE [&hellip;]<\/p>\n","protected":false},"author":12719,"featured_media":0,"parent":0,"menu_order":0,"comment_status":"closed","ping_status":"closed","template":"full-width.php","meta":{"_acf_changed":false,"inline_featured_image":false,"footnotes":""},"class_list":["post-188872","page","type-page","status-publish","hentry"],"acf":[],"_links":{"self":[{"href":"https:\/\/www.yonelle.pl\/en\/wp-json\/wp\/v2\/pages\/188872","targetHints":{"allow":["GET"]}}],"collection":[{"href":"https:\/\/www.yonelle.pl\/en\/wp-json\/wp\/v2\/pages"}],"about":[{"href":"https:\/\/www.yonelle.pl\/en\/wp-json\/wp\/v2\/types\/page"}],"author":[{"embeddable":true,"href":"https:\/\/www.yonelle.pl\/en\/wp-json\/wp\/v2\/users\/12719"}],"replies":[{"embeddable":true,"href":"https:\/\/www.yonelle.pl\/en\/wp-json\/wp\/v2\/comments?post=188872"}],"version-history":[{"count":16,"href":"https:\/\/www.yonelle.pl\/en\/wp-json\/wp\/v2\/pages\/188872\/revisions"}],"predecessor-version":[{"id":486810,"href":"https:\/\/www.yonelle.pl\/en\/wp-json\/wp\/v2\/pages\/188872\/revisions\/486810"}],"wp:attachment":[{"href":"https:\/\/www.yonelle.pl\/en\/wp-json\/wp\/v2\/media?parent=188872"}],"curies":[{"name":"wp","href":"https:\/\/api.w.org\/{rel}","templated":true}]}}